{"id":685,"date":"2025-04-24T15:38:14","date_gmt":"2025-04-24T15:38:14","guid":{"rendered":"https:\/\/www.errebi-group.com\/?page_id=685"},"modified":"2025-07-01T15:32:19","modified_gmt":"2025-07-01T15:32:19","slug":"produzione-quadri-elettrici","status":"publish","type":"page","link":"https:\/\/www.errebi-group.com\/it\/produzione-quadri-elettrici","title":{"rendered":"Produzione quadri elettrici"},"content":{"rendered":"<p>La produzione di quadri elettrici avviene attraverso <strong>step ben distinti tra loro e monitorati nei minimi particolari da software di gestione e personale specializzato<\/strong>, allo scopo di minimizzare eventuali errori e fornire al cliente un prodotto di elevata qualit\u00e0. <strong>La capacit\u00e0 di differenziazione operativa dei nostri reparti<\/strong> ci permette di provvedere anche all\u2019automatizzazione della cablatura dei quadri, che avviene grazie a <strong>specifici macchinari di produzione<\/strong> che difficilmente sono in possesso dei classici quadristi. La possibilit\u00e0 di provvedere egualmente sia al quadro elettrico che al suo cablaggio ci offre cos\u00ec la possibilit\u00e0 di intervenire in differenti settori ed eventualmente anche a sostegno di aziende dello stesso settore, <strong>cabland\u00f2 a mano i quadri unici ma occupandoci allo stesso tempo dell\u2019intera produzione ed installazione dei quadri in serie<\/strong>.<\/p>\n<div style=\"height: 48px;\"><\/div>\n<h2>Processo di produzione<\/h2>\n<p>La prima fase del processo di produzione \u00e8 <strong>il contatto con il cliente<\/strong>, durante la quale viene fatta <strong>una valutazione preliminare<\/strong>, fondamentale per poter indicare una risposta adeguata per quanto riguarda <strong>la fattibilit\u00e0 del servizio e soprattutto le tempistiche esatte<\/strong> per provvedere alla produzione e la consegna. Una volta analizzati i dettagli della richiesta del cliente, viene elaborato <strong>un preventivo sul servizio completo da svolgere in tutti i suoi dettagli<\/strong>, presentato con una tabella dei costi ed una possibile data di spedizione. Come detto in precedenza, ogni fase della produzione viene minuziosamente seguita sia dal software addetto che da operatori specializzati, <strong>minimizzando la possibilit\u00e0 di errori e verificando la qualit\u00e0 del prodotto finale con test e collaudi finali<\/strong>. La consegna al cliente avverr\u00e0, dunque, soltanto al termine di <strong>attente verifiche qualitative<\/strong>, in rispetto delle richieste iniziali ed in previsione di possibili difficolt\u00e0 o problematiche che potrebbero avvenire nel tempo.<\/p>\n<div style=\"height: 48px;\"><\/div>\n<h2>Ricezione dello schema e delle specifiche<\/h2>\n<p>Per garantire <strong>un processo lineare ed un quadro elettrico di qualit\u00e0<\/strong>, \u00e8 fondamentale che il cliente garantisca <strong>la pi\u00f9 completa collaborazione nel fornire dati precisi ed accurati sul servizio richiesto<\/strong>. Permettere ai nostri esperti <strong>un\u2019analisi preliminare efficace<\/strong> \u00e8 nel pi\u00f9 totale interesse del cliente, poich\u00e9 in questo modo sar\u00e0 possibile evitare ulteriori verifiche, chiarimenti, richieste e sopralluoghi, inevitabili per poter avviare la produzione in maniera efficace ma che impiegherebbero tempo altres\u00ec utilizzabile nell\u2019avvio immediato dei lavori. Per poter stilare <strong>un preventivo dettagliato ed affidabile<\/strong> \u00e8 necessario che il nostro personale venga a conoscenza di ogni singola specifica del progetto da intraprendere, cosa possibile soltanto alla ricezione di tutti gli elementi necessari.<\/p>\n<div style=\"height: 48px;\"><\/div>\n<h2>Formulazione dell&#8217;offerta<\/h2>\n<p>Alla ricezione di tutte le informazioni necessarie all\u2019analisi preliminare, sar\u00e0 possibile <strong>formulare un preventivo dettagliato che illustri al cliente costi e tempistiche di consegna<\/strong>. Chiaramente, il tutto pu\u00f2 variare a seconda del volume della produzione e dalla sua complessit\u00e0: <strong>la realizzazione di un quadro elettrico semplice<\/strong> pu\u00f2 essere infatti ben diversa dalla strutturazione di <strong>quadri in serie, che prevedono un sistema di cablaggio da integrare<\/strong>. Come detto, ErreBi ha la possibilit\u00e0 di occuparsi dell\u2019intero progetto grazie a <strong>macchinari e personale specializzato<\/strong>, ma per ogni caso specifico sar\u00e0 necessaria un\u2019analisi ancor pi\u00f9 approfondita ed eventualmente sopralluoghi sul campo per verificare l\u2019esigenza di eventuali strutture o particolari difficolt\u00e0 che si potrebbero incontrare al momento dell\u2019installazione. Tutte le verifiche saranno tenute in conto per <strong>la realizzazione di un preventivo che tenga conto in tutto e per tutto del lavoro da svolgere<\/strong>, offrendo al cliente una proposta trasparente e chiara in ogni suo particolare. Alla conferma del cliente ed in mancanza di anomalie riscontrate nella documentazione fornita, <strong>la produzione pu\u00f2 dunque essere definitivamente avviata<\/strong>.<\/p>\n<div style=\"height: 48px;\"><\/div>\n<h2>Processo di produzione<\/h2>\n<p>L\u2019intero processo di produzione avviene in maniera <strong>totalmente informatizzata<\/strong>, con la documentazione che passa in formato elettronico sugli schemi presenti nelle varie postazioni di lavoro. Il calendario di ogni operatore viene, a questo punto, aggiornato con la nuova commessa, la quale verr\u00e0 lavorata in base alla suddivisione prevista nei giorni stabiliti. <strong>Grazie all\u2019accuratezza del software<\/strong>, \u00e8 possibile monitorare man mano lo stato di avanzamento del prodotto, <strong>risalire a chi lo stia lavorando al momento della verifica<\/strong> e controllare inoltre <strong>l\u2019insorgenza di eventuali anomalie durante il processo di produzione<\/strong> da portare all\u2019attenzione del cliente.<\/p>\n<div style=\"height: 48px;\"><\/div>\n<h2>Collaudo e test di isolamento<\/h2>\n<p>Con il completamento di tutte le fasi di intervento, il processo pu\u00f2 ritenersi terminato soltanto al termine di <strong>un ulteriore controllo della qualit\u00e0 ed un collaudo per verificare la funzionalit\u00e0 del prodotto finale<\/strong>. <strong>Questa fase \u00e8 sicuramente tra le pi\u00f9 delicate del processo<\/strong>, in quanto rappresenta l\u2019ultimo filtro prima dell\u2019installazione del quadro e dunque della fornitura del servizio al cliente finale. ErreBi prevede infatti <strong>collaudi specifici per test di isolamento<\/strong>, eseguiti con precisione e meticolosit\u00e0 per garantire <strong>la pi\u00f9 completa sicurezza dell\u2019apparecchiatura<\/strong>. Spesso a causa di eccessive sollecitazioni meccaniche o termiche \u00e8 possibile che <strong>la bont\u00e0 dell\u2019isolamento dei circuiti<\/strong> venga messa in discussione, attraverso piccoli difetti difficilmente identificabili da un semplice esame a vista. I nostri reparti sono dunque attrezzati per <strong>effettuare prove strumentali in grado di individuare eventuali problemi anche in punti del cablaggio non visibili<\/strong>, sollecitando tensione e temperatura secondo le normative previste ed in base al dispositivo sotto analisi. Solo al superamento di tutti i test, il prodotto potr\u00e0 essere predisposto per la consegna e l\u2019installazione.<\/p>\n<div style=\"height: 48px;\"><\/div>\n<h2>Lavorazioni e tipi di quadri elettrici<\/h2>\n<p>In base alle esigenze del cliente, siamo in grado di <strong>produrre ed installare differenti tipologie di quadri elettrici<\/strong>, sia singoli che in serie con cablaggio automatizzato. La possibilit\u00e0 di <strong>creare quadri elettrici di distribuzione, di automazione e bordo macchina<\/strong> ci apre la possibilit\u00e0 di collaborare con una vasta gamma di settori, riuscendo in ogni caso a fornire un servizio di qualit\u00e0 grazie alla preparazione ed alla professionalit\u00e0 dei nostri esperti.<\/p>\n<p>Il nostro punto di forza \u00e8 quello di <strong>essere attrezzati con macchinari di diversa natura e tipologia<\/strong>, che oltre alle normali tipologie di lavorazioni ci permettono di intraprendere anche altre attivit\u00e0 quali:<\/p>\n<ul>\n<li><strong>Taglio laser e CNC per la lavorazione di carpenteria e piastre di fondo<\/strong><\/li>\n<li><strong>Taglio di barre DIN<\/strong><\/li>\n<li><strong>Taglio, foratura e piegatura di barre in rame e alluminio<\/strong><\/li>\n<li><strong>Saldatura a resistenza per lavorazione di carpenteria<\/strong><\/li>\n<li><strong>Incisione laser e a punta di diamante per serigrafia<\/strong><\/li>\n<\/ul>\n<p><strong>La capacit\u00e0 di svolgere internamente tutte le operazioni<\/strong> e <strong>la preparazione del personale sia in materia di quadristica che di cablaggi<\/strong> ci consentono di lavorare in svariati campi di impiego mantenendo un elevato standard qualitativo.<\/p>\n","protected":false},"excerpt":{"rendered":"<p>La produzione di quadri elettrici avviene attraverso step ben distinti tra loro e monitorati nei minimi particolari da software di gestione e personale specializzato, allo scopo di minimizzare eventuali errori e fornire al cliente un prodotto di elevata qualit\u00e0. La capacit\u00e0 di differenziazione operativa dei nostri reparti ci permette di provvedere anche all\u2019automatizzazione della cablatura [&hellip;]<\/p>\n","protected":false},"author":1,"featured_media":1231,"parent":0,"menu_order":0,"comment_status":"closed","ping_status":"closed","template":"","meta":{"footnotes":""},"class_list":["post-685","page","type-page","status-publish","has-post-thumbnail","hentry"],"yoast_head":"<!-- This site is optimized with the Yoast SEO plugin v27.4 - https:\/\/yoast.com\/product\/yoast-seo-wordpress\/ -->\n<title>Produzione quadri elettrici e realizzazione su commissione<\/title>\n<meta name=\"description\" content=\"Produzione quadri elettrici su commissione, anche in serie. Dallo studio tecnico al collaudo finale, garantiamo qualit\u00e0, velocit\u00e0 e personalizzazione completa.\" \/>\n<meta name=\"robots\" content=\"index, follow, max-snippet:-1, max-image-preview:large, max-video-preview:-1\" \/>\n<link rel=\"canonical\" href=\"https:\/\/www.errebi-group.com\/it\/produzione-quadri-elettrici\" \/>\n<meta property=\"og:locale\" content=\"it_IT\" \/>\n<meta property=\"og:type\" content=\"article\" \/>\n<meta property=\"og:title\" content=\"Produzione quadri elettrici e realizzazione su commissione\" \/>\n<meta property=\"og:description\" content=\"Produzione quadri elettrici su commissione, anche in serie. Dallo studio tecnico al collaudo finale, garantiamo qualit\u00e0, velocit\u00e0 e personalizzazione completa.\" \/>\n<meta property=\"og:url\" content=\"https:\/\/www.errebi-group.com\/it\/produzione-quadri-elettrici\" \/>\n<meta property=\"og:site_name\" content=\"ErreBi Group\" \/>\n<meta property=\"article:publisher\" content=\"https:\/\/www.facebook.com\/errebigroupsrl\" \/>\n<meta property=\"article:modified_time\" content=\"2025-07-01T15:32:19+00:00\" \/>\n<meta property=\"og:image\" content=\"https:\/\/www.errebi-group.com\/wp-content\/uploads\/2025\/04\/produzione-quadri-elettrici-servizi-errebi-group-hero-section.webp\" \/>\n\t<meta property=\"og:image:width\" content=\"1920\" \/>\n\t<meta property=\"og:image:height\" content=\"1080\" \/>\n\t<meta property=\"og:image:type\" content=\"image\/webp\" \/>\n<meta name=\"twitter:card\" content=\"summary_large_image\" \/>\n<meta name=\"twitter:label1\" content=\"Tempo di lettura stimato\" \/>\n\t<meta name=\"twitter:data1\" content=\"6 minuti\" \/>\n<script type=\"application\/ld+json\" class=\"yoast-schema-graph\">{\"@context\":\"https:\\\/\\\/schema.org\",\"@graph\":[{\"@type\":\"WebPage\",\"@id\":\"https:\\\/\\\/www.errebi-group.com\\\/it\\\/produzione-quadri-elettrici\",\"url\":\"https:\\\/\\\/www.errebi-group.com\\\/it\\\/produzione-quadri-elettrici\",\"name\":\"Produzione quadri elettrici e realizzazione su commissione\",\"isPartOf\":{\"@id\":\"https:\\\/\\\/www.errebi-group.com\\\/it\\\/#website\"},\"primaryImageOfPage\":{\"@id\":\"https:\\\/\\\/www.errebi-group.com\\\/it\\\/produzione-quadri-elettrici#primaryimage\"},\"image\":{\"@id\":\"https:\\\/\\\/www.errebi-group.com\\\/it\\\/produzione-quadri-elettrici#primaryimage\"},\"thumbnailUrl\":\"https:\\\/\\\/www.errebi-group.com\\\/wp-content\\\/uploads\\\/2025\\\/04\\\/produzione-quadri-elettrici-servizi-errebi-group-hero-section.webp\",\"datePublished\":\"2025-04-24T15:38:14+00:00\",\"dateModified\":\"2025-07-01T15:32:19+00:00\",\"description\":\"Produzione quadri elettrici su commissione, anche in serie. Dallo studio tecnico al collaudo finale, garantiamo qualit\u00e0, velocit\u00e0 e personalizzazione completa.\",\"breadcrumb\":{\"@id\":\"https:\\\/\\\/www.errebi-group.com\\\/it\\\/produzione-quadri-elettrici#breadcrumb\"},\"inLanguage\":\"it-IT\",\"potentialAction\":[{\"@type\":\"ReadAction\",\"target\":[\"https:\\\/\\\/www.errebi-group.com\\\/it\\\/produzione-quadri-elettrici\"]}]},{\"@type\":\"ImageObject\",\"inLanguage\":\"it-IT\",\"@id\":\"https:\\\/\\\/www.errebi-group.com\\\/it\\\/produzione-quadri-elettrici#primaryimage\",\"url\":\"https:\\\/\\\/www.errebi-group.com\\\/wp-content\\\/uploads\\\/2025\\\/04\\\/produzione-quadri-elettrici-servizi-errebi-group-hero-section.webp\",\"contentUrl\":\"https:\\\/\\\/www.errebi-group.com\\\/wp-content\\\/uploads\\\/2025\\\/04\\\/produzione-quadri-elettrici-servizi-errebi-group-hero-section.webp\",\"width\":1920,\"height\":1080,\"caption\":\"Tecnico al lavoro su quadro elettrico industriale con cavi rossi e componenti modulari\"},{\"@type\":\"BreadcrumbList\",\"@id\":\"https:\\\/\\\/www.errebi-group.com\\\/it\\\/produzione-quadri-elettrici#breadcrumb\",\"itemListElement\":[{\"@type\":\"ListItem\",\"position\":1,\"name\":\"Home\",\"item\":\"https:\\\/\\\/www.errebi-group.com\\\/it\"},{\"@type\":\"ListItem\",\"position\":2,\"name\":\"Produzione quadri elettrici\"}]},{\"@type\":\"WebSite\",\"@id\":\"https:\\\/\\\/www.errebi-group.com\\\/it\\\/#website\",\"url\":\"https:\\\/\\\/www.errebi-group.com\\\/it\\\/\",\"name\":\"Errebi Group - Azienda produttrice di Cablaggi e Quadri Elettrici\",\"description\":\"Azienda produttrice di Cablaggi e Quadri Elettrici\",\"publisher\":{\"@id\":\"https:\\\/\\\/www.errebi-group.com\\\/it\\\/#organization\"},\"potentialAction\":[{\"@type\":\"SearchAction\",\"target\":{\"@type\":\"EntryPoint\",\"urlTemplate\":\"https:\\\/\\\/www.errebi-group.com\\\/it\\\/?s={search_term_string}\"},\"query-input\":{\"@type\":\"PropertyValueSpecification\",\"valueRequired\":true,\"valueName\":\"search_term_string\"}}],\"inLanguage\":\"it-IT\"},{\"@type\":\"Organization\",\"@id\":\"https:\\\/\\\/www.errebi-group.com\\\/it\\\/#organization\",\"name\":\"Errebi Group\",\"url\":\"https:\\\/\\\/www.errebi-group.com\\\/it\\\/\",\"logo\":{\"@type\":\"ImageObject\",\"inLanguage\":\"it-IT\",\"@id\":\"https:\\\/\\\/www.errebi-group.com\\\/it\\\/#\\\/schema\\\/logo\\\/image\\\/\",\"url\":\"https:\\\/\\\/www.errebi-group.com\\\/wp-content\\\/uploads\\\/2025\\\/04\\\/logo-errebi-group-payoff-white-website.png\",\"contentUrl\":\"https:\\\/\\\/www.errebi-group.com\\\/wp-content\\\/uploads\\\/2025\\\/04\\\/logo-errebi-group-payoff-white-website.png\",\"width\":610,\"height\":100,\"caption\":\"Errebi Group\"},\"image\":{\"@id\":\"https:\\\/\\\/www.errebi-group.com\\\/it\\\/#\\\/schema\\\/logo\\\/image\\\/\"},\"sameAs\":[\"https:\\\/\\\/www.facebook.com\\\/errebigroupsrl\",\"https:\\\/\\\/www.instagram.com\\\/errebi.group?igsh=cGNzN3FpcDFqNm1i\",\"https:\\\/\\\/www.linkedin.com\\\/company\\\/errebigroup\\\/?originalSubdomain=it\",\"https:\\\/\\\/www.youtube.com\\\/@errebigroup\"]}]}<\/script>\n<!-- \/ Yoast SEO plugin. -->","yoast_head_json":{"title":"Produzione quadri elettrici e realizzazione su commissione","description":"Produzione quadri elettrici su commissione, anche in serie. Dallo studio tecnico al collaudo finale, garantiamo qualit\u00e0, velocit\u00e0 e personalizzazione completa.","robots":{"index":"index","follow":"follow","max-snippet":"max-snippet:-1","max-image-preview":"max-image-preview:large","max-video-preview":"max-video-preview:-1"},"canonical":"https:\/\/www.errebi-group.com\/it\/produzione-quadri-elettrici","og_locale":"it_IT","og_type":"article","og_title":"Produzione quadri elettrici e realizzazione su commissione","og_description":"Produzione quadri elettrici su commissione, anche in serie. Dallo studio tecnico al collaudo finale, garantiamo qualit\u00e0, velocit\u00e0 e personalizzazione completa.","og_url":"https:\/\/www.errebi-group.com\/it\/produzione-quadri-elettrici","og_site_name":"ErreBi Group","article_publisher":"https:\/\/www.facebook.com\/errebigroupsrl","article_modified_time":"2025-07-01T15:32:19+00:00","og_image":[{"width":1920,"height":1080,"url":"https:\/\/www.errebi-group.com\/wp-content\/uploads\/2025\/04\/produzione-quadri-elettrici-servizi-errebi-group-hero-section.webp","type":"image\/webp"}],"twitter_card":"summary_large_image","twitter_misc":{"Tempo di lettura stimato":"6 minuti"},"schema":{"@context":"https:\/\/schema.org","@graph":[{"@type":"WebPage","@id":"https:\/\/www.errebi-group.com\/it\/produzione-quadri-elettrici","url":"https:\/\/www.errebi-group.com\/it\/produzione-quadri-elettrici","name":"Produzione quadri elettrici e realizzazione su commissione","isPartOf":{"@id":"https:\/\/www.errebi-group.com\/it\/#website"},"primaryImageOfPage":{"@id":"https:\/\/www.errebi-group.com\/it\/produzione-quadri-elettrici#primaryimage"},"image":{"@id":"https:\/\/www.errebi-group.com\/it\/produzione-quadri-elettrici#primaryimage"},"thumbnailUrl":"https:\/\/www.errebi-group.com\/wp-content\/uploads\/2025\/04\/produzione-quadri-elettrici-servizi-errebi-group-hero-section.webp","datePublished":"2025-04-24T15:38:14+00:00","dateModified":"2025-07-01T15:32:19+00:00","description":"Produzione quadri elettrici su commissione, anche in serie. Dallo studio tecnico al collaudo finale, garantiamo qualit\u00e0, velocit\u00e0 e personalizzazione completa.","breadcrumb":{"@id":"https:\/\/www.errebi-group.com\/it\/produzione-quadri-elettrici#breadcrumb"},"inLanguage":"it-IT","potentialAction":[{"@type":"ReadAction","target":["https:\/\/www.errebi-group.com\/it\/produzione-quadri-elettrici"]}]},{"@type":"ImageObject","inLanguage":"it-IT","@id":"https:\/\/www.errebi-group.com\/it\/produzione-quadri-elettrici#primaryimage","url":"https:\/\/www.errebi-group.com\/wp-content\/uploads\/2025\/04\/produzione-quadri-elettrici-servizi-errebi-group-hero-section.webp","contentUrl":"https:\/\/www.errebi-group.com\/wp-content\/uploads\/2025\/04\/produzione-quadri-elettrici-servizi-errebi-group-hero-section.webp","width":1920,"height":1080,"caption":"Tecnico al lavoro su quadro elettrico industriale con cavi rossi e componenti modulari"},{"@type":"BreadcrumbList","@id":"https:\/\/www.errebi-group.com\/it\/produzione-quadri-elettrici#breadcrumb","itemListElement":[{"@type":"ListItem","position":1,"name":"Home","item":"https:\/\/www.errebi-group.com\/it"},{"@type":"ListItem","position":2,"name":"Produzione quadri elettrici"}]},{"@type":"WebSite","@id":"https:\/\/www.errebi-group.com\/it\/#website","url":"https:\/\/www.errebi-group.com\/it\/","name":"Errebi Group - Azienda produttrice di Cablaggi e Quadri Elettrici","description":"Azienda produttrice di Cablaggi e Quadri Elettrici","publisher":{"@id":"https:\/\/www.errebi-group.com\/it\/#organization"},"potentialAction":[{"@type":"SearchAction","target":{"@type":"EntryPoint","urlTemplate":"https:\/\/www.errebi-group.com\/it\/?s={search_term_string}"},"query-input":{"@type":"PropertyValueSpecification","valueRequired":true,"valueName":"search_term_string"}}],"inLanguage":"it-IT"},{"@type":"Organization","@id":"https:\/\/www.errebi-group.com\/it\/#organization","name":"Errebi Group","url":"https:\/\/www.errebi-group.com\/it\/","logo":{"@type":"ImageObject","inLanguage":"it-IT","@id":"https:\/\/www.errebi-group.com\/it\/#\/schema\/logo\/image\/","url":"https:\/\/www.errebi-group.com\/wp-content\/uploads\/2025\/04\/logo-errebi-group-payoff-white-website.png","contentUrl":"https:\/\/www.errebi-group.com\/wp-content\/uploads\/2025\/04\/logo-errebi-group-payoff-white-website.png","width":610,"height":100,"caption":"Errebi Group"},"image":{"@id":"https:\/\/www.errebi-group.com\/it\/#\/schema\/logo\/image\/"},"sameAs":["https:\/\/www.facebook.com\/errebigroupsrl","https:\/\/www.instagram.com\/errebi.group?igsh=cGNzN3FpcDFqNm1i","https:\/\/www.linkedin.com\/company\/errebigroup\/?originalSubdomain=it","https:\/\/www.youtube.com\/@errebigroup"]}]}},"_links":{"self":[{"href":"https:\/\/www.errebi-group.com\/it\/wp-json\/wp\/v2\/pages\/685","targetHints":{"allow":["GET"]}}],"collection":[{"href":"https:\/\/www.errebi-group.com\/it\/wp-json\/wp\/v2\/pages"}],"about":[{"href":"https:\/\/www.errebi-group.com\/it\/wp-json\/wp\/v2\/types\/page"}],"author":[{"embeddable":true,"href":"https:\/\/www.errebi-group.com\/it\/wp-json\/wp\/v2\/users\/1"}],"replies":[{"embeddable":true,"href":"https:\/\/www.errebi-group.com\/it\/wp-json\/wp\/v2\/comments?post=685"}],"version-history":[{"count":4,"href":"https:\/\/www.errebi-group.com\/it\/wp-json\/wp\/v2\/pages\/685\/revisions"}],"predecessor-version":[{"id":1233,"href":"https:\/\/www.errebi-group.com\/it\/wp-json\/wp\/v2\/pages\/685\/revisions\/1233"}],"wp:featuredmedia":[{"embeddable":true,"href":"https:\/\/www.errebi-group.com\/it\/wp-json\/wp\/v2\/media\/1231"}],"wp:attachment":[{"href":"https:\/\/www.errebi-group.com\/it\/wp-json\/wp\/v2\/media?parent=685"}],"curies":[{"name":"wp","href":"https:\/\/api.w.org\/{rel}","templated":true}]}}