{"id":687,"date":"2025-04-24T15:43:59","date_gmt":"2025-04-24T15:43:59","guid":{"rendered":"https:\/\/www.errebi-group.com\/?page_id=687"},"modified":"2025-07-01T14:48:31","modified_gmt":"2025-07-01T14:48:31","slug":"consulenza","status":"publish","type":"page","link":"https:\/\/www.errebi-group.com\/it\/consulenza","title":{"rendered":"Consulenza e assistenza tecnica per la realizzazione di cablaggi"},"content":{"rendered":"<p>La scelta del giusto cablaggio pu\u00f2 apparire come pratica ed immediata, ma concretamente lo \u00e8 solamente agli occhi di una persona non particolarmente esperta nel campo. Come in tanti altri settori, <strong>la scelta del \u201cfai da te\u201d risulta conveniente soltanto all&#8217;apparenza<\/strong>: pu\u00f2 sembrare pi\u00f9 rapida e meno dispendiosa, ma la realt\u00e0 dei fatti \u00e8, invece, totalmente opposta. Una scelta troppo superficiale pu\u00f2 portare a selezionare componenti non adatti, con una struttura non adeguata all&#8217;utilizzo, magari progettati per un&#8217;attivit\u00e0 differente e che, una volta applicati, non garantiscono le performance attese gravando inevitabilmente sui costi. Il nostro <strong>servizio di consulenza<\/strong> punta, invece, nel mettere <strong>le nostre conoscenze nell&#8217;ambito della struttura e della progettazione dei componenti per i cablaggi<\/strong> a completa disposizione del cliente, cercando di personalizzare il pi\u00f9 possibile la ricerca in base alle sue effettive esigenze, velocizzando il processo di selezione ed abbattendo al contempo i costi.<\/p>\n<div style=\"height: 48px;\"><\/div>\n<h2>In cosa consiste la consulenza<\/h2>\n<p>Come detto, l&#8217;obiettivo di una <strong>consulenza puntuale ed attenta ad ogni dettaglio<\/strong> \u00e8 di ottimizzare il cablaggio scegliendo esattamente i componenti adatti alla funzione richiesta, individuando <strong>il giusto rapporto qualit\u00e0\/prezzo<\/strong> per favorire il pi\u00f9 possibile il cliente. Chi pensa di essere in grado di saper valutare autonomamente il cablaggio ideale, spesso rischia di prendere in considerazione solamente fattori di base come ad esempio gli ingombri e le normative da dover rispettare nell&#8217;installazione, trascurando di fatto altre caratteristiche che risultano a dir poco fondamentali. I nostri consulenti, avendo alle spalle <strong>una profonda conoscenza del processo di produzione che porta alla <a href=\"https:\/\/www.errebi-group.com\/it\/produzione-cablaggi-elettrici\">creazione dei cablaggi<\/a><\/strong>, sono invece in grado di entrare nel dettaglio: un semplice esempio pu\u00f2 essere la struttura da utilizzare e di conseguenza gli specifici componenti che si adattano al cablaggio da applicare. Talvolta sono proprio questi particolari a fare la differenza in un&#8217;ottimizzazione non soltanto dal punto di vista della qualit\u00e0 del cablaggio e delle sue effettive performance, ma anche per quanto riguarda il costo totale dell&#8217;intervento. Quando si hanno dei dubbi o quando si \u00e8 consapevoli di non essere poi cos\u00ec ferrati su un determinato settore, <strong>affidarsi a degli esperti risulta essere sempre e comunque la soluzione migliore<\/strong> per selezionare il servizio pi\u00f9 idoneo alle proprie esigenze e nell&#8217;ottenere il prezzo adeguato all&#8217;intervento richiesto.<\/p>\n<div style=\"height: 48px;\"><\/div>\n<h2>Di quali settori ci occupiamo<\/h2>\n<p>La capacit\u00e0 di <strong>saper seguire l&#8217;intero processo produttivo di componenti e cablaggi<\/strong> ci permette di saper adattare i nostri prodotti ad ogni genere di settore ed applicarli per differenti funzionalit\u00e0. Il nostro servizio di consulenza \u00e8 in grado, quindi, di spaziare in campi anche molto lontani tra loro, con la consapevolezza di essere in ogni caso all&#8217;altezza del compito e di riuscire a soddisfare il cliente in tutte le sue richieste. Tra i settori con cui lavoriamo possiamo trovare il settore del camper, ma anche l&#8217;industria ed il campo delle telecomunicazioni. Non mancano per\u00f2 collaborazioni nel campo Ferroviario, nel settore automotive ed addirittura in quello aerospaziale ed elettromedicale.<\/p>\n<p>Come si pu\u00f2 notare <strong>non esistono praticamente limiti per le possibili applicazioni dei nostri prodotti<\/strong>, limiti che siamo riusciti a superare grazie alla versatilit\u00e0 del nostro lavoro e soprattutto alle competenze del nostro preparatissimo personale.<\/p>\n<p><a class=\"button-page\" style=\"display: inline-block; margin-left: 8px; background-color: #21a980; color: #fff; padding: 1em 1.5em; border-radius: 9999px; font-weight: 900; font-size: 16px; text-decoration: none; transition: transform 0.3s cubic-bezier(0.5, 2.5, 0.7, 0.7);\" href=\"https:\/\/www.errebi-group.com\/it\/campi-di-impiego\">Scopri i campi di impiego<\/a><\/p>\n<div style=\"height: 48px;\"><\/div>\n<h2>Richieste frequenti<\/h2>\n<p>Visto l&#8217;ampio spettro di settori con cui ci confrontiamo quotidianamente, si moltiplica di conseguenza <strong>la tipologia di richieste<\/strong> che ci vengono sottoposte dai clienti, per poter ottenere un servizio quanto pi\u00f9 personalizzato possibile in base alle singole esigenze. Tra i bisogni pi\u00f9 ricorrenti vi \u00e8 senza dubbio quello di <strong>un sostanziale miglioramento della struttura del cablaggio<\/strong>, fattore che, spesso e volentieri, se non adattato alla perfezione alla tipologia di macchina pu\u00f2 influire sul suo corretto ed efficace funzionamento. A ci\u00f2 \u00e8 spesso collegata <strong>la richiesta di cablaggi strutturati<\/strong>, allo scopo di velocizzare l&#8217;assemblaggio sulla macchina ed abbattere cos\u00ec tempi e costi di installazione. <strong>La ricerca di cavi adeguati all&#8217;esatta applicazione<\/strong> \u00e8 talvolta lunga e complessa, ma con la giusta consulenza risulta molto pi\u00f9 semplice trovare <strong>un cablaggio in grado di resistere alle temperature<\/strong> e che soprattutto sia provvisto di <strong>certificazione UL per USA e Canada<\/strong>. Altre richieste frequenti riguardano <strong>la ricerca di connettori<\/strong>: grazie al nostro supporto risulta molto meno complicato trovare al primo colpo quelli pi\u00f9 adatti all&#8217;attivit\u00e0 richiesta, ancor di pi\u00f9 nel caso di connettori in tenuta stagna o di dimensioni particolarmente ridotte.<\/p>\n<p>In sintesi, <strong>le richieste che ci arrivano tutti i giorni<\/strong> possono essere dalle pi\u00f9 generiche alle pi\u00f9 specifiche, ma la nostra risposta risulta in ogni caso puntuale, precisa e, come sempre, <strong>mirata a far scendere il costo del cablaggio per il cliente quanto pi\u00f9 possibile<\/strong>.<\/p>\n<div style=\"height: 48px;\"><\/div>\n<h2>I vantaggi di una consulenza mirata<\/h2>\n<p>I vantaggi di una consulenza mirata sono, <strong>l\u2019ottimizzazione del cablaggio<\/strong>, <strong>diminuzione dei tempi di montaggio del cablaggio sul macchinario<\/strong>, <strong>la scelta di componenti pi\u00f9 adeguati e di maggiore qualit\u00e0<\/strong> e <strong>la diminuzione del costo<\/strong>. Inoltre forniamo gratuitamente questo tipo di consulenza ai nostri clienti.<\/p>\n<p>I vantaggi di cui il cliente pu\u00f2 godere in seguito alla scelta del nostro servizio di consulenza sono dunque evidenti. Grazie ai nostri consigli sar\u00e0 in grado di ottenere <strong>un cablaggio perfettamente ottimizzato e funzionale al tipo di attivit\u00e0 prevista<\/strong>, scelta che conseguentemente andr\u00e0 a diminuire le tempistiche di montaggio sul macchinario accelerando la sua messa in funzione. La selezione dei componenti richiesti sar\u00e0 senza dubbio rapida, ma allo stesso tempo precisa ed adeguata al bisogno espresso dal cliente, che potr\u00e0 beneficiare di <strong>una maggiore qualit\u00e0 del prodotto e di un netto risparmio del costo sostenuto<\/strong>. Insomma, il cliente verr\u00e0 seguito in tutto e per tutto lungo l&#8217;intero processo di selezione, acquisto e montaggio, potendo usufruire dei consigli di un professionista del settore che adatter\u00e0 l&#8217;intera operazione esattamente al singolo caso affrontato. Come se non bastasse, l&#8217;intero <strong>servizio di consulenza \u00e8 completamente gratuito per i clienti che decidono di utilizzare i prodotti ErreBi<\/strong>: un piccolo regalo per dimostrare ancora una volta quanto sia importante per noi l&#8217;interesse di chi ci sceglie e, pi\u00f9 di ogni altra cosa, la sua soddisfazione.<\/p>\n","protected":false},"excerpt":{"rendered":"<p>La scelta del giusto cablaggio pu\u00f2 apparire come pratica ed immediata, ma concretamente lo \u00e8 solamente agli occhi di una persona non particolarmente esperta nel campo. Come in tanti altri settori, la scelta del \u201cfai da te\u201d risulta conveniente soltanto all&#8217;apparenza: pu\u00f2 sembrare pi\u00f9 rapida e meno dispendiosa, ma la realt\u00e0 dei fatti \u00e8, invece, [&hellip;]<\/p>\n","protected":false},"author":1,"featured_media":1239,"parent":0,"menu_order":0,"comment_status":"closed","ping_status":"closed","template":"","meta":{"footnotes":""},"class_list":["post-687","page","type-page","status-publish","has-post-thumbnail","hentry"],"yoast_head":"<!-- This site is optimized with the Yoast SEO plugin v27.4 - https:\/\/yoast.com\/product\/yoast-seo-wordpress\/ -->\n<title>Consulenza per la realizzazione di cablaggi e impianti<\/title>\n<meta name=\"description\" content=\"Con il servizio di consulenza, il cliente usufruisce delle nostre competenze per la progettazione dei cablaggi e dei suoi componenti\" \/>\n<meta name=\"robots\" content=\"index, follow, max-snippet:-1, max-image-preview:large, max-video-preview:-1\" \/>\n<link rel=\"canonical\" href=\"https:\/\/www.errebi-group.com\/it\/consulenza\" \/>\n<meta property=\"og:locale\" content=\"it_IT\" \/>\n<meta property=\"og:type\" content=\"article\" \/>\n<meta property=\"og:title\" content=\"Consulenza per la realizzazione di cablaggi e impianti\" \/>\n<meta property=\"og:description\" content=\"Con il servizio di consulenza, il cliente usufruisce delle nostre competenze per la progettazione dei cablaggi e dei suoi componenti\" \/>\n<meta property=\"og:url\" content=\"https:\/\/www.errebi-group.com\/it\/consulenza\" \/>\n<meta property=\"og:site_name\" content=\"ErreBi Group\" \/>\n<meta property=\"article:publisher\" content=\"https:\/\/www.facebook.com\/errebigroupsrl\" \/>\n<meta property=\"article:modified_time\" content=\"2025-07-01T14:48:31+00:00\" \/>\n<meta property=\"og:image\" content=\"https:\/\/www.errebi-group.com\/wp-content\/uploads\/2025\/04\/consulenza-mirata-servizi-errebi-group-hero-section.webp\" \/>\n\t<meta property=\"og:image:width\" content=\"1920\" \/>\n\t<meta property=\"og:image:height\" content=\"1080\" \/>\n\t<meta property=\"og:image:type\" content=\"image\/webp\" \/>\n<meta name=\"twitter:card\" content=\"summary_large_image\" \/>\n<meta name=\"twitter:label1\" content=\"Tempo di lettura stimato\" \/>\n\t<meta name=\"twitter:data1\" content=\"6 minuti\" \/>\n<script type=\"application\/ld+json\" class=\"yoast-schema-graph\">{\"@context\":\"https:\\\/\\\/schema.org\",\"@graph\":[{\"@type\":\"WebPage\",\"@id\":\"https:\\\/\\\/www.errebi-group.com\\\/it\\\/consulenza\",\"url\":\"https:\\\/\\\/www.errebi-group.com\\\/it\\\/consulenza\",\"name\":\"Consulenza per la realizzazione di cablaggi e impianti\",\"isPartOf\":{\"@id\":\"https:\\\/\\\/www.errebi-group.com\\\/it\\\/#website\"},\"primaryImageOfPage\":{\"@id\":\"https:\\\/\\\/www.errebi-group.com\\\/it\\\/consulenza#primaryimage\"},\"image\":{\"@id\":\"https:\\\/\\\/www.errebi-group.com\\\/it\\\/consulenza#primaryimage\"},\"thumbnailUrl\":\"https:\\\/\\\/www.errebi-group.com\\\/wp-content\\\/uploads\\\/2025\\\/04\\\/consulenza-mirata-servizi-errebi-group-hero-section.webp\",\"datePublished\":\"2025-04-24T15:43:59+00:00\",\"dateModified\":\"2025-07-01T14:48:31+00:00\",\"description\":\"Con il servizio di consulenza, il cliente usufruisce delle nostre competenze per la progettazione dei cablaggi e dei suoi componenti\",\"breadcrumb\":{\"@id\":\"https:\\\/\\\/www.errebi-group.com\\\/it\\\/consulenza#breadcrumb\"},\"inLanguage\":\"it-IT\",\"potentialAction\":[{\"@type\":\"ReadAction\",\"target\":[\"https:\\\/\\\/www.errebi-group.com\\\/it\\\/consulenza\"]}]},{\"@type\":\"ImageObject\",\"inLanguage\":\"it-IT\",\"@id\":\"https:\\\/\\\/www.errebi-group.com\\\/it\\\/consulenza#primaryimage\",\"url\":\"https:\\\/\\\/www.errebi-group.com\\\/wp-content\\\/uploads\\\/2025\\\/04\\\/consulenza-mirata-servizi-errebi-group-hero-section.webp\",\"contentUrl\":\"https:\\\/\\\/www.errebi-group.com\\\/wp-content\\\/uploads\\\/2025\\\/04\\\/consulenza-mirata-servizi-errebi-group-hero-section.webp\",\"width\":1920,\"height\":1080,\"caption\":\"Tre tecnici ErreBi sorridenti con braccia conserte, simbolo di competenza e lavoro di squadra\"},{\"@type\":\"BreadcrumbList\",\"@id\":\"https:\\\/\\\/www.errebi-group.com\\\/it\\\/consulenza#breadcrumb\",\"itemListElement\":[{\"@type\":\"ListItem\",\"position\":1,\"name\":\"Home\",\"item\":\"https:\\\/\\\/www.errebi-group.com\\\/it\"},{\"@type\":\"ListItem\",\"position\":2,\"name\":\"Consulenza e assistenza tecnica per la realizzazione di cablaggi\"}]},{\"@type\":\"WebSite\",\"@id\":\"https:\\\/\\\/www.errebi-group.com\\\/it\\\/#website\",\"url\":\"https:\\\/\\\/www.errebi-group.com\\\/it\\\/\",\"name\":\"Errebi Group - Azienda produttrice di Cablaggi e Quadri Elettrici\",\"description\":\"Azienda produttrice di Cablaggi e Quadri Elettrici\",\"publisher\":{\"@id\":\"https:\\\/\\\/www.errebi-group.com\\\/it\\\/#organization\"},\"potentialAction\":[{\"@type\":\"SearchAction\",\"target\":{\"@type\":\"EntryPoint\",\"urlTemplate\":\"https:\\\/\\\/www.errebi-group.com\\\/it\\\/?s={search_term_string}\"},\"query-input\":{\"@type\":\"PropertyValueSpecification\",\"valueRequired\":true,\"valueName\":\"search_term_string\"}}],\"inLanguage\":\"it-IT\"},{\"@type\":\"Organization\",\"@id\":\"https:\\\/\\\/www.errebi-group.com\\\/it\\\/#organization\",\"name\":\"Errebi Group\",\"url\":\"https:\\\/\\\/www.errebi-group.com\\\/it\\\/\",\"logo\":{\"@type\":\"ImageObject\",\"inLanguage\":\"it-IT\",\"@id\":\"https:\\\/\\\/www.errebi-group.com\\\/it\\\/#\\\/schema\\\/logo\\\/image\\\/\",\"url\":\"https:\\\/\\\/www.errebi-group.com\\\/wp-content\\\/uploads\\\/2025\\\/04\\\/logo-errebi-group-payoff-white-website.png\",\"contentUrl\":\"https:\\\/\\\/www.errebi-group.com\\\/wp-content\\\/uploads\\\/2025\\\/04\\\/logo-errebi-group-payoff-white-website.png\",\"width\":610,\"height\":100,\"caption\":\"Errebi Group\"},\"image\":{\"@id\":\"https:\\\/\\\/www.errebi-group.com\\\/it\\\/#\\\/schema\\\/logo\\\/image\\\/\"},\"sameAs\":[\"https:\\\/\\\/www.facebook.com\\\/errebigroupsrl\",\"https:\\\/\\\/www.instagram.com\\\/errebi.group?igsh=cGNzN3FpcDFqNm1i\",\"https:\\\/\\\/www.linkedin.com\\\/company\\\/errebigroup\\\/?originalSubdomain=it\",\"https:\\\/\\\/www.youtube.com\\\/@errebigroup\"]}]}<\/script>\n<!-- \/ Yoast SEO plugin. -->","yoast_head_json":{"title":"Consulenza per la realizzazione di cablaggi e impianti","description":"Con il servizio di consulenza, il cliente usufruisce delle nostre competenze per la progettazione dei cablaggi e dei suoi componenti","robots":{"index":"index","follow":"follow","max-snippet":"max-snippet:-1","max-image-preview":"max-image-preview:large","max-video-preview":"max-video-preview:-1"},"canonical":"https:\/\/www.errebi-group.com\/it\/consulenza","og_locale":"it_IT","og_type":"article","og_title":"Consulenza per la realizzazione di cablaggi e impianti","og_description":"Con il servizio di consulenza, il cliente usufruisce delle nostre competenze per la progettazione dei cablaggi e dei suoi componenti","og_url":"https:\/\/www.errebi-group.com\/it\/consulenza","og_site_name":"ErreBi Group","article_publisher":"https:\/\/www.facebook.com\/errebigroupsrl","article_modified_time":"2025-07-01T14:48:31+00:00","og_image":[{"width":1920,"height":1080,"url":"https:\/\/www.errebi-group.com\/wp-content\/uploads\/2025\/04\/consulenza-mirata-servizi-errebi-group-hero-section.webp","type":"image\/webp"}],"twitter_card":"summary_large_image","twitter_misc":{"Tempo di lettura stimato":"6 minuti"},"schema":{"@context":"https:\/\/schema.org","@graph":[{"@type":"WebPage","@id":"https:\/\/www.errebi-group.com\/it\/consulenza","url":"https:\/\/www.errebi-group.com\/it\/consulenza","name":"Consulenza per la realizzazione di cablaggi e impianti","isPartOf":{"@id":"https:\/\/www.errebi-group.com\/it\/#website"},"primaryImageOfPage":{"@id":"https:\/\/www.errebi-group.com\/it\/consulenza#primaryimage"},"image":{"@id":"https:\/\/www.errebi-group.com\/it\/consulenza#primaryimage"},"thumbnailUrl":"https:\/\/www.errebi-group.com\/wp-content\/uploads\/2025\/04\/consulenza-mirata-servizi-errebi-group-hero-section.webp","datePublished":"2025-04-24T15:43:59+00:00","dateModified":"2025-07-01T14:48:31+00:00","description":"Con il servizio di consulenza, il cliente usufruisce delle nostre competenze per la progettazione dei cablaggi e dei suoi componenti","breadcrumb":{"@id":"https:\/\/www.errebi-group.com\/it\/consulenza#breadcrumb"},"inLanguage":"it-IT","potentialAction":[{"@type":"ReadAction","target":["https:\/\/www.errebi-group.com\/it\/consulenza"]}]},{"@type":"ImageObject","inLanguage":"it-IT","@id":"https:\/\/www.errebi-group.com\/it\/consulenza#primaryimage","url":"https:\/\/www.errebi-group.com\/wp-content\/uploads\/2025\/04\/consulenza-mirata-servizi-errebi-group-hero-section.webp","contentUrl":"https:\/\/www.errebi-group.com\/wp-content\/uploads\/2025\/04\/consulenza-mirata-servizi-errebi-group-hero-section.webp","width":1920,"height":1080,"caption":"Tre tecnici ErreBi sorridenti con braccia conserte, simbolo di competenza e lavoro di squadra"},{"@type":"BreadcrumbList","@id":"https:\/\/www.errebi-group.com\/it\/consulenza#breadcrumb","itemListElement":[{"@type":"ListItem","position":1,"name":"Home","item":"https:\/\/www.errebi-group.com\/it"},{"@type":"ListItem","position":2,"name":"Consulenza e assistenza tecnica per la realizzazione di cablaggi"}]},{"@type":"WebSite","@id":"https:\/\/www.errebi-group.com\/it\/#website","url":"https:\/\/www.errebi-group.com\/it\/","name":"Errebi Group - Azienda produttrice di Cablaggi e Quadri Elettrici","description":"Azienda produttrice di Cablaggi e Quadri Elettrici","publisher":{"@id":"https:\/\/www.errebi-group.com\/it\/#organization"},"potentialAction":[{"@type":"SearchAction","target":{"@type":"EntryPoint","urlTemplate":"https:\/\/www.errebi-group.com\/it\/?s={search_term_string}"},"query-input":{"@type":"PropertyValueSpecification","valueRequired":true,"valueName":"search_term_string"}}],"inLanguage":"it-IT"},{"@type":"Organization","@id":"https:\/\/www.errebi-group.com\/it\/#organization","name":"Errebi Group","url":"https:\/\/www.errebi-group.com\/it\/","logo":{"@type":"ImageObject","inLanguage":"it-IT","@id":"https:\/\/www.errebi-group.com\/it\/#\/schema\/logo\/image\/","url":"https:\/\/www.errebi-group.com\/wp-content\/uploads\/2025\/04\/logo-errebi-group-payoff-white-website.png","contentUrl":"https:\/\/www.errebi-group.com\/wp-content\/uploads\/2025\/04\/logo-errebi-group-payoff-white-website.png","width":610,"height":100,"caption":"Errebi Group"},"image":{"@id":"https:\/\/www.errebi-group.com\/it\/#\/schema\/logo\/image\/"},"sameAs":["https:\/\/www.facebook.com\/errebigroupsrl","https:\/\/www.instagram.com\/errebi.group?igsh=cGNzN3FpcDFqNm1i","https:\/\/www.linkedin.com\/company\/errebigroup\/?originalSubdomain=it","https:\/\/www.youtube.com\/@errebigroup"]}]}},"_links":{"self":[{"href":"https:\/\/www.errebi-group.com\/it\/wp-json\/wp\/v2\/pages\/687","targetHints":{"allow":["GET"]}}],"collection":[{"href":"https:\/\/www.errebi-group.com\/it\/wp-json\/wp\/v2\/pages"}],"about":[{"href":"https:\/\/www.errebi-group.com\/it\/wp-json\/wp\/v2\/types\/page"}],"author":[{"embeddable":true,"href":"https:\/\/www.errebi-group.com\/it\/wp-json\/wp\/v2\/users\/1"}],"replies":[{"embeddable":true,"href":"https:\/\/www.errebi-group.com\/it\/wp-json\/wp\/v2\/comments?post=687"}],"version-history":[{"count":21,"href":"https:\/\/www.errebi-group.com\/it\/wp-json\/wp\/v2\/pages\/687\/revisions"}],"predecessor-version":[{"id":1246,"href":"https:\/\/www.errebi-group.com\/it\/wp-json\/wp\/v2\/pages\/687\/revisions\/1246"}],"wp:featuredmedia":[{"embeddable":true,"href":"https:\/\/www.errebi-group.com\/it\/wp-json\/wp\/v2\/media\/1239"}],"wp:attachment":[{"href":"https:\/\/www.errebi-group.com\/it\/wp-json\/wp\/v2\/media?parent=687"}],"curies":[{"name":"wp","href":"https:\/\/api.w.org\/{rel}","templated":true}]}}