{"id":733,"date":"2025-04-28T09:41:19","date_gmt":"2025-04-28T09:41:19","guid":{"rendered":"https:\/\/www.errebi-group.com\/?page_id=733"},"modified":"2025-07-01T15:24:32","modified_gmt":"2025-07-01T15:24:32","slug":"assemblaggi-elettromeccanici","status":"publish","type":"page","link":"https:\/\/www.errebi-group.com\/it\/assemblaggi-elettromeccanici","title":{"rendered":"Assemblaggi elettromeccanici"},"content":{"rendered":"<p><strong>La competenza, la professionalit\u00e0 e la versatilit\u00e0 del personale di ErreBi Group<\/strong> garantisce una diversificazione delle attivit\u00e0 tale da poter offrire ai clienti <strong>un servizio quanto pi\u00f9 completo possibile<\/strong>. Proprio per questo, oltre alla produzione e l&#8217;applicazione di cablaggi per diversi settori, siamo in grado di allestire <strong>una vasta gamma di assemblaggi elettromeccanici con differenti caratteristiche ed impieghi<\/strong>, da poter utilizzare in molteplici contesti lavorativi.<\/p>\n<p>I nostri esperti sono in grado, infatti, di dar vita a prodotti non soltanto cablati, ma anche <strong>assemblati nella parte elettronica e meccanica<\/strong>, in modo da poter consegnare uno strumento che sia gi\u00e0 operativo o, nel caso, che sia da ottimizzare o da rifinire dall&#8217;acquirente in base alle richieste. <strong>L&#8217;acquisto di prodotti finiti o semilavorati garantisce al cliente un risparmio di tempo, lavoro, logistica e denaro<\/strong>, con la sicurezza di avere in dotazione uno strumento di qualit\u00e0 creato dall&#8217;abilit\u00e0 e la passione di veri esperti del settore.<\/p>\n<div style=\"height: 48px;\"><\/div>\n<h2>Assemblaggi elettromeccanici di prodotti finiti<\/h2>\n<p>Per <strong>assemblaggi elettromeccanici di prodotti finiti<\/strong> si intende un prodotto da noi non solo cablato ma anche assemblato nella parte meccanica ed elettronica (quando presente anche la programmazione del software) per intero, completo del collaudato funzionale al 100% e pronto per essere venduto dal Ns. cliente all\u2019utente finale.<\/p>\n<p>Gli assemblaggi elettromeccanici da noi creati possono, come detto, riguardare sia <strong>prodotti finiti che semilavorati<\/strong>. I prodotti finiti sono seguiti dai nostri esperti lungo tutto il processo di lavorazione: chiaramente l&#8217;attenzione principale viene assicurata <strong>alle parti elettroniche e meccaniche<\/strong>, ma l&#8217;alto livello di competenza del nostro personale permette di curare nei dettagli anche <strong>l&#8217;eventuale programmazione software ed il collaudo finale<\/strong>, facendo in modo che il cliente vada ad acquistare uno strumento funzionante ed operativo al 100%.<\/p>\n<p>I prodotti da noi creati assicurano <strong>qualit\u00e0 e performance<\/strong>, come ad esempio il nostro <strong>Sistema di Cattura per ratti<\/strong>, ad oggi uno degli strumenti maggiormente richiesti dai nostri utenti. Si tratta di <strong>un sistema a controllo remoto che funziona con protocollo Lowaran<\/strong>: pu\u00f2 essere configurato e comandato a distanza tramite Pc, tablet o smartphone, permettendo all&#8217;utente di gestirne l&#8217;attivit\u00e0 in qualsiasi momento ed a prescindere dalla sua presenza o meno dal luogo in cui la trappola \u00e8 applicata.<\/p>\n<p>Questo sistema di cattura remoto \u00e8 stato da noi <strong>ideato, disegnato, progettato ed assemblato in tutte le sue parti<\/strong>, sia per quanto riguarda la meccanica che l&#8217;area hardware e software. Come per questa creazione, di cui andiamo fieramente orgogliosi, <strong>tutti i nostri assemblaggi sono frutto di lavoro, esperienza e passione<\/strong>, valori che ci sono riconosciuti dai nostri clienti e dalla loro piena soddisfazione per la qualit\u00e0 dei prodotti acquistati.<\/p>\n<div style=\"height: 48px;\"><\/div>\n<h2>Fattori che concorrono alla scelta del tipo di assemblaggio<\/h2>\n<p><strong>I vantaggi del commissionarci l\u2019assemblaggio sono molti<\/strong>:<\/p>\n<ul>\n<li>Siamo strutturati non solo con <a href=\"https:\/\/www.errebi-group.com\/it\/produzione-cablaggi-elettrici\">macchinari per la produzione di cablaggi<\/a>, ma abbiamo anche <strong>macchinari per la lavorazione di parti meccaniche<\/strong> (tipo CNC, taglio laser, incisione laser, stampanti 3D ecc..) e questo ci rende molto competitivi nei prezzi.<\/li>\n<li>Abbiamo <strong>personale addestrato per effettuare queste lavorazioni<\/strong> e siamo in grado di strutturare <strong>linee di montaggio per abbattere i tempi di produzione<\/strong> e di conseguenza diminuire i costi.<\/li>\n<li>Il cliente non deve preoccuparsi della gestione dell\u2019acquisto e della logistica dei componenti che dovrebbe gestire in caso dovesse fare queste attivit\u00e0 internamente, avendo delle attivit\u00e0 in meno e <strong>magazzini meno carichi<\/strong>.<\/li>\n<li>Nel caso ci venga commissionato il prodotto completo, <strong>il cliente pu\u00f2 impegnare interamente le forze nella parte commerciale<\/strong>, aumentando le vendite, al resto pensiamo noi.<\/li>\n<\/ul>\n<p>Acquistare un assemblaggio elettromeccanico finito o semilavorato piuttosto che produrlo internamente potrebbe essere visto da alcuni come un investimento ardito o comunque una distribuzione del lavoro che potrebbe portare ad una perdita di tempo. In realt\u00e0 <strong>i vantaggi per un&#8217;azienda sono molteplici<\/strong> ed in particolare <strong>affidarsi ad ErreBi risulta essere una garanzia non solo di qualit\u00e0, ma anche di risparmio in termini economici e di organizzazione del lavoro<\/strong>.<\/p>\n<p><strong>La nostra azienda<\/strong>, pur essendo specializzata in cablaggi, ha una dotazione di <strong>macchinari da utilizzare nella lavorazione delle parti meccaniche<\/strong> dei prodotti, come ad esempio lavorazioni a CNC, taglio ed incisione laser e stampanti 3D. Il nostro <strong>personale \u00e8 altamente qualificato<\/strong> anche per questo genere di lavorazioni, riuscendo al contempo a strutturare linee di montaggio e seguire il processo in tutte le sue fasi. <strong>La possibilit\u00e0 di occuparci dell&#8217;assemblaggio in ogni suo dettaglio<\/strong>, partendo dai cablaggi ma lavorando anche sulle parti elettroniche e meccaniche, abbatte sensibilmente i tempi di produzione e si traduce di conseguenza in una diminuzione dei costi per il cliente.<\/p>\n<p>Oltre ad un risparmio economico, il cliente non dovr\u00e0 preoccuparsi di reperire, acquistare, spedire e stoccare in magazzino le varie componenti per svolgere l&#8217;attivit\u00e0 internamente. La gestione e la logistica verranno sintetizzate <strong>nell&#8217;acquisto di un prodotto finito o semilavorato<\/strong>, minimizzando il lavoro e soprattutto alleggerendo il carico a trasportatori e magazzinieri.<\/p>\n<p>Il taglio delle operazioni di assemblaggio andr\u00e0 inoltre a <strong>liberare tutte le forze dell&#8217;azienda e concentrarle nel settore commerciale<\/strong>, potenziando dunque la rete e facilitando le possibilit\u00e0 di vendita. In breve, <strong>affidare interamente le attivit\u00e0 tecniche di assemblaggio a dei professionisti del settore<\/strong> in grado di seguirle in ogni parte, pu\u00f2 esser la vera e propria svolta per <strong>riorganizzare il proprio processo produttivo, abbattere i costi e dedicarsi alla vendita senza alcun tipo di preoccupazione<\/strong>.<\/p>\n","protected":false},"excerpt":{"rendered":"<p>La competenza, la professionalit\u00e0 e la versatilit\u00e0 del personale di ErreBi Group garantisce una diversificazione delle attivit\u00e0 tale da poter offrire ai clienti un servizio quanto pi\u00f9 completo possibile. Proprio per questo, oltre alla produzione e l&#8217;applicazione di cablaggi per diversi settori, siamo in grado di allestire una vasta gamma di assemblaggi elettromeccanici con differenti [&hellip;]<\/p>\n","protected":false},"author":1,"featured_media":1238,"parent":0,"menu_order":0,"comment_status":"closed","ping_status":"closed","template":"","meta":{"footnotes":""},"class_list":["post-733","page","type-page","status-publish","has-post-thumbnail","hentry"],"yoast_head":"<!-- This site is optimized with the Yoast SEO plugin v27.4 - https:\/\/yoast.com\/product\/yoast-seo-wordpress\/ -->\n<title>Assemblaggi elettromeccanici di prodotti finiti e semilavorati<\/title>\n<meta name=\"description\" content=\"Siamo in grado allestire una vasta gamma di assemblaggi elettromeccanici di prodotti finiti con differenti caratteristiche ed impieghi\" \/>\n<meta name=\"robots\" content=\"index, follow, max-snippet:-1, max-image-preview:large, max-video-preview:-1\" \/>\n<link rel=\"canonical\" href=\"https:\/\/www.errebi-group.com\/it\/assemblaggi-elettromeccanici\" \/>\n<meta property=\"og:locale\" content=\"it_IT\" \/>\n<meta property=\"og:type\" content=\"article\" \/>\n<meta property=\"og:title\" content=\"Assemblaggi elettromeccanici di prodotti finiti e semilavorati\" \/>\n<meta property=\"og:description\" content=\"Siamo in grado allestire una vasta gamma di assemblaggi elettromeccanici di prodotti finiti con differenti caratteristiche ed impieghi\" \/>\n<meta property=\"og:url\" content=\"https:\/\/www.errebi-group.com\/it\/assemblaggi-elettromeccanici\" \/>\n<meta property=\"og:site_name\" content=\"ErreBi Group\" \/>\n<meta property=\"article:publisher\" content=\"https:\/\/www.facebook.com\/errebigroupsrl\" \/>\n<meta property=\"article:modified_time\" content=\"2025-07-01T15:24:32+00:00\" \/>\n<meta property=\"og:image\" content=\"https:\/\/www.errebi-group.com\/wp-content\/uploads\/2025\/04\/assemblaggi-elettromeccanici-servizi-errebi-group-hero-section.webp\" \/>\n\t<meta property=\"og:image:width\" content=\"1920\" \/>\n\t<meta property=\"og:image:height\" content=\"1080\" \/>\n\t<meta property=\"og:image:type\" content=\"image\/webp\" \/>\n<meta name=\"twitter:card\" content=\"summary_large_image\" \/>\n<meta name=\"twitter:label1\" content=\"Tempo di lettura stimato\" \/>\n\t<meta name=\"twitter:data1\" content=\"5 minuti\" \/>\n<script type=\"application\/ld+json\" class=\"yoast-schema-graph\">{\"@context\":\"https:\\\/\\\/schema.org\",\"@graph\":[{\"@type\":\"WebPage\",\"@id\":\"https:\\\/\\\/www.errebi-group.com\\\/it\\\/assemblaggi-elettromeccanici\",\"url\":\"https:\\\/\\\/www.errebi-group.com\\\/it\\\/assemblaggi-elettromeccanici\",\"name\":\"Assemblaggi elettromeccanici di prodotti finiti e semilavorati\",\"isPartOf\":{\"@id\":\"https:\\\/\\\/www.errebi-group.com\\\/it\\\/#website\"},\"primaryImageOfPage\":{\"@id\":\"https:\\\/\\\/www.errebi-group.com\\\/it\\\/assemblaggi-elettromeccanici#primaryimage\"},\"image\":{\"@id\":\"https:\\\/\\\/www.errebi-group.com\\\/it\\\/assemblaggi-elettromeccanici#primaryimage\"},\"thumbnailUrl\":\"https:\\\/\\\/www.errebi-group.com\\\/wp-content\\\/uploads\\\/2025\\\/04\\\/assemblaggi-elettromeccanici-servizi-errebi-group-hero-section.webp\",\"datePublished\":\"2025-04-28T09:41:19+00:00\",\"dateModified\":\"2025-07-01T15:24:32+00:00\",\"description\":\"Siamo in grado allestire una vasta gamma di assemblaggi elettromeccanici di prodotti finiti con differenti caratteristiche ed impieghi\",\"breadcrumb\":{\"@id\":\"https:\\\/\\\/www.errebi-group.com\\\/it\\\/assemblaggi-elettromeccanici#breadcrumb\"},\"inLanguage\":\"it-IT\",\"potentialAction\":[{\"@type\":\"ReadAction\",\"target\":[\"https:\\\/\\\/www.errebi-group.com\\\/it\\\/assemblaggi-elettromeccanici\"]}]},{\"@type\":\"ImageObject\",\"inLanguage\":\"it-IT\",\"@id\":\"https:\\\/\\\/www.errebi-group.com\\\/it\\\/assemblaggi-elettromeccanici#primaryimage\",\"url\":\"https:\\\/\\\/www.errebi-group.com\\\/wp-content\\\/uploads\\\/2025\\\/04\\\/assemblaggi-elettromeccanici-servizi-errebi-group-hero-section.webp\",\"contentUrl\":\"https:\\\/\\\/www.errebi-group.com\\\/wp-content\\\/uploads\\\/2025\\\/04\\\/assemblaggi-elettromeccanici-servizi-errebi-group-hero-section.webp\",\"width\":1920,\"height\":1080,\"caption\":\"Operatore al lavoro su assemblaggio elettromeccanico con componenti e cablaggi elettrici di precisione\"},{\"@type\":\"BreadcrumbList\",\"@id\":\"https:\\\/\\\/www.errebi-group.com\\\/it\\\/assemblaggi-elettromeccanici#breadcrumb\",\"itemListElement\":[{\"@type\":\"ListItem\",\"position\":1,\"name\":\"Home\",\"item\":\"https:\\\/\\\/www.errebi-group.com\\\/it\"},{\"@type\":\"ListItem\",\"position\":2,\"name\":\"Assemblaggi elettromeccanici\"}]},{\"@type\":\"WebSite\",\"@id\":\"https:\\\/\\\/www.errebi-group.com\\\/it\\\/#website\",\"url\":\"https:\\\/\\\/www.errebi-group.com\\\/it\\\/\",\"name\":\"Errebi Group - Azienda produttrice di Cablaggi e Quadri Elettrici\",\"description\":\"Azienda produttrice di Cablaggi e Quadri Elettrici\",\"publisher\":{\"@id\":\"https:\\\/\\\/www.errebi-group.com\\\/it\\\/#organization\"},\"potentialAction\":[{\"@type\":\"SearchAction\",\"target\":{\"@type\":\"EntryPoint\",\"urlTemplate\":\"https:\\\/\\\/www.errebi-group.com\\\/it\\\/?s={search_term_string}\"},\"query-input\":{\"@type\":\"PropertyValueSpecification\",\"valueRequired\":true,\"valueName\":\"search_term_string\"}}],\"inLanguage\":\"it-IT\"},{\"@type\":\"Organization\",\"@id\":\"https:\\\/\\\/www.errebi-group.com\\\/it\\\/#organization\",\"name\":\"Errebi Group\",\"url\":\"https:\\\/\\\/www.errebi-group.com\\\/it\\\/\",\"logo\":{\"@type\":\"ImageObject\",\"inLanguage\":\"it-IT\",\"@id\":\"https:\\\/\\\/www.errebi-group.com\\\/it\\\/#\\\/schema\\\/logo\\\/image\\\/\",\"url\":\"https:\\\/\\\/www.errebi-group.com\\\/wp-content\\\/uploads\\\/2025\\\/04\\\/logo-errebi-group-payoff-white-website.png\",\"contentUrl\":\"https:\\\/\\\/www.errebi-group.com\\\/wp-content\\\/uploads\\\/2025\\\/04\\\/logo-errebi-group-payoff-white-website.png\",\"width\":610,\"height\":100,\"caption\":\"Errebi Group\"},\"image\":{\"@id\":\"https:\\\/\\\/www.errebi-group.com\\\/it\\\/#\\\/schema\\\/logo\\\/image\\\/\"},\"sameAs\":[\"https:\\\/\\\/www.facebook.com\\\/errebigroupsrl\",\"https:\\\/\\\/www.instagram.com\\\/errebi.group?igsh=cGNzN3FpcDFqNm1i\",\"https:\\\/\\\/www.linkedin.com\\\/company\\\/errebigroup\\\/?originalSubdomain=it\",\"https:\\\/\\\/www.youtube.com\\\/@errebigroup\"]}]}<\/script>\n<!-- \/ Yoast SEO plugin. -->","yoast_head_json":{"title":"Assemblaggi elettromeccanici di prodotti finiti e semilavorati","description":"Siamo in grado allestire una vasta gamma di assemblaggi elettromeccanici di prodotti finiti con differenti caratteristiche ed impieghi","robots":{"index":"index","follow":"follow","max-snippet":"max-snippet:-1","max-image-preview":"max-image-preview:large","max-video-preview":"max-video-preview:-1"},"canonical":"https:\/\/www.errebi-group.com\/it\/assemblaggi-elettromeccanici","og_locale":"it_IT","og_type":"article","og_title":"Assemblaggi elettromeccanici di prodotti finiti e semilavorati","og_description":"Siamo in grado allestire una vasta gamma di assemblaggi elettromeccanici di prodotti finiti con differenti caratteristiche ed impieghi","og_url":"https:\/\/www.errebi-group.com\/it\/assemblaggi-elettromeccanici","og_site_name":"ErreBi Group","article_publisher":"https:\/\/www.facebook.com\/errebigroupsrl","article_modified_time":"2025-07-01T15:24:32+00:00","og_image":[{"width":1920,"height":1080,"url":"https:\/\/www.errebi-group.com\/wp-content\/uploads\/2025\/04\/assemblaggi-elettromeccanici-servizi-errebi-group-hero-section.webp","type":"image\/webp"}],"twitter_card":"summary_large_image","twitter_misc":{"Tempo di lettura stimato":"5 minuti"},"schema":{"@context":"https:\/\/schema.org","@graph":[{"@type":"WebPage","@id":"https:\/\/www.errebi-group.com\/it\/assemblaggi-elettromeccanici","url":"https:\/\/www.errebi-group.com\/it\/assemblaggi-elettromeccanici","name":"Assemblaggi elettromeccanici di prodotti finiti e semilavorati","isPartOf":{"@id":"https:\/\/www.errebi-group.com\/it\/#website"},"primaryImageOfPage":{"@id":"https:\/\/www.errebi-group.com\/it\/assemblaggi-elettromeccanici#primaryimage"},"image":{"@id":"https:\/\/www.errebi-group.com\/it\/assemblaggi-elettromeccanici#primaryimage"},"thumbnailUrl":"https:\/\/www.errebi-group.com\/wp-content\/uploads\/2025\/04\/assemblaggi-elettromeccanici-servizi-errebi-group-hero-section.webp","datePublished":"2025-04-28T09:41:19+00:00","dateModified":"2025-07-01T15:24:32+00:00","description":"Siamo in grado allestire una vasta gamma di assemblaggi elettromeccanici di prodotti finiti con differenti caratteristiche ed impieghi","breadcrumb":{"@id":"https:\/\/www.errebi-group.com\/it\/assemblaggi-elettromeccanici#breadcrumb"},"inLanguage":"it-IT","potentialAction":[{"@type":"ReadAction","target":["https:\/\/www.errebi-group.com\/it\/assemblaggi-elettromeccanici"]}]},{"@type":"ImageObject","inLanguage":"it-IT","@id":"https:\/\/www.errebi-group.com\/it\/assemblaggi-elettromeccanici#primaryimage","url":"https:\/\/www.errebi-group.com\/wp-content\/uploads\/2025\/04\/assemblaggi-elettromeccanici-servizi-errebi-group-hero-section.webp","contentUrl":"https:\/\/www.errebi-group.com\/wp-content\/uploads\/2025\/04\/assemblaggi-elettromeccanici-servizi-errebi-group-hero-section.webp","width":1920,"height":1080,"caption":"Operatore al lavoro su assemblaggio elettromeccanico con componenti e cablaggi elettrici di precisione"},{"@type":"BreadcrumbList","@id":"https:\/\/www.errebi-group.com\/it\/assemblaggi-elettromeccanici#breadcrumb","itemListElement":[{"@type":"ListItem","position":1,"name":"Home","item":"https:\/\/www.errebi-group.com\/it"},{"@type":"ListItem","position":2,"name":"Assemblaggi elettromeccanici"}]},{"@type":"WebSite","@id":"https:\/\/www.errebi-group.com\/it\/#website","url":"https:\/\/www.errebi-group.com\/it\/","name":"Errebi Group - Azienda produttrice di Cablaggi e Quadri Elettrici","description":"Azienda produttrice di Cablaggi e Quadri Elettrici","publisher":{"@id":"https:\/\/www.errebi-group.com\/it\/#organization"},"potentialAction":[{"@type":"SearchAction","target":{"@type":"EntryPoint","urlTemplate":"https:\/\/www.errebi-group.com\/it\/?s={search_term_string}"},"query-input":{"@type":"PropertyValueSpecification","valueRequired":true,"valueName":"search_term_string"}}],"inLanguage":"it-IT"},{"@type":"Organization","@id":"https:\/\/www.errebi-group.com\/it\/#organization","name":"Errebi Group","url":"https:\/\/www.errebi-group.com\/it\/","logo":{"@type":"ImageObject","inLanguage":"it-IT","@id":"https:\/\/www.errebi-group.com\/it\/#\/schema\/logo\/image\/","url":"https:\/\/www.errebi-group.com\/wp-content\/uploads\/2025\/04\/logo-errebi-group-payoff-white-website.png","contentUrl":"https:\/\/www.errebi-group.com\/wp-content\/uploads\/2025\/04\/logo-errebi-group-payoff-white-website.png","width":610,"height":100,"caption":"Errebi Group"},"image":{"@id":"https:\/\/www.errebi-group.com\/it\/#\/schema\/logo\/image\/"},"sameAs":["https:\/\/www.facebook.com\/errebigroupsrl","https:\/\/www.instagram.com\/errebi.group?igsh=cGNzN3FpcDFqNm1i","https:\/\/www.linkedin.com\/company\/errebigroup\/?originalSubdomain=it","https:\/\/www.youtube.com\/@errebigroup"]}]}},"_links":{"self":[{"href":"https:\/\/www.errebi-group.com\/it\/wp-json\/wp\/v2\/pages\/733","targetHints":{"allow":["GET"]}}],"collection":[{"href":"https:\/\/www.errebi-group.com\/it\/wp-json\/wp\/v2\/pages"}],"about":[{"href":"https:\/\/www.errebi-group.com\/it\/wp-json\/wp\/v2\/types\/page"}],"author":[{"embeddable":true,"href":"https:\/\/www.errebi-group.com\/it\/wp-json\/wp\/v2\/users\/1"}],"replies":[{"embeddable":true,"href":"https:\/\/www.errebi-group.com\/it\/wp-json\/wp\/v2\/comments?post=733"}],"version-history":[{"count":5,"href":"https:\/\/www.errebi-group.com\/it\/wp-json\/wp\/v2\/pages\/733\/revisions"}],"predecessor-version":[{"id":1244,"href":"https:\/\/www.errebi-group.com\/it\/wp-json\/wp\/v2\/pages\/733\/revisions\/1244"}],"wp:featuredmedia":[{"embeddable":true,"href":"https:\/\/www.errebi-group.com\/it\/wp-json\/wp\/v2\/media\/1238"}],"wp:attachment":[{"href":"https:\/\/www.errebi-group.com\/it\/wp-json\/wp\/v2\/media?parent=733"}],"curies":[{"name":"wp","href":"https:\/\/api.w.org\/{rel}","templated":true}]}}