{"id":739,"date":"2025-04-28T09:50:49","date_gmt":"2025-04-28T09:50:49","guid":{"rendered":"https:\/\/www.errebi-group.com\/?page_id=739"},"modified":"2025-07-01T15:25:37","modified_gmt":"2025-07-01T15:25:37","slug":"progettazione-cablaggi","status":"publish","type":"page","link":"https:\/\/www.errebi-group.com\/it\/progettazione-cablaggi","title":{"rendered":"Progettazione cablaggi personalizzati"},"content":{"rendered":"<p>La <strong>personalizzazione del servizio di cablaggio<\/strong> non consiste soltanto nella consulenza e nel supporto sulla scelta dei giusti componenti, ma si struttura a partire <strong>dalla progettazione e la <a href=\"https:\/\/www.errebi-group.com\/it\/produzione-cablaggi-elettrici\">realizzazione del cablaggio<\/a> stesso in ogni sua parte<\/strong>. Il servizio offerto al cliente parte, dunque, dallo studio della singola situazione e dalla comprensione delle sue effettive necessit\u00e0, per poi proporre la soluzione pi\u00f9 adatta. Per fare ci\u00f2 i nostri esperti si recano in sopralluogo presso il cliente analizzando nel dettaglio <strong>il dispositivo da cablare<\/strong>, <strong>l&#8217;ambiente che lo circonda<\/strong>, <strong>l&#8217;eventuale struttura che dovrebbe supportare l&#8217;applicazione dei componenti<\/strong>, per poi identificare la tipologia di cablaggio migliore che possa ottimizzare i costi ed iniziarne cos\u00ec la progettazione grafica.<\/p>\n<p>Oltre alla sezione dedicata ai cablaggi, <strong>ErreBi pu\u00f2 contare inoltre su di un personale altamente specializzato sulla progettazione di hardware e software<\/strong>, offrendo cos\u00ec la possibilit\u00e0 ai nostri clienti di usufruire di un <strong>servizio completo ed in grado di rispondere alle sue richieste in ogni campo<\/strong>, dando prova di versatilit\u00e0 e professionalit\u00e0.<\/p>\n<div style=\"height: 48px;\"><\/div>\n<h2>Le fasi della progettazione<\/h2>\n<p>La <strong>progettazione<\/strong>, chiaramente, ha necessit\u00e0 di delinearsi secondo varie fasi, che vanno da quella di <strong>sopralluogo<\/strong> fino alla concreta <strong>realizzazione del prodotto finale scelto di comune accordo con il cliente<\/strong>. Il primo passo \u00e8 di norma la visita presso i locali del cliente da parte di un nostro esperto, il quale ha il compito di analizzare <strong>il macchinario che deve essere cablato<\/strong> e raccogliere tutte le informazioni necessarie per poter impostare al meglio il progetto. I dati pi\u00f9 importanti riguardano solitamente quella che sar\u00e0 <strong>la tipologia di cavi da applicare<\/strong>, quindi lunghezza, sezione dei cavi, il percorso da svolgere ed eventualmente la previsione di una possibile protezione nel caso in cui il passaggio sia particolarmente esposto o vulnerabile.<\/p>\n<p>Il passo successivo \u00e8 quello di <strong>selezionare i componenti pi\u00f9 adatti per il preciso settore<\/strong>, cercando di delineare <strong>la concreta attivit\u00e0 del macchinario<\/strong> e scegliere cos\u00ec gli elementi quanto pi\u00f9 adeguati per il lavoro da effettuare. Spesso <strong>il cablaggio ha bisogno di una struttura di supporto<\/strong>, struttura che va studiata, progettata ed adattata alla forma ed alle dimensioni del dispositivo da cablare, in modo da favorire un montaggio quanto pi\u00f9 semplice e rapido possibile. Una volta terminata la fase di analisi sul posto e raccolte tutte le informazioni, sar\u00e0 possibile avviare <strong>il processo di design del cablaggio e della struttura<\/strong>, che verranno progettati ed adattati esattamente al caso specifico studiato e saranno, di conseguenza, perfettamente idonei a soddisfare le richieste del cliente.<\/p>\n<div style=\"height: 48px;\"><\/div>\n<h2>Quali fattori prendere in considerazione<\/h2>\n<p>Durante il sopralluogo abbiamo visto che <strong>i fattori che il nostro esperto deve considerare sono molteplici<\/strong>, poich\u00e9 <strong>l&#8217;ambiente dove si dovr\u00e0 intervenire ed il macchinario da cablare<\/strong> possono variare enormemente in base al settore lavorativo del cliente ed all&#8217;attivit\u00e0 che svolge. Proviamo dunque ad entrare maggiormente nel dettaglio per quanto riguarda <strong>gli elementi da analizzare per una progettazione quanto pi\u00f9 personalizzata ed efficace possibile<\/strong>. La prima evidenza da notare riguarda <strong>l&#8217;ambito normativo<\/strong>: lo studio delle leggi e delle regole secondo cui il macchinario sar\u00e0 poi venduto \u00e8 fondamentale per poter progettare <strong>un cablaggio a norma<\/strong> che non dia noie future al cliente durante la fase commerciale e n\u00e9, tanto meno, all&#8217;utente finale che dovr\u00e0 poi utilizzarlo.<\/p>\n<p>Per quanto riguarda <strong>l&#8217;ambiente in cui si trova il dispositivo ed in cui dovranno essere poi applicati i cavi<\/strong>, vanno considerate attentamente <strong>temperatura ed assorbimenti<\/strong>, prevedendo eventuali sbalzi ed assicurandosi che durante l&#8217;attivit\u00e0 l&#8217;intero cablaggio non venga in alcun modo danneggiato. La fase di studio \u00e8 impostata in modo da capire se <strong>l&#8217;installazione dei cavi debba essere in posa fissa o mobile<\/strong> ed inoltre, tornando alla questione sicurezza, se <strong>l&#8217;area di passaggio del cavo sia o meno esposta a punti taglienti<\/strong>. In casi come questo, durante la progettazione verranno previste delle guaine speciali di protezione antitaglio, per assicurare al cablaggio un pieno funzionamento anche in situazioni di potenziale vulnerabilit\u00e0.<\/p>\n<p>Infine, per favorire le successive operazioni di installazione, l&#8217;esperto valuta attentamente quale sia <strong>la migliore modalit\u00e0 di montaggio per lo specifico macchinario<\/strong>, individuando eventuali complessit\u00e0 e preimpostando il lavoro cos\u00ec da non arrivare impreparato al momento dell&#8217;effettiva applicazione.<\/p>\n<p>Come si \u00e8 potuto notare <strong>il lavoro preliminare alla progettazione vera e propria \u00e8 lungo e ricco di dettagli<\/strong>, ma \u00e8 un processo necessario a garantire <strong>un prodotto di qualit\u00e0 e perfettamente adeguato alla specifica esigenza del cliente<\/strong>.<\/p>\n<div style=\"height: 48px;\"><\/div>\n<h2>Il costo del servizio<\/h2>\n<p><strong>Il nostro obiettivo \u00e8 sempre e comunque quello di cooperare attivamente con il cliente<\/strong> cercando di soddisfarne le richieste ottimizzando al contempo i costi. Per fare ci\u00f2, chiaramente, <strong>il preventivo da noi stilato pu\u00f2 variare di volta in volta<\/strong> in base alle operazioni da svolgere ed al singolo dispositivo da cablare che, come visto, pu\u00f2 nascondere diverse problematiche e difficolt\u00e0 di installazione.<\/p>\n<p>Nonostante ci\u00f2, <strong>la nostra attenzione al cliente \u00e8 in grado di superare ogni possibile ostacolo<\/strong> e, se decider\u00e0 di sceglierci, non sar\u00e0 un problema accordarsi sul costo della progettazione. Chiaramente <strong>l&#8217;entit\u00e0 del lavoro da effettuare potr\u00e0 influire sullo sconto finale<\/strong>: progettazioni semplici e rapide senza troppe criticit\u00e0 potranno essere considerate come un nostro piccolo omaggio in seguito all&#8217;acquisto del prodotto, mentre <strong>il costo di progettazioni pi\u00f9 elaborate potr\u00e0 essere rimodulato insieme al primo ordine di produzione<\/strong>.<\/p>\n<p><strong>ErreBi far\u00e0 sempre il primo passo per andare incontro ai bisogni del cliente<\/strong>, con la certezza che competenza e qualit\u00e0 siano in ogni caso <strong>garanzia di piena soddisfazione<\/strong>.<\/p>\n<div style=\"height: 48px;\"><\/div>\n<h2>Agevolazioni per la produzione<\/h2>\n<p>Oltre ad ottenere, quindi, <strong>la consulenza di un esperto del settore e la progettazione del cablaggio adatto in ogni sua parte al macchinario<\/strong>, il cliente si ritrover\u00e0 delle importanti agevolazioni riguardo <strong>i tempi di installazione<\/strong> e soprattutto <strong>sui costi totali<\/strong>. Cosa succederebbe se il cablaggio acquistato non fosse precisamente conforme all&#8217;applicazione sul dispositivo? Quanto costerebbero i componenti se non fossero quelli adatti al settore lavorativo di riferimento? Quanto bisognerebbe spendere se per applicare il cablaggio sia necessaria una struttura di supporto? Quanto tempo si perderebbe se ci si accorgesse di ci\u00f2 solamente al momento del montaggio? Queste sono domande che difficilmente un cliente si pone in anticipo, ma sono fattori con cui si fanno i conti soltanto in un secondo momento.<\/p>\n<p><strong>Affidarsi ad un esperto vuol dire prevedere gli eventuali ostacoli<\/strong>, aggirarli preventivamente e scegliere esattamente <strong>il prodotto adatto all&#8217;attivit\u00e0 richiesta<\/strong>, evitando di perdere tempo inutilmente e soprattutto <strong>risparmiando i costi di eventuali scelte sbagliate<\/strong>. Con <strong>ErreBi tutto sar\u00e0 esattamente come deve essere: semplice, efficace e, soprattutto, conveniente<\/strong>.<\/p>\n","protected":false},"excerpt":{"rendered":"<p>La personalizzazione del servizio di cablaggio non consiste soltanto nella consulenza e nel supporto sulla scelta dei giusti componenti, ma si struttura a partire dalla progettazione e la realizzazione del cablaggio stesso in ogni sua parte. Il servizio offerto al cliente parte, dunque, dallo studio della singola situazione e dalla comprensione delle sue effettive necessit\u00e0, [&hellip;]<\/p>\n","protected":false},"author":1,"featured_media":1242,"parent":0,"menu_order":0,"comment_status":"closed","ping_status":"closed","template":"","meta":{"footnotes":""},"class_list":["post-739","page","type-page","status-publish","has-post-thumbnail","hentry"],"yoast_head":"<!-- This site is optimized with the Yoast SEO plugin v27.4 - https:\/\/yoast.com\/product\/yoast-seo-wordpress\/ -->\n<title>Progettazione cablaggi personalizzati e soluzioni custom<\/title>\n<meta name=\"description\" content=\"Il servizio progettazione personalizzata parte dallo studio della singola situazione e dalla comprensione delle effettive necessit\u00e0 del cliente\" \/>\n<meta name=\"robots\" content=\"index, follow, max-snippet:-1, max-image-preview:large, max-video-preview:-1\" \/>\n<link rel=\"canonical\" href=\"https:\/\/www.errebi-group.com\/it\/progettazione-cablaggi\" \/>\n<meta property=\"og:locale\" content=\"it_IT\" \/>\n<meta property=\"og:type\" content=\"article\" \/>\n<meta property=\"og:title\" content=\"Progettazione cablaggi personalizzati e soluzioni custom\" \/>\n<meta property=\"og:description\" content=\"Il servizio progettazione personalizzata parte dallo studio della singola situazione e dalla comprensione delle effettive necessit\u00e0 del cliente\" \/>\n<meta property=\"og:url\" content=\"https:\/\/www.errebi-group.com\/it\/progettazione-cablaggi\" \/>\n<meta property=\"og:site_name\" content=\"ErreBi Group\" \/>\n<meta property=\"article:publisher\" content=\"https:\/\/www.facebook.com\/errebigroupsrl\" \/>\n<meta property=\"article:modified_time\" content=\"2025-07-01T15:25:37+00:00\" \/>\n<meta property=\"og:image\" content=\"https:\/\/www.errebi-group.com\/wp-content\/uploads\/2025\/04\/progettazione-cablaggi-servizi-errebi-group-hero-section.webp\" \/>\n\t<meta property=\"og:image:width\" content=\"1920\" \/>\n\t<meta property=\"og:image:height\" content=\"1080\" \/>\n\t<meta property=\"og:image:type\" content=\"image\/webp\" \/>\n<meta name=\"twitter:card\" content=\"summary_large_image\" \/>\n<meta name=\"twitter:label1\" content=\"Tempo di lettura stimato\" \/>\n\t<meta name=\"twitter:data1\" content=\"6 minuti\" \/>\n<script type=\"application\/ld+json\" class=\"yoast-schema-graph\">{\"@context\":\"https:\\\/\\\/schema.org\",\"@graph\":[{\"@type\":\"WebPage\",\"@id\":\"https:\\\/\\\/www.errebi-group.com\\\/it\\\/progettazione-cablaggi\",\"url\":\"https:\\\/\\\/www.errebi-group.com\\\/it\\\/progettazione-cablaggi\",\"name\":\"Progettazione cablaggi personalizzati e soluzioni custom\",\"isPartOf\":{\"@id\":\"https:\\\/\\\/www.errebi-group.com\\\/it\\\/#website\"},\"primaryImageOfPage\":{\"@id\":\"https:\\\/\\\/www.errebi-group.com\\\/it\\\/progettazione-cablaggi#primaryimage\"},\"image\":{\"@id\":\"https:\\\/\\\/www.errebi-group.com\\\/it\\\/progettazione-cablaggi#primaryimage\"},\"thumbnailUrl\":\"https:\\\/\\\/www.errebi-group.com\\\/wp-content\\\/uploads\\\/2025\\\/04\\\/progettazione-cablaggi-servizi-errebi-group-hero-section.webp\",\"datePublished\":\"2025-04-28T09:50:49+00:00\",\"dateModified\":\"2025-07-01T15:25:37+00:00\",\"description\":\"Il servizio progettazione personalizzata parte dallo studio della singola situazione e dalla comprensione delle effettive necessit\u00e0 del cliente\",\"breadcrumb\":{\"@id\":\"https:\\\/\\\/www.errebi-group.com\\\/it\\\/progettazione-cablaggi#breadcrumb\"},\"inLanguage\":\"it-IT\",\"potentialAction\":[{\"@type\":\"ReadAction\",\"target\":[\"https:\\\/\\\/www.errebi-group.com\\\/it\\\/progettazione-cablaggi\"]}]},{\"@type\":\"ImageObject\",\"inLanguage\":\"it-IT\",\"@id\":\"https:\\\/\\\/www.errebi-group.com\\\/it\\\/progettazione-cablaggi#primaryimage\",\"url\":\"https:\\\/\\\/www.errebi-group.com\\\/wp-content\\\/uploads\\\/2025\\\/04\\\/progettazione-cablaggi-servizi-errebi-group-hero-section.webp\",\"contentUrl\":\"https:\\\/\\\/www.errebi-group.com\\\/wp-content\\\/uploads\\\/2025\\\/04\\\/progettazione-cablaggi-servizi-errebi-group-hero-section.webp\",\"width\":1920,\"height\":1080,\"caption\":\"Tecnico misura la lunghezza di un cablaggio multicolore con estrema precisione\"},{\"@type\":\"BreadcrumbList\",\"@id\":\"https:\\\/\\\/www.errebi-group.com\\\/it\\\/progettazione-cablaggi#breadcrumb\",\"itemListElement\":[{\"@type\":\"ListItem\",\"position\":1,\"name\":\"Home\",\"item\":\"https:\\\/\\\/www.errebi-group.com\\\/it\"},{\"@type\":\"ListItem\",\"position\":2,\"name\":\"Progettazione cablaggi personalizzati\"}]},{\"@type\":\"WebSite\",\"@id\":\"https:\\\/\\\/www.errebi-group.com\\\/it\\\/#website\",\"url\":\"https:\\\/\\\/www.errebi-group.com\\\/it\\\/\",\"name\":\"Errebi Group - Azienda produttrice di Cablaggi e Quadri Elettrici\",\"description\":\"Azienda produttrice di Cablaggi e Quadri Elettrici\",\"publisher\":{\"@id\":\"https:\\\/\\\/www.errebi-group.com\\\/it\\\/#organization\"},\"potentialAction\":[{\"@type\":\"SearchAction\",\"target\":{\"@type\":\"EntryPoint\",\"urlTemplate\":\"https:\\\/\\\/www.errebi-group.com\\\/it\\\/?s={search_term_string}\"},\"query-input\":{\"@type\":\"PropertyValueSpecification\",\"valueRequired\":true,\"valueName\":\"search_term_string\"}}],\"inLanguage\":\"it-IT\"},{\"@type\":\"Organization\",\"@id\":\"https:\\\/\\\/www.errebi-group.com\\\/it\\\/#organization\",\"name\":\"Errebi Group\",\"url\":\"https:\\\/\\\/www.errebi-group.com\\\/it\\\/\",\"logo\":{\"@type\":\"ImageObject\",\"inLanguage\":\"it-IT\",\"@id\":\"https:\\\/\\\/www.errebi-group.com\\\/it\\\/#\\\/schema\\\/logo\\\/image\\\/\",\"url\":\"https:\\\/\\\/www.errebi-group.com\\\/wp-content\\\/uploads\\\/2025\\\/04\\\/logo-errebi-group-payoff-white-website.png\",\"contentUrl\":\"https:\\\/\\\/www.errebi-group.com\\\/wp-content\\\/uploads\\\/2025\\\/04\\\/logo-errebi-group-payoff-white-website.png\",\"width\":610,\"height\":100,\"caption\":\"Errebi Group\"},\"image\":{\"@id\":\"https:\\\/\\\/www.errebi-group.com\\\/it\\\/#\\\/schema\\\/logo\\\/image\\\/\"},\"sameAs\":[\"https:\\\/\\\/www.facebook.com\\\/errebigroupsrl\",\"https:\\\/\\\/www.instagram.com\\\/errebi.group?igsh=cGNzN3FpcDFqNm1i\",\"https:\\\/\\\/www.linkedin.com\\\/company\\\/errebigroup\\\/?originalSubdomain=it\",\"https:\\\/\\\/www.youtube.com\\\/@errebigroup\"]}]}<\/script>\n<!-- \/ Yoast SEO plugin. -->","yoast_head_json":{"title":"Progettazione cablaggi personalizzati e soluzioni custom","description":"Il servizio progettazione personalizzata parte dallo studio della singola situazione e dalla comprensione delle effettive necessit\u00e0 del cliente","robots":{"index":"index","follow":"follow","max-snippet":"max-snippet:-1","max-image-preview":"max-image-preview:large","max-video-preview":"max-video-preview:-1"},"canonical":"https:\/\/www.errebi-group.com\/it\/progettazione-cablaggi","og_locale":"it_IT","og_type":"article","og_title":"Progettazione cablaggi personalizzati e soluzioni custom","og_description":"Il servizio progettazione personalizzata parte dallo studio della singola situazione e dalla comprensione delle effettive necessit\u00e0 del cliente","og_url":"https:\/\/www.errebi-group.com\/it\/progettazione-cablaggi","og_site_name":"ErreBi Group","article_publisher":"https:\/\/www.facebook.com\/errebigroupsrl","article_modified_time":"2025-07-01T15:25:37+00:00","og_image":[{"width":1920,"height":1080,"url":"https:\/\/www.errebi-group.com\/wp-content\/uploads\/2025\/04\/progettazione-cablaggi-servizi-errebi-group-hero-section.webp","type":"image\/webp"}],"twitter_card":"summary_large_image","twitter_misc":{"Tempo di lettura stimato":"6 minuti"},"schema":{"@context":"https:\/\/schema.org","@graph":[{"@type":"WebPage","@id":"https:\/\/www.errebi-group.com\/it\/progettazione-cablaggi","url":"https:\/\/www.errebi-group.com\/it\/progettazione-cablaggi","name":"Progettazione cablaggi personalizzati e soluzioni custom","isPartOf":{"@id":"https:\/\/www.errebi-group.com\/it\/#website"},"primaryImageOfPage":{"@id":"https:\/\/www.errebi-group.com\/it\/progettazione-cablaggi#primaryimage"},"image":{"@id":"https:\/\/www.errebi-group.com\/it\/progettazione-cablaggi#primaryimage"},"thumbnailUrl":"https:\/\/www.errebi-group.com\/wp-content\/uploads\/2025\/04\/progettazione-cablaggi-servizi-errebi-group-hero-section.webp","datePublished":"2025-04-28T09:50:49+00:00","dateModified":"2025-07-01T15:25:37+00:00","description":"Il servizio progettazione personalizzata parte dallo studio della singola situazione e dalla comprensione delle effettive necessit\u00e0 del cliente","breadcrumb":{"@id":"https:\/\/www.errebi-group.com\/it\/progettazione-cablaggi#breadcrumb"},"inLanguage":"it-IT","potentialAction":[{"@type":"ReadAction","target":["https:\/\/www.errebi-group.com\/it\/progettazione-cablaggi"]}]},{"@type":"ImageObject","inLanguage":"it-IT","@id":"https:\/\/www.errebi-group.com\/it\/progettazione-cablaggi#primaryimage","url":"https:\/\/www.errebi-group.com\/wp-content\/uploads\/2025\/04\/progettazione-cablaggi-servizi-errebi-group-hero-section.webp","contentUrl":"https:\/\/www.errebi-group.com\/wp-content\/uploads\/2025\/04\/progettazione-cablaggi-servizi-errebi-group-hero-section.webp","width":1920,"height":1080,"caption":"Tecnico misura la lunghezza di un cablaggio multicolore con estrema precisione"},{"@type":"BreadcrumbList","@id":"https:\/\/www.errebi-group.com\/it\/progettazione-cablaggi#breadcrumb","itemListElement":[{"@type":"ListItem","position":1,"name":"Home","item":"https:\/\/www.errebi-group.com\/it"},{"@type":"ListItem","position":2,"name":"Progettazione cablaggi personalizzati"}]},{"@type":"WebSite","@id":"https:\/\/www.errebi-group.com\/it\/#website","url":"https:\/\/www.errebi-group.com\/it\/","name":"Errebi Group - Azienda produttrice di Cablaggi e Quadri Elettrici","description":"Azienda produttrice di Cablaggi e Quadri Elettrici","publisher":{"@id":"https:\/\/www.errebi-group.com\/it\/#organization"},"potentialAction":[{"@type":"SearchAction","target":{"@type":"EntryPoint","urlTemplate":"https:\/\/www.errebi-group.com\/it\/?s={search_term_string}"},"query-input":{"@type":"PropertyValueSpecification","valueRequired":true,"valueName":"search_term_string"}}],"inLanguage":"it-IT"},{"@type":"Organization","@id":"https:\/\/www.errebi-group.com\/it\/#organization","name":"Errebi Group","url":"https:\/\/www.errebi-group.com\/it\/","logo":{"@type":"ImageObject","inLanguage":"it-IT","@id":"https:\/\/www.errebi-group.com\/it\/#\/schema\/logo\/image\/","url":"https:\/\/www.errebi-group.com\/wp-content\/uploads\/2025\/04\/logo-errebi-group-payoff-white-website.png","contentUrl":"https:\/\/www.errebi-group.com\/wp-content\/uploads\/2025\/04\/logo-errebi-group-payoff-white-website.png","width":610,"height":100,"caption":"Errebi Group"},"image":{"@id":"https:\/\/www.errebi-group.com\/it\/#\/schema\/logo\/image\/"},"sameAs":["https:\/\/www.facebook.com\/errebigroupsrl","https:\/\/www.instagram.com\/errebi.group?igsh=cGNzN3FpcDFqNm1i","https:\/\/www.linkedin.com\/company\/errebigroup\/?originalSubdomain=it","https:\/\/www.youtube.com\/@errebigroup"]}]}},"_links":{"self":[{"href":"https:\/\/www.errebi-group.com\/it\/wp-json\/wp\/v2\/pages\/739","targetHints":{"allow":["GET"]}}],"collection":[{"href":"https:\/\/www.errebi-group.com\/it\/wp-json\/wp\/v2\/pages"}],"about":[{"href":"https:\/\/www.errebi-group.com\/it\/wp-json\/wp\/v2\/types\/page"}],"author":[{"embeddable":true,"href":"https:\/\/www.errebi-group.com\/it\/wp-json\/wp\/v2\/users\/1"}],"replies":[{"embeddable":true,"href":"https:\/\/www.errebi-group.com\/it\/wp-json\/wp\/v2\/comments?post=739"}],"version-history":[{"count":7,"href":"https:\/\/www.errebi-group.com\/it\/wp-json\/wp\/v2\/pages\/739\/revisions"}],"predecessor-version":[{"id":1248,"href":"https:\/\/www.errebi-group.com\/it\/wp-json\/wp\/v2\/pages\/739\/revisions\/1248"}],"wp:featuredmedia":[{"embeddable":true,"href":"https:\/\/www.errebi-group.com\/it\/wp-json\/wp\/v2\/media\/1242"}],"wp:attachment":[{"href":"https:\/\/www.errebi-group.com\/it\/wp-json\/wp\/v2\/media?parent=739"}],"curies":[{"name":"wp","href":"https:\/\/api.w.org\/{rel}","templated":true}]}}