{"id":745,"date":"2025-04-28T09:55:51","date_gmt":"2025-04-28T09:55:51","guid":{"rendered":"https:\/\/www.errebi-group.com\/?page_id=745"},"modified":"2025-07-01T15:26:39","modified_gmt":"2025-07-01T15:26:39","slug":"stampa-prototipi-3d","status":"publish","type":"page","link":"https:\/\/www.errebi-group.com\/it\/stampa-prototipi-3d","title":{"rendered":"Servizio di stampa prototipi 3D"},"content":{"rendered":"<p>Il <strong>servizio di stampa 3D<\/strong> permette di creare oggetti reali partendo da <strong>un modello digitale<\/strong>, ottenuto grazie all\u2019utilizzo di software specifici.<\/p>\n<p>Questi software permettono di <strong>personalizzare i diversi parametri necessari alla stampa<\/strong> per realizzare un oggetto a seconda delle sue definite caratteristiche.<\/p>\n<p>Il processo di creazione \u00e8 chiamato <strong>\u201cproduzione additiva\u201d<\/strong> (in opposizione alla \u201cproduzione sottrattiva\u201d) e consente di aggiungere uno ad uno tutti gli strati che compongono il modello da realizzare.<\/p>\n<p>La <strong>stampa 3D<\/strong> \u00e8 chiamata anche <strong>\u201cprototipazione rapida\u201d<\/strong> proprio perch\u00e9 permette di ottenere dei prototipi molto accurati, in modo piuttosto veloce rispetto alle tecniche tradizionali.<\/p>\n<div style=\"height: 48px;\"><\/div>\n<h2>Quali tipi di componenti<\/h2>\n<p>Le <strong>componenti realizzate con le stampanti 3D<\/strong> possono essere di diversa natura, da differenziare in base alla tipologia di materiale.<\/p>\n<p>Abbiamo, ad esempio:<\/p>\n<ul>\n<li><strong>Materiali rigidi-opachi<\/strong>: (per esempio PLA o PLA+, ABS o ABS+ e nylon) questi prodotti possono essere trattati in un secondo momento tramite operazioni di finitura, lucidatura o verniciatura;<\/li>\n<li><strong>Materiali resistenti alle alte temperature<\/strong>: i componenti realizzati assicurano performance eccellenti anche se sottoposti ad elevati sbalzi termici.<\/li>\n<li><strong>Materiali trasparenti<\/strong>: ideali per realizzare prototipi in materiali che ricordino il pi\u00f9 possibile il vetro per trasparenza e consistenza.<\/li>\n<li><strong>Materiali elastici<\/strong>: anche l\u2019elasticit\u00e0 e la resistenza alle tensioni meccaniche \u00e8 una caratteristica importante, che pu\u00f2 essere richiesta per un prototipo in particolari condizioni. In questo caso vengono solitamente utilizzate resine elastiche adatte allo scopo.<\/li>\n<li><strong>Materiali biocompatibili<\/strong>: queste componenti sono indispensabili soprattutto nel campo medico e alimentare, per cui sono richiesti precisi standard di sicurezza da rispettare.<\/li>\n<li><strong>Materiali metallici<\/strong>: con le stampanti 3D \u00e8 possibile infatti ottenere componenti realizzate grazie all\u2019impiego di una particolare polvere, la quale funge da base per la prototipazione di prodotti finiti in metallo.<\/li>\n<\/ul>\n<div style=\"height: 48px;\"><\/div>\n<h2>Vantaggi della prototipazione con stampa 3D<\/h2>\n<p><strong>I vantaggi di usare stampe 3D sono molteplici<\/strong>, ma i pi\u00f9 significativi sono sicuramente:<\/p>\n<ul>\n<li><strong>Accuratezza e precisione nel realizzare prototipi di ogni dimensione<\/strong>, caratteristica utile soprattutto nel caso di prodotti con una grandezza particolarmente minuta, difficilmente realizzabili artigianalmente o con altre tecnologie;<\/li>\n<li><strong>Tempi di realizzazione relativamente brevi<\/strong> e <strong>riduzione dei costi di lavorazione<\/strong>;<\/li>\n<li><strong>Relativa facilit\u00e0 di utilizzo dei macchinari<\/strong>.<\/li>\n<\/ul>\n<p>Per tutti questi motivi, attualmente <strong>la stampa in 3D \u00e8 una procedura sempre pi\u00f9 utilizzata in tantissimi settori<\/strong>. Di conseguenza sono in crescita <strong>le figure specializzate nello svolgimento di questo tipo di lavorazione<\/strong>, la quale si aggiorna costantemente con modifiche e innovazioni per rendere <strong>i componenti prodotti sempre pi\u00f9 performanti e precisi<\/strong>.<\/p>\n<div style=\"height: 48px;\"><\/div>\n<h2>Casistiche di utilizzo<\/h2>\n<p><strong>Realizzare prodotti tramite il processo di stampa 3D<\/strong> offre numerosi vantaggi e opportunit\u00e0 rispetto alle creazioni di prototipi legate a metodologie tradizionali. <strong>Prototipi e modelli 3D<\/strong> sono utilizzati in tantissimi campi, non soltanto in quello dell\u2019oggettistica o del design personalizzato e, di conseguenza, anche <strong>i cablaggi per stampe 3D<\/strong> trovano un vastissimo impiego.<\/p>\n<p>Alcuni dei settori di utilizzo possono essere:<\/p>\n<ul>\n<li><strong>Settore biomedico<\/strong>: protesi e tessuti specifici<\/li>\n<li><strong>Settore robotico e\/o automotive<\/strong>: prototipi o componenti da applicare all\u2019interno di macchinari o attrezzature;<\/li>\n<li><strong>Settore architettonico<\/strong>: realizzazione di piante in 3D di stabili, edifici o porzioni di essi.<\/li>\n<li><strong>Settore artistico<\/strong>: nel caso di sculture o installazioni contemporanee.<\/li>\n<\/ul>\n<div style=\"height: 48px;\"><\/div>\n<h2>Come gestiamo la prototipazione<\/h2>\n<p><strong>Gestire la prototipazione di una stampante 3D<\/strong> non \u00e8 complicatissimo, ma richiede molta attenzione, precisione e soprattutto <strong>una conoscenza approfondita di ogni step di lavorazione<\/strong>. Tralasciarne uno o svolgerlo in maniera approssimativa, infatti, potrebbe compromettere il risultato finale.<\/p>\n<p>Ecco, a grandi linee come si gestisce la prototipazione: la prima fase \u00e8 rappresentata <strong>dalla progettazione<\/strong>. In questa fase viene realizzato su un computer <strong>il modello digitale che si intende stampare<\/strong>. Per la realizzazione del modello si utilizza solitamente <strong>un programma specifico<\/strong> come pu\u00f2 essere, ad esempio, Cad 3D. Il computer va, successivamente, collegato alla macchina e si procede quindi a <strong>trasferire il file sul software di stampa<\/strong>. Il software, accedendo a dettagli e caratteristiche del modello digitale, pu\u00f2 garantire <strong>la corretta ed accurata stampa del prototipo<\/strong>.<\/p>\n<p>A questo punto comincia <strong>il vero e proprio processo di stampa<\/strong>: ogni stampante 3D ha di solito 3 assi lungo cui pu\u00f2 muoversi, con l\u2019estrusore che deposita il materiale sul piatto di stampa strato su strato. La durata di questo processo pu\u00f2 avere <strong>una durata variabile<\/strong>, la quale si differenzia a seconda della <strong>complessit\u00e0 del prototipo<\/strong> e dal <strong>materiale utilizzato<\/strong>.<\/p>\n","protected":false},"excerpt":{"rendered":"<p>Il servizio di stampa 3D permette di creare oggetti reali partendo da un modello digitale, ottenuto grazie all\u2019utilizzo di software specifici. Questi software permettono di personalizzare i diversi parametri necessari alla stampa per realizzare un oggetto a seconda delle sue definite caratteristiche. Il processo di creazione \u00e8 chiamato \u201cproduzione additiva\u201d (in opposizione alla \u201cproduzione sottrattiva\u201d) [&hellip;]<\/p>\n","protected":false},"author":1,"featured_media":1243,"parent":0,"menu_order":0,"comment_status":"closed","ping_status":"closed","template":"","meta":{"footnotes":""},"class_list":["post-745","page","type-page","status-publish","has-post-thumbnail","hentry"],"yoast_head":"<!-- This site is optimized with the Yoast SEO plugin v27.4 - https:\/\/yoast.com\/product\/yoast-seo-wordpress\/ -->\n<title>Stampa 3D prototipazione rapida<\/title>\n<meta name=\"description\" content=\"Il servizio di stampa 3D permette di creare oggetti reali partendo da un modello digitale, ottenuto grazie all\u2019utilizzo di software specifici\" \/>\n<meta name=\"robots\" content=\"index, follow, max-snippet:-1, max-image-preview:large, max-video-preview:-1\" \/>\n<link rel=\"canonical\" href=\"https:\/\/www.errebi-group.com\/it\/stampa-prototipi-3d\" \/>\n<meta property=\"og:locale\" content=\"it_IT\" \/>\n<meta property=\"og:type\" content=\"article\" \/>\n<meta property=\"og:title\" content=\"Stampa 3D prototipazione rapida\" \/>\n<meta property=\"og:description\" content=\"Il servizio di stampa 3D permette di creare oggetti reali partendo da un modello digitale, ottenuto grazie all\u2019utilizzo di software specifici\" \/>\n<meta property=\"og:url\" content=\"https:\/\/www.errebi-group.com\/it\/stampa-prototipi-3d\" \/>\n<meta property=\"og:site_name\" content=\"ErreBi Group\" \/>\n<meta property=\"article:publisher\" content=\"https:\/\/www.facebook.com\/errebigroupsrl\" \/>\n<meta property=\"article:modified_time\" content=\"2025-07-01T15:26:39+00:00\" \/>\n<meta property=\"og:image\" content=\"https:\/\/www.errebi-group.com\/wp-content\/uploads\/2025\/04\/stampa-3d-servizi-errebi-group-hero-section.webp\" \/>\n\t<meta property=\"og:image:width\" content=\"1920\" \/>\n\t<meta property=\"og:image:height\" content=\"1080\" \/>\n\t<meta property=\"og:image:type\" content=\"image\/webp\" \/>\n<meta name=\"twitter:card\" content=\"summary_large_image\" \/>\n<meta name=\"twitter:label1\" content=\"Tempo di lettura stimato\" \/>\n\t<meta name=\"twitter:data1\" content=\"4 minuti\" \/>\n<script type=\"application\/ld+json\" class=\"yoast-schema-graph\">{\"@context\":\"https:\\\/\\\/schema.org\",\"@graph\":[{\"@type\":\"WebPage\",\"@id\":\"https:\\\/\\\/www.errebi-group.com\\\/it\\\/stampa-prototipi-3d\",\"url\":\"https:\\\/\\\/www.errebi-group.com\\\/it\\\/stampa-prototipi-3d\",\"name\":\"Stampa 3D prototipazione rapida\",\"isPartOf\":{\"@id\":\"https:\\\/\\\/www.errebi-group.com\\\/it\\\/#website\"},\"primaryImageOfPage\":{\"@id\":\"https:\\\/\\\/www.errebi-group.com\\\/it\\\/stampa-prototipi-3d#primaryimage\"},\"image\":{\"@id\":\"https:\\\/\\\/www.errebi-group.com\\\/it\\\/stampa-prototipi-3d#primaryimage\"},\"thumbnailUrl\":\"https:\\\/\\\/www.errebi-group.com\\\/wp-content\\\/uploads\\\/2025\\\/04\\\/stampa-3d-servizi-errebi-group-hero-section.webp\",\"datePublished\":\"2025-04-28T09:55:51+00:00\",\"dateModified\":\"2025-07-01T15:26:39+00:00\",\"description\":\"Il servizio di stampa 3D permette di creare oggetti reali partendo da un modello digitale, ottenuto grazie all\u2019utilizzo di software specifici\",\"breadcrumb\":{\"@id\":\"https:\\\/\\\/www.errebi-group.com\\\/it\\\/stampa-prototipi-3d#breadcrumb\"},\"inLanguage\":\"it-IT\",\"potentialAction\":[{\"@type\":\"ReadAction\",\"target\":[\"https:\\\/\\\/www.errebi-group.com\\\/it\\\/stampa-prototipi-3d\"]}]},{\"@type\":\"ImageObject\",\"inLanguage\":\"it-IT\",\"@id\":\"https:\\\/\\\/www.errebi-group.com\\\/it\\\/stampa-prototipi-3d#primaryimage\",\"url\":\"https:\\\/\\\/www.errebi-group.com\\\/wp-content\\\/uploads\\\/2025\\\/04\\\/stampa-3d-servizi-errebi-group-hero-section.webp\",\"contentUrl\":\"https:\\\/\\\/www.errebi-group.com\\\/wp-content\\\/uploads\\\/2025\\\/04\\\/stampa-3d-servizi-errebi-group-hero-section.webp\",\"width\":1920,\"height\":1080,\"caption\":\"Stampante 3D in azione durante la realizzazione di un componente plastico tecnico\"},{\"@type\":\"BreadcrumbList\",\"@id\":\"https:\\\/\\\/www.errebi-group.com\\\/it\\\/stampa-prototipi-3d#breadcrumb\",\"itemListElement\":[{\"@type\":\"ListItem\",\"position\":1,\"name\":\"Home\",\"item\":\"https:\\\/\\\/www.errebi-group.com\\\/it\"},{\"@type\":\"ListItem\",\"position\":2,\"name\":\"Servizio di stampa prototipi 3D\"}]},{\"@type\":\"WebSite\",\"@id\":\"https:\\\/\\\/www.errebi-group.com\\\/it\\\/#website\",\"url\":\"https:\\\/\\\/www.errebi-group.com\\\/it\\\/\",\"name\":\"Errebi Group - Azienda produttrice di Cablaggi e Quadri Elettrici\",\"description\":\"Azienda produttrice di Cablaggi e Quadri Elettrici\",\"publisher\":{\"@id\":\"https:\\\/\\\/www.errebi-group.com\\\/it\\\/#organization\"},\"potentialAction\":[{\"@type\":\"SearchAction\",\"target\":{\"@type\":\"EntryPoint\",\"urlTemplate\":\"https:\\\/\\\/www.errebi-group.com\\\/it\\\/?s={search_term_string}\"},\"query-input\":{\"@type\":\"PropertyValueSpecification\",\"valueRequired\":true,\"valueName\":\"search_term_string\"}}],\"inLanguage\":\"it-IT\"},{\"@type\":\"Organization\",\"@id\":\"https:\\\/\\\/www.errebi-group.com\\\/it\\\/#organization\",\"name\":\"Errebi Group\",\"url\":\"https:\\\/\\\/www.errebi-group.com\\\/it\\\/\",\"logo\":{\"@type\":\"ImageObject\",\"inLanguage\":\"it-IT\",\"@id\":\"https:\\\/\\\/www.errebi-group.com\\\/it\\\/#\\\/schema\\\/logo\\\/image\\\/\",\"url\":\"https:\\\/\\\/www.errebi-group.com\\\/wp-content\\\/uploads\\\/2025\\\/04\\\/logo-errebi-group-payoff-white-website.png\",\"contentUrl\":\"https:\\\/\\\/www.errebi-group.com\\\/wp-content\\\/uploads\\\/2025\\\/04\\\/logo-errebi-group-payoff-white-website.png\",\"width\":610,\"height\":100,\"caption\":\"Errebi Group\"},\"image\":{\"@id\":\"https:\\\/\\\/www.errebi-group.com\\\/it\\\/#\\\/schema\\\/logo\\\/image\\\/\"},\"sameAs\":[\"https:\\\/\\\/www.facebook.com\\\/errebigroupsrl\",\"https:\\\/\\\/www.instagram.com\\\/errebi.group?igsh=cGNzN3FpcDFqNm1i\",\"https:\\\/\\\/www.linkedin.com\\\/company\\\/errebigroup\\\/?originalSubdomain=it\",\"https:\\\/\\\/www.youtube.com\\\/@errebigroup\"]}]}<\/script>\n<!-- \/ Yoast SEO plugin. -->","yoast_head_json":{"title":"Stampa 3D prototipazione rapida","description":"Il servizio di stampa 3D permette di creare oggetti reali partendo da un modello digitale, ottenuto grazie all\u2019utilizzo di software specifici","robots":{"index":"index","follow":"follow","max-snippet":"max-snippet:-1","max-image-preview":"max-image-preview:large","max-video-preview":"max-video-preview:-1"},"canonical":"https:\/\/www.errebi-group.com\/it\/stampa-prototipi-3d","og_locale":"it_IT","og_type":"article","og_title":"Stampa 3D prototipazione rapida","og_description":"Il servizio di stampa 3D permette di creare oggetti reali partendo da un modello digitale, ottenuto grazie all\u2019utilizzo di software specifici","og_url":"https:\/\/www.errebi-group.com\/it\/stampa-prototipi-3d","og_site_name":"ErreBi Group","article_publisher":"https:\/\/www.facebook.com\/errebigroupsrl","article_modified_time":"2025-07-01T15:26:39+00:00","og_image":[{"width":1920,"height":1080,"url":"https:\/\/www.errebi-group.com\/wp-content\/uploads\/2025\/04\/stampa-3d-servizi-errebi-group-hero-section.webp","type":"image\/webp"}],"twitter_card":"summary_large_image","twitter_misc":{"Tempo di lettura stimato":"4 minuti"},"schema":{"@context":"https:\/\/schema.org","@graph":[{"@type":"WebPage","@id":"https:\/\/www.errebi-group.com\/it\/stampa-prototipi-3d","url":"https:\/\/www.errebi-group.com\/it\/stampa-prototipi-3d","name":"Stampa 3D prototipazione rapida","isPartOf":{"@id":"https:\/\/www.errebi-group.com\/it\/#website"},"primaryImageOfPage":{"@id":"https:\/\/www.errebi-group.com\/it\/stampa-prototipi-3d#primaryimage"},"image":{"@id":"https:\/\/www.errebi-group.com\/it\/stampa-prototipi-3d#primaryimage"},"thumbnailUrl":"https:\/\/www.errebi-group.com\/wp-content\/uploads\/2025\/04\/stampa-3d-servizi-errebi-group-hero-section.webp","datePublished":"2025-04-28T09:55:51+00:00","dateModified":"2025-07-01T15:26:39+00:00","description":"Il servizio di stampa 3D permette di creare oggetti reali partendo da un modello digitale, ottenuto grazie all\u2019utilizzo di software specifici","breadcrumb":{"@id":"https:\/\/www.errebi-group.com\/it\/stampa-prototipi-3d#breadcrumb"},"inLanguage":"it-IT","potentialAction":[{"@type":"ReadAction","target":["https:\/\/www.errebi-group.com\/it\/stampa-prototipi-3d"]}]},{"@type":"ImageObject","inLanguage":"it-IT","@id":"https:\/\/www.errebi-group.com\/it\/stampa-prototipi-3d#primaryimage","url":"https:\/\/www.errebi-group.com\/wp-content\/uploads\/2025\/04\/stampa-3d-servizi-errebi-group-hero-section.webp","contentUrl":"https:\/\/www.errebi-group.com\/wp-content\/uploads\/2025\/04\/stampa-3d-servizi-errebi-group-hero-section.webp","width":1920,"height":1080,"caption":"Stampante 3D in azione durante la realizzazione di un componente plastico tecnico"},{"@type":"BreadcrumbList","@id":"https:\/\/www.errebi-group.com\/it\/stampa-prototipi-3d#breadcrumb","itemListElement":[{"@type":"ListItem","position":1,"name":"Home","item":"https:\/\/www.errebi-group.com\/it"},{"@type":"ListItem","position":2,"name":"Servizio di stampa prototipi 3D"}]},{"@type":"WebSite","@id":"https:\/\/www.errebi-group.com\/it\/#website","url":"https:\/\/www.errebi-group.com\/it\/","name":"Errebi Group - Azienda produttrice di Cablaggi e Quadri Elettrici","description":"Azienda produttrice di Cablaggi e Quadri Elettrici","publisher":{"@id":"https:\/\/www.errebi-group.com\/it\/#organization"},"potentialAction":[{"@type":"SearchAction","target":{"@type":"EntryPoint","urlTemplate":"https:\/\/www.errebi-group.com\/it\/?s={search_term_string}"},"query-input":{"@type":"PropertyValueSpecification","valueRequired":true,"valueName":"search_term_string"}}],"inLanguage":"it-IT"},{"@type":"Organization","@id":"https:\/\/www.errebi-group.com\/it\/#organization","name":"Errebi Group","url":"https:\/\/www.errebi-group.com\/it\/","logo":{"@type":"ImageObject","inLanguage":"it-IT","@id":"https:\/\/www.errebi-group.com\/it\/#\/schema\/logo\/image\/","url":"https:\/\/www.errebi-group.com\/wp-content\/uploads\/2025\/04\/logo-errebi-group-payoff-white-website.png","contentUrl":"https:\/\/www.errebi-group.com\/wp-content\/uploads\/2025\/04\/logo-errebi-group-payoff-white-website.png","width":610,"height":100,"caption":"Errebi Group"},"image":{"@id":"https:\/\/www.errebi-group.com\/it\/#\/schema\/logo\/image\/"},"sameAs":["https:\/\/www.facebook.com\/errebigroupsrl","https:\/\/www.instagram.com\/errebi.group?igsh=cGNzN3FpcDFqNm1i","https:\/\/www.linkedin.com\/company\/errebigroup\/?originalSubdomain=it","https:\/\/www.youtube.com\/@errebigroup"]}]}},"_links":{"self":[{"href":"https:\/\/www.errebi-group.com\/it\/wp-json\/wp\/v2\/pages\/745","targetHints":{"allow":["GET"]}}],"collection":[{"href":"https:\/\/www.errebi-group.com\/it\/wp-json\/wp\/v2\/pages"}],"about":[{"href":"https:\/\/www.errebi-group.com\/it\/wp-json\/wp\/v2\/types\/page"}],"author":[{"embeddable":true,"href":"https:\/\/www.errebi-group.com\/it\/wp-json\/wp\/v2\/users\/1"}],"replies":[{"embeddable":true,"href":"https:\/\/www.errebi-group.com\/it\/wp-json\/wp\/v2\/comments?post=745"}],"version-history":[{"count":6,"href":"https:\/\/www.errebi-group.com\/it\/wp-json\/wp\/v2\/pages\/745\/revisions"}],"predecessor-version":[{"id":1249,"href":"https:\/\/www.errebi-group.com\/it\/wp-json\/wp\/v2\/pages\/745\/revisions\/1249"}],"wp:featuredmedia":[{"embeddable":true,"href":"https:\/\/www.errebi-group.com\/it\/wp-json\/wp\/v2\/media\/1243"}],"wp:attachment":[{"href":"https:\/\/www.errebi-group.com\/it\/wp-json\/wp\/v2\/media?parent=745"}],"curies":[{"name":"wp","href":"https:\/\/api.w.org\/{rel}","templated":true}]}}