{"id":751,"date":"2025-04-28T10:06:53","date_gmt":"2025-04-28T10:06:53","guid":{"rendered":"https:\/\/www.errebi-group.com\/?page_id=751"},"modified":"2025-07-01T15:27:48","modified_gmt":"2025-07-01T15:27:48","slug":"lavorazioni-meccaniche","status":"publish","type":"page","link":"https:\/\/www.errebi-group.com\/it\/lavorazioni-meccaniche","title":{"rendered":"Lavorazioni meccaniche"},"content":{"rendered":"<p><strong>L&#8217;abilit\u00e0 dei nostri esperti nell&#8217;identificare le specifiche esigenze del cliente ed applicare il cablaggio pi\u00f9 adatto alla situazione<\/strong>, viaggia di pari passo alla nostra capacit\u00e0 di <strong>creare direttamente in sede gli strumenti, le strutture e le componenti necessarie a realizzare il servizio desiderato<\/strong>. Siamo infatti specializzati nella <strong>lavorazione di tantissime e differenti tipologie di materiali<\/strong>, riuscendo cos\u00ec a comporre e rifinire partendo dalla materia prima tutti gli elementi indispensabili per <strong>la <a href=\"https:\/\/www.errebi-group.com\/it\/produzione-cablaggi-elettrici\">realizzazione di un cablaggio<\/a> che garantisca efficacia e qualit\u00e0<\/strong>.<\/p>\n<div style=\"height: 48px;\"><\/div>\n<h2>Quali lavorazioni eseguiamo<\/h2>\n<p>Il <strong>\u201csegreto\u201d per una lavorazione in grado di dare vita a prodotti performanti e durevoli nel tempo<\/strong> \u00e8 senza dubbio <strong>la qualit\u00e0 della materia prima<\/strong>, che i nostri esperti scelgono con cura e selezionano di volta in volta per <strong>lo specifica attivit\u00e0 da svolgere<\/strong>. Ogni materiale, infatti, ha bisogno di un trattamento differente, cos\u00ec come a cambiare \u00e8 <strong>la specifica lavorazione a seconda del prodotto finale<\/strong> di cui si ha bisogno.<\/p>\n<p>\u00c8 possibile svolgere <strong>lavori di taglio laser di materiali come acciaio o materiali plastici<\/strong>, oppure di <strong>fresatura<\/strong> quando subentra la necessit\u00e0 di aumentare il livello di precisione per la rifinitura di strumenti sia di piccola che di grande dimensione. Il laser pu\u00f2 essere inoltre utilizzato per <strong>precise incisioni e marcature<\/strong>, mentre <strong>la pressofusione<\/strong> \u00e8 la perfetta dimostrazione di come una materia prima possa essere scomposta e ricostituita per creare nuove componenti.<\/p>\n<p>Tutte queste lavorazioni possono essere eseguite esclusivamente grazie a <strong>macchinari e strumentazioni all&#8217;avanguardia<\/strong>, utilizzate da <strong>personale esperto e costantemente aggiornato sulle nuove tecniche di intervento<\/strong>.<\/p>\n<div style=\"height: 48px;\"><\/div>\n<h2>Taglio laser<\/h2>\n<p><strong>Il taglio laser<\/strong> \u00e8 una lavorazione che permette con velocit\u00e0 e precisione di ridurre materiali di grandi dimensioni adattandoli allo specifico bisogno. Grazie a questo tipo di attivit\u00e0 \u00e8 possibile intervenire, ad esempio, su <strong>lamiere di differenti materiali<\/strong>, con la possibilit\u00e0 di post-elaborazione grazie a trattamenti termici o rivestimenti.<\/p>\n<p>Riassumendo, dunque, <strong>il taglio laser offre il vantaggio di poter personalizzare la lavorazione<\/strong> in base alla materia prima ed alle finiture desiderate, ottenendo <strong>un lavoro accurato con delle tempistiche particolarmente ridotte<\/strong>.<\/p>\n<div style=\"height: 48px;\"><\/div>\n<h2>Presso fusione<\/h2>\n<p>Attraverso la <strong>pressofusione<\/strong> \u00e8 possibile raccogliere la colata di un materiale appositamente fuso ad altissima temperatura e pressarla all&#8217;interno di stampi dove in seguito viene rimodellata in base allo strumento da ricreare. Il concetto \u00e8 quello di <strong>decomporre la materia prima e ricostituirla in una nuova forma<\/strong>, sfruttandone i punti di forza e trasferirne le qualit\u00e0 nel nuovo prodotto.<\/p>\n<p>La pressofusione viene compiuta in delle <strong>\u201cisole\u201d su cui si lavora ad elevatissimi livelli di temperatura e pressione<\/strong>, attraverso passaggi graduali entro cui il metallo, solitamente acciaio o alluminio, riesce a cambiare il proprio stato senza perdere le proprie caratteristiche.<\/p>\n<p>Il vantaggio principale di questa lavorazione \u00e8 di certo <strong>la possibilit\u00e0 di ottenere prodotti di forme piuttosto complesse con elevati standard di qualit\u00e0<\/strong> e, soprattutto, con <strong>un totale coefficiente di ripetibilit\u00e0<\/strong> offerto dalla precisione degli stampi e dall&#8217;attenzione del personale nel verificare i livelli di pressione e temperatura durante il corso della lavorazione.<\/p>\n<div style=\"height: 48px;\"><\/div>\n<h2>Incisione laser<\/h2>\n<p>L&#8217;utilizzo di <strong>macchinari laser<\/strong> pu\u00f2 essere destinato non soltanto a lavorazioni di taglio, ma anche e soprattutto ad attivit\u00e0 ben pi\u00f9 accorte e meticolose. Si tratta, infatti, del <strong>lavoro di incisione<\/strong>, che pu\u00f2 essere svolto su tantissime tipologie di materiali.<\/p>\n<p>La <strong>precisione e la cura dei dettagli offerti dal laser<\/strong> garantisce qualit\u00e0 ed affidabilit\u00e0, caratteristiche indispensabili per le attivit\u00e0 di <strong>ablazione, annerimento, viraggio del colore<\/strong>, ma anche <strong>asportazione e carbonizzazione<\/strong>.<\/p>\n<p>Tra le lavorazioni pi\u00f9 richieste, inoltre, vi \u00e8 <strong>la marcatura delle etichette<\/strong>, possibile sia su materiali in metallo che in plastica.<\/p>\n<div style=\"height: 48px;\"><\/div>\n<h2>Lavorazioni di Fresatura<\/h2>\n<p>Si ricorre alla <strong>fresatura<\/strong> quando vi \u00e8 la necessit\u00e0 di ottenere <strong>una determinata superficie ben definita a partire da una materia prima di origine<\/strong>. Lo strumento della fresa asporta di fatto parte del materiale, rifinendolo man mano fino ad arrivare alla <strong>forma ed alle dimensioni richieste<\/strong>.<\/p>\n<p>La lavorazione richiede <strong>una grande qualit\u00e0 da parte della macchina e precisione da parte di chi la utilizza<\/strong>, poich\u00e9 per raggiungere l&#8217;obiettivo prefissato \u00e8 necessario <strong>impostare ed allineare sia la velocit\u00e0 di taglio che l&#8217;avanzamento progressivo del materiale<\/strong> su cui intervenire.<\/p>\n<div style=\"height: 48px;\"><\/div>\n<h2>Perch\u00e9 affidarsi a noi<\/h2>\n<p><strong>Esperienza, professionalit\u00e0, disponibilit\u00e0<\/strong>: le parole d&#8217;ordine che assicurano in ogni contesto <strong>la qualit\u00e0 del servizio offerto<\/strong>. Scegliere <strong>Errebi Cablaggi<\/strong> vuol dire affidarsi a specialisti in grado non soltanto di <strong>identificare esattamente quella che \u00e8 l&#8217;esigenza del cliente e trovare la soluzione ai suoi problemi<\/strong>, ma anche di <strong>scegliere le materie prime e realizzare di propria mano le componenti necessarie all&#8217;intervento<\/strong>, utilizzando <strong>strumentazioni moderne per lavorazioni sempre rapide ed accurate<\/strong>.<\/p>\n<p>Il <strong>fai-da-te<\/strong>, in contesti come quello dei cablaggi, non paga praticamente mai: scegliere chi \u00e8 in grado di <strong>seguire un progetto letteralmente dalla A alla Z<\/strong> pu\u00f2 al contrario essere garanzia di <strong>tranquillit\u00e0, qualit\u00e0 e risparmio<\/strong>.<\/p>\n","protected":false},"excerpt":{"rendered":"<p>L&#8217;abilit\u00e0 dei nostri esperti nell&#8217;identificare le specifiche esigenze del cliente ed applicare il cablaggio pi\u00f9 adatto alla situazione, viaggia di pari passo alla nostra capacit\u00e0 di creare direttamente in sede gli strumenti, le strutture e le componenti necessarie a realizzare il servizio desiderato. Siamo infatti specializzati nella lavorazione di tantissime e differenti tipologie di materiali, [&hellip;]<\/p>\n","protected":false},"author":1,"featured_media":1241,"parent":0,"menu_order":0,"comment_status":"closed","ping_status":"closed","template":"","meta":{"footnotes":""},"class_list":["post-751","page","type-page","status-publish","has-post-thumbnail","hentry"],"yoast_head":"<!-- This site is optimized with the Yoast SEO plugin v27.4 - https:\/\/yoast.com\/product\/yoast-seo-wordpress\/ -->\n<title>Lavorazioni meccaniche, taglio laser, fresatura e pressofusione<\/title>\n<meta name=\"description\" content=\"Siamo specializzati nella lavorazione di tantissime e differenti tipologie di lavorazioni meccaniche, taglio laser, fresatura e pressofusione\" \/>\n<meta name=\"robots\" content=\"index, follow, max-snippet:-1, max-image-preview:large, max-video-preview:-1\" \/>\n<link rel=\"canonical\" href=\"https:\/\/www.errebi-group.com\/it\/lavorazioni-meccaniche\" \/>\n<meta property=\"og:locale\" content=\"it_IT\" \/>\n<meta property=\"og:type\" content=\"article\" \/>\n<meta property=\"og:title\" content=\"Lavorazioni meccaniche, taglio laser, fresatura e pressofusione\" \/>\n<meta property=\"og:description\" content=\"Siamo specializzati nella lavorazione di tantissime e differenti tipologie di lavorazioni meccaniche, taglio laser, fresatura e pressofusione\" \/>\n<meta property=\"og:url\" content=\"https:\/\/www.errebi-group.com\/it\/lavorazioni-meccaniche\" \/>\n<meta property=\"og:site_name\" content=\"ErreBi Group\" \/>\n<meta property=\"article:publisher\" content=\"https:\/\/www.facebook.com\/errebigroupsrl\" \/>\n<meta property=\"article:modified_time\" content=\"2025-07-01T15:27:48+00:00\" \/>\n<meta property=\"og:image\" content=\"https:\/\/www.errebi-group.com\/wp-content\/uploads\/2025\/04\/lavorazioni-meccaniche-servizi-errebi-group-hero-section.webp\" \/>\n\t<meta property=\"og:image:width\" content=\"1920\" \/>\n\t<meta property=\"og:image:height\" content=\"1080\" \/>\n\t<meta property=\"og:image:type\" content=\"image\/webp\" \/>\n<meta name=\"twitter:card\" content=\"summary_large_image\" \/>\n<meta name=\"twitter:label1\" content=\"Tempo di lettura stimato\" \/>\n\t<meta name=\"twitter:data1\" content=\"5 minuti\" \/>\n<script type=\"application\/ld+json\" class=\"yoast-schema-graph\">{\"@context\":\"https:\\\/\\\/schema.org\",\"@graph\":[{\"@type\":\"WebPage\",\"@id\":\"https:\\\/\\\/www.errebi-group.com\\\/it\\\/lavorazioni-meccaniche\",\"url\":\"https:\\\/\\\/www.errebi-group.com\\\/it\\\/lavorazioni-meccaniche\",\"name\":\"Lavorazioni meccaniche, taglio laser, fresatura e pressofusione\",\"isPartOf\":{\"@id\":\"https:\\\/\\\/www.errebi-group.com\\\/it\\\/#website\"},\"primaryImageOfPage\":{\"@id\":\"https:\\\/\\\/www.errebi-group.com\\\/it\\\/lavorazioni-meccaniche#primaryimage\"},\"image\":{\"@id\":\"https:\\\/\\\/www.errebi-group.com\\\/it\\\/lavorazioni-meccaniche#primaryimage\"},\"thumbnailUrl\":\"https:\\\/\\\/www.errebi-group.com\\\/wp-content\\\/uploads\\\/2025\\\/04\\\/lavorazioni-meccaniche-servizi-errebi-group-hero-section.webp\",\"datePublished\":\"2025-04-28T10:06:53+00:00\",\"dateModified\":\"2025-07-01T15:27:48+00:00\",\"description\":\"Siamo specializzati nella lavorazione di tantissime e differenti tipologie di lavorazioni meccaniche, taglio laser, fresatura e pressofusione\",\"breadcrumb\":{\"@id\":\"https:\\\/\\\/www.errebi-group.com\\\/it\\\/lavorazioni-meccaniche#breadcrumb\"},\"inLanguage\":\"it-IT\",\"potentialAction\":[{\"@type\":\"ReadAction\",\"target\":[\"https:\\\/\\\/www.errebi-group.com\\\/it\\\/lavorazioni-meccaniche\"]}]},{\"@type\":\"ImageObject\",\"inLanguage\":\"it-IT\",\"@id\":\"https:\\\/\\\/www.errebi-group.com\\\/it\\\/lavorazioni-meccaniche#primaryimage\",\"url\":\"https:\\\/\\\/www.errebi-group.com\\\/wp-content\\\/uploads\\\/2025\\\/04\\\/lavorazioni-meccaniche-servizi-errebi-group-hero-section.webp\",\"contentUrl\":\"https:\\\/\\\/www.errebi-group.com\\\/wp-content\\\/uploads\\\/2025\\\/04\\\/lavorazioni-meccaniche-servizi-errebi-group-hero-section.webp\",\"width\":1920,\"height\":1080,\"caption\":\"Macchina a taglio laser in funzione durante una lavorazione meccanica di precisione\"},{\"@type\":\"BreadcrumbList\",\"@id\":\"https:\\\/\\\/www.errebi-group.com\\\/it\\\/lavorazioni-meccaniche#breadcrumb\",\"itemListElement\":[{\"@type\":\"ListItem\",\"position\":1,\"name\":\"Home\",\"item\":\"https:\\\/\\\/www.errebi-group.com\\\/it\"},{\"@type\":\"ListItem\",\"position\":2,\"name\":\"Lavorazioni meccaniche\"}]},{\"@type\":\"WebSite\",\"@id\":\"https:\\\/\\\/www.errebi-group.com\\\/it\\\/#website\",\"url\":\"https:\\\/\\\/www.errebi-group.com\\\/it\\\/\",\"name\":\"Errebi Group - Azienda produttrice di Cablaggi e Quadri Elettrici\",\"description\":\"Azienda produttrice di Cablaggi e Quadri Elettrici\",\"publisher\":{\"@id\":\"https:\\\/\\\/www.errebi-group.com\\\/it\\\/#organization\"},\"potentialAction\":[{\"@type\":\"SearchAction\",\"target\":{\"@type\":\"EntryPoint\",\"urlTemplate\":\"https:\\\/\\\/www.errebi-group.com\\\/it\\\/?s={search_term_string}\"},\"query-input\":{\"@type\":\"PropertyValueSpecification\",\"valueRequired\":true,\"valueName\":\"search_term_string\"}}],\"inLanguage\":\"it-IT\"},{\"@type\":\"Organization\",\"@id\":\"https:\\\/\\\/www.errebi-group.com\\\/it\\\/#organization\",\"name\":\"Errebi Group\",\"url\":\"https:\\\/\\\/www.errebi-group.com\\\/it\\\/\",\"logo\":{\"@type\":\"ImageObject\",\"inLanguage\":\"it-IT\",\"@id\":\"https:\\\/\\\/www.errebi-group.com\\\/it\\\/#\\\/schema\\\/logo\\\/image\\\/\",\"url\":\"https:\\\/\\\/www.errebi-group.com\\\/wp-content\\\/uploads\\\/2025\\\/04\\\/logo-errebi-group-payoff-white-website.png\",\"contentUrl\":\"https:\\\/\\\/www.errebi-group.com\\\/wp-content\\\/uploads\\\/2025\\\/04\\\/logo-errebi-group-payoff-white-website.png\",\"width\":610,\"height\":100,\"caption\":\"Errebi Group\"},\"image\":{\"@id\":\"https:\\\/\\\/www.errebi-group.com\\\/it\\\/#\\\/schema\\\/logo\\\/image\\\/\"},\"sameAs\":[\"https:\\\/\\\/www.facebook.com\\\/errebigroupsrl\",\"https:\\\/\\\/www.instagram.com\\\/errebi.group?igsh=cGNzN3FpcDFqNm1i\",\"https:\\\/\\\/www.linkedin.com\\\/company\\\/errebigroup\\\/?originalSubdomain=it\",\"https:\\\/\\\/www.youtube.com\\\/@errebigroup\"]}]}<\/script>\n<!-- \/ Yoast SEO plugin. -->","yoast_head_json":{"title":"Lavorazioni meccaniche, taglio laser, fresatura e pressofusione","description":"Siamo specializzati nella lavorazione di tantissime e differenti tipologie di lavorazioni meccaniche, taglio laser, fresatura e pressofusione","robots":{"index":"index","follow":"follow","max-snippet":"max-snippet:-1","max-image-preview":"max-image-preview:large","max-video-preview":"max-video-preview:-1"},"canonical":"https:\/\/www.errebi-group.com\/it\/lavorazioni-meccaniche","og_locale":"it_IT","og_type":"article","og_title":"Lavorazioni meccaniche, taglio laser, fresatura e pressofusione","og_description":"Siamo specializzati nella lavorazione di tantissime e differenti tipologie di lavorazioni meccaniche, taglio laser, fresatura e pressofusione","og_url":"https:\/\/www.errebi-group.com\/it\/lavorazioni-meccaniche","og_site_name":"ErreBi Group","article_publisher":"https:\/\/www.facebook.com\/errebigroupsrl","article_modified_time":"2025-07-01T15:27:48+00:00","og_image":[{"width":1920,"height":1080,"url":"https:\/\/www.errebi-group.com\/wp-content\/uploads\/2025\/04\/lavorazioni-meccaniche-servizi-errebi-group-hero-section.webp","type":"image\/webp"}],"twitter_card":"summary_large_image","twitter_misc":{"Tempo di lettura stimato":"5 minuti"},"schema":{"@context":"https:\/\/schema.org","@graph":[{"@type":"WebPage","@id":"https:\/\/www.errebi-group.com\/it\/lavorazioni-meccaniche","url":"https:\/\/www.errebi-group.com\/it\/lavorazioni-meccaniche","name":"Lavorazioni meccaniche, taglio laser, fresatura e pressofusione","isPartOf":{"@id":"https:\/\/www.errebi-group.com\/it\/#website"},"primaryImageOfPage":{"@id":"https:\/\/www.errebi-group.com\/it\/lavorazioni-meccaniche#primaryimage"},"image":{"@id":"https:\/\/www.errebi-group.com\/it\/lavorazioni-meccaniche#primaryimage"},"thumbnailUrl":"https:\/\/www.errebi-group.com\/wp-content\/uploads\/2025\/04\/lavorazioni-meccaniche-servizi-errebi-group-hero-section.webp","datePublished":"2025-04-28T10:06:53+00:00","dateModified":"2025-07-01T15:27:48+00:00","description":"Siamo specializzati nella lavorazione di tantissime e differenti tipologie di lavorazioni meccaniche, taglio laser, fresatura e pressofusione","breadcrumb":{"@id":"https:\/\/www.errebi-group.com\/it\/lavorazioni-meccaniche#breadcrumb"},"inLanguage":"it-IT","potentialAction":[{"@type":"ReadAction","target":["https:\/\/www.errebi-group.com\/it\/lavorazioni-meccaniche"]}]},{"@type":"ImageObject","inLanguage":"it-IT","@id":"https:\/\/www.errebi-group.com\/it\/lavorazioni-meccaniche#primaryimage","url":"https:\/\/www.errebi-group.com\/wp-content\/uploads\/2025\/04\/lavorazioni-meccaniche-servizi-errebi-group-hero-section.webp","contentUrl":"https:\/\/www.errebi-group.com\/wp-content\/uploads\/2025\/04\/lavorazioni-meccaniche-servizi-errebi-group-hero-section.webp","width":1920,"height":1080,"caption":"Macchina a taglio laser in funzione durante una lavorazione meccanica di precisione"},{"@type":"BreadcrumbList","@id":"https:\/\/www.errebi-group.com\/it\/lavorazioni-meccaniche#breadcrumb","itemListElement":[{"@type":"ListItem","position":1,"name":"Home","item":"https:\/\/www.errebi-group.com\/it"},{"@type":"ListItem","position":2,"name":"Lavorazioni meccaniche"}]},{"@type":"WebSite","@id":"https:\/\/www.errebi-group.com\/it\/#website","url":"https:\/\/www.errebi-group.com\/it\/","name":"Errebi Group - Azienda produttrice di Cablaggi e Quadri Elettrici","description":"Azienda produttrice di Cablaggi e Quadri Elettrici","publisher":{"@id":"https:\/\/www.errebi-group.com\/it\/#organization"},"potentialAction":[{"@type":"SearchAction","target":{"@type":"EntryPoint","urlTemplate":"https:\/\/www.errebi-group.com\/it\/?s={search_term_string}"},"query-input":{"@type":"PropertyValueSpecification","valueRequired":true,"valueName":"search_term_string"}}],"inLanguage":"it-IT"},{"@type":"Organization","@id":"https:\/\/www.errebi-group.com\/it\/#organization","name":"Errebi Group","url":"https:\/\/www.errebi-group.com\/it\/","logo":{"@type":"ImageObject","inLanguage":"it-IT","@id":"https:\/\/www.errebi-group.com\/it\/#\/schema\/logo\/image\/","url":"https:\/\/www.errebi-group.com\/wp-content\/uploads\/2025\/04\/logo-errebi-group-payoff-white-website.png","contentUrl":"https:\/\/www.errebi-group.com\/wp-content\/uploads\/2025\/04\/logo-errebi-group-payoff-white-website.png","width":610,"height":100,"caption":"Errebi Group"},"image":{"@id":"https:\/\/www.errebi-group.com\/it\/#\/schema\/logo\/image\/"},"sameAs":["https:\/\/www.facebook.com\/errebigroupsrl","https:\/\/www.instagram.com\/errebi.group?igsh=cGNzN3FpcDFqNm1i","https:\/\/www.linkedin.com\/company\/errebigroup\/?originalSubdomain=it","https:\/\/www.youtube.com\/@errebigroup"]}]}},"_links":{"self":[{"href":"https:\/\/www.errebi-group.com\/it\/wp-json\/wp\/v2\/pages\/751","targetHints":{"allow":["GET"]}}],"collection":[{"href":"https:\/\/www.errebi-group.com\/it\/wp-json\/wp\/v2\/pages"}],"about":[{"href":"https:\/\/www.errebi-group.com\/it\/wp-json\/wp\/v2\/types\/page"}],"author":[{"embeddable":true,"href":"https:\/\/www.errebi-group.com\/it\/wp-json\/wp\/v2\/users\/1"}],"replies":[{"embeddable":true,"href":"https:\/\/www.errebi-group.com\/it\/wp-json\/wp\/v2\/comments?post=751"}],"version-history":[{"count":2,"href":"https:\/\/www.errebi-group.com\/it\/wp-json\/wp\/v2\/pages\/751\/revisions"}],"predecessor-version":[{"id":1247,"href":"https:\/\/www.errebi-group.com\/it\/wp-json\/wp\/v2\/pages\/751\/revisions\/1247"}],"wp:featuredmedia":[{"embeddable":true,"href":"https:\/\/www.errebi-group.com\/it\/wp-json\/wp\/v2\/media\/1241"}],"wp:attachment":[{"href":"https:\/\/www.errebi-group.com\/it\/wp-json\/wp\/v2\/media?parent=751"}],"curies":[{"name":"wp","href":"https:\/\/api.w.org\/{rel}","templated":true}]}}