{"id":753,"date":"2025-04-28T10:08:50","date_gmt":"2025-04-28T10:08:50","guid":{"rendered":"https:\/\/www.errebi-group.com\/?page_id=753"},"modified":"2025-07-01T15:29:01","modified_gmt":"2025-07-01T15:29:01","slug":"gestione-consegne-urgenti","status":"publish","type":"page","link":"https:\/\/www.errebi-group.com\/it\/gestione-consegne-urgenti","title":{"rendered":"Consegne urgenti e avvio produzione in 24h"},"content":{"rendered":"<p><strong>Il nostro personale \u00e8 costantemente al lavoro per evadere gli ordini e le richieste nel minor tempo possibile<\/strong>, cercando di andare incontro alle esigenze del cliente ed effettuare <strong>la consegna entro le tempistiche previste<\/strong>.<\/p>\n<p>In caso di <strong>specifiche necessit\u00e0 ed urgenze<\/strong>, \u00e8 possibile <strong>accelerare il consueto iter ed avviare la produzione con particolare celerit\u00e0<\/strong>, uscendo dal ciclo ordinario e gestendo l\u2019ordine in via prioritaria. La produzione potr\u00e0 dunque partire entro 24h dall\u2019ordine, previa accettazione del preventivo e disponibilit\u00e0 del materiale necessario.<\/p>\n<p>La <strong>gestione delle consegne urgenti<\/strong>, viste le differenti variabili che potrebbero presentarsi ed influenzare le tempistiche di produzione e consegna, non pu\u00f2 essere garantita per qualsiasi tipologia di ordine. La produzione \u00e8 infatti soggetta a possibili impedimenti logistici legati alla ricezione di materiali specifici che renderebbe impossibile una gestione con tempistiche ridotte. <strong>Ogni richiesta urgente \u00e8 dunque sottoposta ad attenta valutazione<\/strong> prima di essere accettata in quanto tale e confermata al cliente.<\/p>\n<p>La <strong>gestione della consegna urgente<\/strong>, uscendo dal consueto ciclo di produzione, comporta chiaramente <strong>un sovrapprezzo con una valutazione soggetta a preventivo<\/strong>, il quale pu\u00f2 variare a seconda della complessit\u00e0 ed alla mole del lavoro da svolgere. Una volta ottenuta l\u2019accettazione da parte del cliente e verificata la disponibilit\u00e0 logistica dei materiali necessari, <strong>assicuriamo l\u2019avvio della produzione entro le successive 24 ore<\/strong> e la conseguente <strong>consegna entro la data richiesta<\/strong>.<\/p>\n","protected":false},"excerpt":{"rendered":"<p>Il nostro personale \u00e8 costantemente al lavoro per evadere gli ordini e le richieste nel minor tempo possibile, cercando di andare incontro alle esigenze del cliente ed effettuare la consegna entro le tempistiche previste. In caso di specifiche necessit\u00e0 ed urgenze, \u00e8 possibile accelerare il consueto iter ed avviare la produzione con particolare celerit\u00e0, uscendo [&hellip;]<\/p>\n","protected":false},"author":1,"featured_media":1240,"parent":0,"menu_order":0,"comment_status":"closed","ping_status":"closed","template":"","meta":{"footnotes":""},"class_list":["post-753","page","type-page","status-publish","has-post-thumbnail","hentry"],"yoast_head":"<!-- This site is optimized with the Yoast SEO plugin v27.4 - https:\/\/yoast.com\/product\/yoast-seo-wordpress\/ -->\n<title>Gestione consegne urgenti<\/title>\n<meta name=\"description\" content=\"In caso di specifiche necessit\u00e0 ed urgenze, \u00e8 possibile accelerare il consueto iter ed avviare la produzione con particolare celerit\u00e0\" \/>\n<meta name=\"robots\" content=\"index, follow, max-snippet:-1, max-image-preview:large, max-video-preview:-1\" \/>\n<link rel=\"canonical\" href=\"https:\/\/www.errebi-group.com\/it\/gestione-consegne-urgenti\" \/>\n<meta property=\"og:locale\" content=\"it_IT\" \/>\n<meta property=\"og:type\" content=\"article\" \/>\n<meta property=\"og:title\" content=\"Gestione consegne urgenti\" \/>\n<meta property=\"og:description\" content=\"In caso di specifiche necessit\u00e0 ed urgenze, \u00e8 possibile accelerare il consueto iter ed avviare la produzione con particolare celerit\u00e0\" \/>\n<meta property=\"og:url\" content=\"https:\/\/www.errebi-group.com\/it\/gestione-consegne-urgenti\" \/>\n<meta property=\"og:site_name\" content=\"ErreBi Group\" \/>\n<meta property=\"article:publisher\" content=\"https:\/\/www.facebook.com\/errebigroupsrl\" \/>\n<meta property=\"article:modified_time\" content=\"2025-07-01T15:29:01+00:00\" \/>\n<meta property=\"og:image\" content=\"https:\/\/www.errebi-group.com\/wp-content\/uploads\/2025\/04\/gestione-consegne-urgenti-errebi-group-hero-section.webp\" \/>\n\t<meta property=\"og:image:width\" content=\"1920\" \/>\n\t<meta property=\"og:image:height\" content=\"1080\" \/>\n\t<meta property=\"og:image:type\" content=\"image\/webp\" \/>\n<meta name=\"twitter:card\" content=\"summary_large_image\" \/>\n<meta name=\"twitter:label1\" content=\"Tempo di lettura stimato\" \/>\n\t<meta name=\"twitter:data1\" content=\"2 minuti\" \/>\n<script type=\"application\/ld+json\" class=\"yoast-schema-graph\">{\"@context\":\"https:\\\/\\\/schema.org\",\"@graph\":[{\"@type\":\"WebPage\",\"@id\":\"https:\\\/\\\/www.errebi-group.com\\\/it\\\/gestione-consegne-urgenti\",\"url\":\"https:\\\/\\\/www.errebi-group.com\\\/it\\\/gestione-consegne-urgenti\",\"name\":\"Gestione consegne urgenti\",\"isPartOf\":{\"@id\":\"https:\\\/\\\/www.errebi-group.com\\\/it\\\/#website\"},\"primaryImageOfPage\":{\"@id\":\"https:\\\/\\\/www.errebi-group.com\\\/it\\\/gestione-consegne-urgenti#primaryimage\"},\"image\":{\"@id\":\"https:\\\/\\\/www.errebi-group.com\\\/it\\\/gestione-consegne-urgenti#primaryimage\"},\"thumbnailUrl\":\"https:\\\/\\\/www.errebi-group.com\\\/wp-content\\\/uploads\\\/2025\\\/04\\\/gestione-consegne-urgenti-errebi-group-hero-section.webp\",\"datePublished\":\"2025-04-28T10:08:50+00:00\",\"dateModified\":\"2025-07-01T15:29:01+00:00\",\"description\":\"In caso di specifiche necessit\u00e0 ed urgenze, \u00e8 possibile accelerare il consueto iter ed avviare la produzione con particolare celerit\u00e0\",\"breadcrumb\":{\"@id\":\"https:\\\/\\\/www.errebi-group.com\\\/it\\\/gestione-consegne-urgenti#breadcrumb\"},\"inLanguage\":\"it-IT\",\"potentialAction\":[{\"@type\":\"ReadAction\",\"target\":[\"https:\\\/\\\/www.errebi-group.com\\\/it\\\/gestione-consegne-urgenti\"]}]},{\"@type\":\"ImageObject\",\"inLanguage\":\"it-IT\",\"@id\":\"https:\\\/\\\/www.errebi-group.com\\\/it\\\/gestione-consegne-urgenti#primaryimage\",\"url\":\"https:\\\/\\\/www.errebi-group.com\\\/wp-content\\\/uploads\\\/2025\\\/04\\\/gestione-consegne-urgenti-errebi-group-hero-section.webp\",\"contentUrl\":\"https:\\\/\\\/www.errebi-group.com\\\/wp-content\\\/uploads\\\/2025\\\/04\\\/gestione-consegne-urgenti-errebi-group-hero-section.webp\",\"width\":1920,\"height\":1080,\"caption\":\"Scatole ErreBi pronte per la spedizione con etichette identificative e imballaggio brandizzato\"},{\"@type\":\"BreadcrumbList\",\"@id\":\"https:\\\/\\\/www.errebi-group.com\\\/it\\\/gestione-consegne-urgenti#breadcrumb\",\"itemListElement\":[{\"@type\":\"ListItem\",\"position\":1,\"name\":\"Home\",\"item\":\"https:\\\/\\\/www.errebi-group.com\\\/it\"},{\"@type\":\"ListItem\",\"position\":2,\"name\":\"Consegne urgenti e avvio produzione in 24h\"}]},{\"@type\":\"WebSite\",\"@id\":\"https:\\\/\\\/www.errebi-group.com\\\/it\\\/#website\",\"url\":\"https:\\\/\\\/www.errebi-group.com\\\/it\\\/\",\"name\":\"Errebi Group - Azienda produttrice di Cablaggi e Quadri Elettrici\",\"description\":\"Azienda produttrice di Cablaggi e Quadri Elettrici\",\"publisher\":{\"@id\":\"https:\\\/\\\/www.errebi-group.com\\\/it\\\/#organization\"},\"potentialAction\":[{\"@type\":\"SearchAction\",\"target\":{\"@type\":\"EntryPoint\",\"urlTemplate\":\"https:\\\/\\\/www.errebi-group.com\\\/it\\\/?s={search_term_string}\"},\"query-input\":{\"@type\":\"PropertyValueSpecification\",\"valueRequired\":true,\"valueName\":\"search_term_string\"}}],\"inLanguage\":\"it-IT\"},{\"@type\":\"Organization\",\"@id\":\"https:\\\/\\\/www.errebi-group.com\\\/it\\\/#organization\",\"name\":\"Errebi Group\",\"url\":\"https:\\\/\\\/www.errebi-group.com\\\/it\\\/\",\"logo\":{\"@type\":\"ImageObject\",\"inLanguage\":\"it-IT\",\"@id\":\"https:\\\/\\\/www.errebi-group.com\\\/it\\\/#\\\/schema\\\/logo\\\/image\\\/\",\"url\":\"https:\\\/\\\/www.errebi-group.com\\\/wp-content\\\/uploads\\\/2025\\\/04\\\/logo-errebi-group-payoff-white-website.png\",\"contentUrl\":\"https:\\\/\\\/www.errebi-group.com\\\/wp-content\\\/uploads\\\/2025\\\/04\\\/logo-errebi-group-payoff-white-website.png\",\"width\":610,\"height\":100,\"caption\":\"Errebi Group\"},\"image\":{\"@id\":\"https:\\\/\\\/www.errebi-group.com\\\/it\\\/#\\\/schema\\\/logo\\\/image\\\/\"},\"sameAs\":[\"https:\\\/\\\/www.facebook.com\\\/errebigroupsrl\",\"https:\\\/\\\/www.instagram.com\\\/errebi.group?igsh=cGNzN3FpcDFqNm1i\",\"https:\\\/\\\/www.linkedin.com\\\/company\\\/errebigroup\\\/?originalSubdomain=it\",\"https:\\\/\\\/www.youtube.com\\\/@errebigroup\"]}]}<\/script>\n<!-- \/ Yoast SEO plugin. -->","yoast_head_json":{"title":"Gestione consegne urgenti","description":"In caso di specifiche necessit\u00e0 ed urgenze, \u00e8 possibile accelerare il consueto iter ed avviare la produzione con particolare celerit\u00e0","robots":{"index":"index","follow":"follow","max-snippet":"max-snippet:-1","max-image-preview":"max-image-preview:large","max-video-preview":"max-video-preview:-1"},"canonical":"https:\/\/www.errebi-group.com\/it\/gestione-consegne-urgenti","og_locale":"it_IT","og_type":"article","og_title":"Gestione consegne urgenti","og_description":"In caso di specifiche necessit\u00e0 ed urgenze, \u00e8 possibile accelerare il consueto iter ed avviare la produzione con particolare celerit\u00e0","og_url":"https:\/\/www.errebi-group.com\/it\/gestione-consegne-urgenti","og_site_name":"ErreBi Group","article_publisher":"https:\/\/www.facebook.com\/errebigroupsrl","article_modified_time":"2025-07-01T15:29:01+00:00","og_image":[{"width":1920,"height":1080,"url":"https:\/\/www.errebi-group.com\/wp-content\/uploads\/2025\/04\/gestione-consegne-urgenti-errebi-group-hero-section.webp","type":"image\/webp"}],"twitter_card":"summary_large_image","twitter_misc":{"Tempo di lettura stimato":"2 minuti"},"schema":{"@context":"https:\/\/schema.org","@graph":[{"@type":"WebPage","@id":"https:\/\/www.errebi-group.com\/it\/gestione-consegne-urgenti","url":"https:\/\/www.errebi-group.com\/it\/gestione-consegne-urgenti","name":"Gestione consegne urgenti","isPartOf":{"@id":"https:\/\/www.errebi-group.com\/it\/#website"},"primaryImageOfPage":{"@id":"https:\/\/www.errebi-group.com\/it\/gestione-consegne-urgenti#primaryimage"},"image":{"@id":"https:\/\/www.errebi-group.com\/it\/gestione-consegne-urgenti#primaryimage"},"thumbnailUrl":"https:\/\/www.errebi-group.com\/wp-content\/uploads\/2025\/04\/gestione-consegne-urgenti-errebi-group-hero-section.webp","datePublished":"2025-04-28T10:08:50+00:00","dateModified":"2025-07-01T15:29:01+00:00","description":"In caso di specifiche necessit\u00e0 ed urgenze, \u00e8 possibile accelerare il consueto iter ed avviare la produzione con particolare celerit\u00e0","breadcrumb":{"@id":"https:\/\/www.errebi-group.com\/it\/gestione-consegne-urgenti#breadcrumb"},"inLanguage":"it-IT","potentialAction":[{"@type":"ReadAction","target":["https:\/\/www.errebi-group.com\/it\/gestione-consegne-urgenti"]}]},{"@type":"ImageObject","inLanguage":"it-IT","@id":"https:\/\/www.errebi-group.com\/it\/gestione-consegne-urgenti#primaryimage","url":"https:\/\/www.errebi-group.com\/wp-content\/uploads\/2025\/04\/gestione-consegne-urgenti-errebi-group-hero-section.webp","contentUrl":"https:\/\/www.errebi-group.com\/wp-content\/uploads\/2025\/04\/gestione-consegne-urgenti-errebi-group-hero-section.webp","width":1920,"height":1080,"caption":"Scatole ErreBi pronte per la spedizione con etichette identificative e imballaggio brandizzato"},{"@type":"BreadcrumbList","@id":"https:\/\/www.errebi-group.com\/it\/gestione-consegne-urgenti#breadcrumb","itemListElement":[{"@type":"ListItem","position":1,"name":"Home","item":"https:\/\/www.errebi-group.com\/it"},{"@type":"ListItem","position":2,"name":"Consegne urgenti e avvio produzione in 24h"}]},{"@type":"WebSite","@id":"https:\/\/www.errebi-group.com\/it\/#website","url":"https:\/\/www.errebi-group.com\/it\/","name":"Errebi Group - Azienda produttrice di Cablaggi e Quadri Elettrici","description":"Azienda produttrice di Cablaggi e Quadri Elettrici","publisher":{"@id":"https:\/\/www.errebi-group.com\/it\/#organization"},"potentialAction":[{"@type":"SearchAction","target":{"@type":"EntryPoint","urlTemplate":"https:\/\/www.errebi-group.com\/it\/?s={search_term_string}"},"query-input":{"@type":"PropertyValueSpecification","valueRequired":true,"valueName":"search_term_string"}}],"inLanguage":"it-IT"},{"@type":"Organization","@id":"https:\/\/www.errebi-group.com\/it\/#organization","name":"Errebi Group","url":"https:\/\/www.errebi-group.com\/it\/","logo":{"@type":"ImageObject","inLanguage":"it-IT","@id":"https:\/\/www.errebi-group.com\/it\/#\/schema\/logo\/image\/","url":"https:\/\/www.errebi-group.com\/wp-content\/uploads\/2025\/04\/logo-errebi-group-payoff-white-website.png","contentUrl":"https:\/\/www.errebi-group.com\/wp-content\/uploads\/2025\/04\/logo-errebi-group-payoff-white-website.png","width":610,"height":100,"caption":"Errebi Group"},"image":{"@id":"https:\/\/www.errebi-group.com\/it\/#\/schema\/logo\/image\/"},"sameAs":["https:\/\/www.facebook.com\/errebigroupsrl","https:\/\/www.instagram.com\/errebi.group?igsh=cGNzN3FpcDFqNm1i","https:\/\/www.linkedin.com\/company\/errebigroup\/?originalSubdomain=it","https:\/\/www.youtube.com\/@errebigroup"]}]}},"_links":{"self":[{"href":"https:\/\/www.errebi-group.com\/it\/wp-json\/wp\/v2\/pages\/753","targetHints":{"allow":["GET"]}}],"collection":[{"href":"https:\/\/www.errebi-group.com\/it\/wp-json\/wp\/v2\/pages"}],"about":[{"href":"https:\/\/www.errebi-group.com\/it\/wp-json\/wp\/v2\/types\/page"}],"author":[{"embeddable":true,"href":"https:\/\/www.errebi-group.com\/it\/wp-json\/wp\/v2\/users\/1"}],"replies":[{"embeddable":true,"href":"https:\/\/www.errebi-group.com\/it\/wp-json\/wp\/v2\/comments?post=753"}],"version-history":[{"count":2,"href":"https:\/\/www.errebi-group.com\/it\/wp-json\/wp\/v2\/pages\/753\/revisions"}],"predecessor-version":[{"id":1245,"href":"https:\/\/www.errebi-group.com\/it\/wp-json\/wp\/v2\/pages\/753\/revisions\/1245"}],"wp:featuredmedia":[{"embeddable":true,"href":"https:\/\/www.errebi-group.com\/it\/wp-json\/wp\/v2\/media\/1240"}],"wp:attachment":[{"href":"https:\/\/www.errebi-group.com\/it\/wp-json\/wp\/v2\/media?parent=753"}],"curies":[{"name":"wp","href":"https:\/\/api.w.org\/{rel}","templated":true}]}}