{"id":765,"date":"2025-04-28T10:40:05","date_gmt":"2025-04-28T10:40:05","guid":{"rendered":"https:\/\/www.errebi-group.com\/?page_id=765"},"modified":"2025-07-01T15:41:24","modified_gmt":"2025-07-01T15:41:24","slug":"militare","status":"publish","type":"page","link":"https:\/\/www.errebi-group.com\/it\/militare","title":{"rendered":"Cablaggi e componenti elettrici per il settore militare"},"content":{"rendered":"<p>Gli <strong>interventi di cablaggio nel settore militare<\/strong> hanno l&#8217;obbligo di seguire <strong>la pi\u00f9 totale riservatezza<\/strong> e sottostare a <strong>rigidi protocolli di qualit\u00e0 ed efficienza<\/strong>.<\/p>\n<p>Il settore offre tantissime possibilit\u00e0 di applicazione sia nel <strong>campo <a href=\"https:\/\/www.errebi-group.com\/it\/automotive\">automotive<\/a><\/strong>, in quello <strong><a href=\"https:\/\/www.errebi-group.com\/it\/navale\">navale<\/a><\/strong>, in quello <strong><a href=\"https:\/\/www.errebi-group.com\/it\/aerospaziale\">aereo<\/a><\/strong> e delle <strong><a href=\"https:\/\/www.errebi-group.com\/it\/telecomunicazioni\">telecomunicazioni<\/a><\/strong>, richiedendo costantemente <strong>affidabilit\u00e0 nella progettazione<\/strong> e <strong>precisione nell&#8217;esecuzione degli impianti<\/strong>.<\/p>\n<p>La necessit\u00e0 di convivere con <strong>condizioni talvolta estreme da parte del cablaggio<\/strong> obbliga il personale a <strong>conoscere alla perfezione il contesto in cui operare<\/strong>, investendo tempo e lavoro nella <strong><a href=\"https:\/\/www.errebi-group.com\/it\/progettazione-cablaggi\">prototipazione dei cablaggi<\/a> e sui loro collaudi attraverso dettagliati test<\/strong>.<\/p>\n<div style=\"height: 48px;\"><\/div>\n<h2>Caratteristiche dei componenti del settore militare<\/h2>\n<p>Vista la <strong>differente tipologia di impiego dei cavi e dei cablaggi<\/strong>, <strong>gli impianti per il settore militare<\/strong> possono avvalersi di <strong>componenti e materiali totalmente diversi<\/strong>, da adattare al singolo intervento ed al particolare contesto.<\/p>\n<p>Si va da <strong>cablaggi che necessitano una particolare resistenza alla pressione<\/strong> come quelli utilizzati in campo aerospaziale, agli <strong>impianti strutturati con materiali ignifughi ed in grado di sopportare alte temperature<\/strong> come sui dispositivi di difesa e le macchine di movimento terra, utilizzando alimentazioni elettriche ma talvolta anche di natura ibrida.<\/p>\n<p>La priorit\u00e0, in ogni caso, \u00e8 quella di <strong>fornire un servizio in grado di rispondere alle necessit\u00e0 richieste talvolta anche con urgenza<\/strong>, garantendo <strong>i pi\u00f9 alti standard di qualit\u00e0 ed affidabilit\u00e0<\/strong>.<\/p>\n<div style=\"height: 48px;\"><\/div>\n<h2>Progettazione personalizzata<\/h2>\n<p>Come per tutti i nostri settori di intervento, anche per <strong>il campo militare<\/strong> forniamo un <strong>servizio di progettazione personalizzata di cablaggi ed assemblaggi<\/strong>, cercando di andare incontro alle esigenze del cliente ed adattare il pi\u00f9 possibile il nostro lavoro alla funzione richiesta.<\/p>\n<p>Per progettare e successivamente <a href=\"https:\/\/www.errebi-group.com\/it\/produzione-cablaggi-elettrici\">realizzare un progetto<\/a> che si adatti al bisogno segnalato del committente, <strong>i nostri tecnici effettuano un sopralluogo<\/strong> per capire nel dettaglio quale sia il macchinario da cablare, gli spazi in cui esso opera e l&#8217;eventuale bisogno di una struttura di supporto, per poi identificare <strong>lo specifico prodotto da installare<\/strong>.<\/p>\n<p>Questo iter <strong>accelera senza dubbio il processo di produzione<\/strong>, facendo s\u00ec che il cliente riceva <strong>un servizio perfettamente conforme alle sue richieste<\/strong> che riesca ad abbattere, di conseguenza, sia i tempi che i costi di realizzazione.<\/p>\n<div style=\"height: 48px;\"><\/div>\n<h2>Consulenza specifica<\/h2>\n<p>In un settore come quello militare spesso pu\u00f2 essere complicato riuscire a capire autonomamente quale possa essere <strong>la tipologia di cablaggio ideale per il proprio macchinario o per la funzione di cui si ha bisogno<\/strong>, ancor di pi\u00f9 se il prodotto richiesto \u00e8 <strong>un assemblaggio particolarmente complesso<\/strong>.<\/p>\n<p>Per ovviare a questo tipo di problematica, <strong>le conoscenze dei nostri esperti<\/strong> sono quotidianamente a disposizione dei clienti per <strong>l&#8217;attivit\u00e0 di consulenza necessaria ad identificare il giusto prodotto per la specifica funzione<\/strong> e consigliare, eventualmente, <strong>la struttura pi\u00f9 adeguata per supportarne l&#8217;applicazione<\/strong>.<\/p>\n<p>L&#8217;obiettivo \u00e8, chiaramente, quello di <strong>inquadrare la situazione nel pi\u00f9 breve tempo possibile<\/strong> e trovare ad ogni dubbio <strong>la soluzione pi\u00f9 efficace<\/strong>, che possa garantire al cliente <strong>un servizio soddisfacente in grado di ottimizzare, al contempo, il rapporto qualit\u00e0-prezzo<\/strong>.<\/p>\n<div style=\"height: 48px;\"><\/div>\n<h2>Assistenza mirata<\/h2>\n<p>Il <strong>servizio di assistenza<\/strong> \u00e8 attivo per <strong>tutti i settori di intervento<\/strong> e dunque, di conseguenza, anche per quello <strong>militare<\/strong>. <strong>I nostri tecnici forniscono <a href=\"https:\/\/www.errebi-group.com\/it\/consulenza\">assistenza specifica su tutti i cablaggi<\/a> e gli assemblaggi installati<\/strong>, analizzando di volta in volta la problematica ed intervenendo in maniera mirata dopo aver individuato il malfunzionamento.<\/p>\n<p>Gli interventi possono riguardare <strong>l&#8217;assemblaggio nella sua completezza o anche il singolo cavo<\/strong>, che pu\u00f2 essere identificato e sostituito in tempo utile per permettere al macchinario di tornare operativo il prima possibile.<\/p>\n<p><strong>Le competenze dei nostri esperti<\/strong> entrano nel merito di tutti i settori trattati dalla nostra azienda, permettendo loro di riuscire a <strong>comprendere il problema nel suo complesso<\/strong>, ma anche di <strong>cogliere i singoli dettagli specifici del campo in questione<\/strong>.<\/p>\n","protected":false},"excerpt":{"rendered":"<p>Gli interventi di cablaggio nel settore militare hanno l&#8217;obbligo di seguire la pi\u00f9 totale riservatezza e sottostare a rigidi protocolli di qualit\u00e0 ed efficienza. Il settore offre tantissime possibilit\u00e0 di applicazione sia nel campo automotive, in quello navale, in quello aereo e delle telecomunicazioni, richiedendo costantemente affidabilit\u00e0 nella progettazione e precisione nell&#8217;esecuzione degli impianti. La [&hellip;]<\/p>\n","protected":false},"author":1,"featured_media":1205,"parent":0,"menu_order":0,"comment_status":"closed","ping_status":"closed","template":"","meta":{"footnotes":""},"class_list":["post-765","page","type-page","status-publish","has-post-thumbnail","hentry"],"yoast_head":"<!-- This site is optimized with the Yoast SEO plugin v27.4 - https:\/\/yoast.com\/product\/yoast-seo-wordpress\/ -->\n<title>Cablaggi per il settore militare, cavi e componenti elettrici<\/title>\n<meta name=\"description\" content=\"Gli interventi di cablaggio nel settore militare hanno l&#039;obbligo di seguire la pi\u00f9 totale riservatezza e sottostare a rigidi protocolli di qualit\u00e0 ed efficienza\" \/>\n<meta name=\"robots\" content=\"index, follow, max-snippet:-1, max-image-preview:large, max-video-preview:-1\" \/>\n<link rel=\"canonical\" href=\"https:\/\/www.errebi-group.com\/it\/militare\" \/>\n<meta property=\"og:locale\" content=\"it_IT\" \/>\n<meta property=\"og:type\" content=\"article\" \/>\n<meta property=\"og:title\" content=\"Cablaggi per il settore militare, cavi e componenti elettrici\" \/>\n<meta property=\"og:description\" content=\"Gli interventi di cablaggio nel settore militare hanno l&#039;obbligo di seguire la pi\u00f9 totale riservatezza e sottostare a rigidi protocolli di qualit\u00e0 ed efficienza\" \/>\n<meta property=\"og:url\" content=\"https:\/\/www.errebi-group.com\/it\/militare\" \/>\n<meta property=\"og:site_name\" content=\"ErreBi Group\" \/>\n<meta property=\"article:publisher\" content=\"https:\/\/www.facebook.com\/errebigroupsrl\" \/>\n<meta property=\"article:modified_time\" content=\"2025-07-01T15:41:24+00:00\" \/>\n<meta property=\"og:image\" content=\"https:\/\/www.errebi-group.com\/wp-content\/uploads\/2025\/04\/militare-campo-di-impiego-errebi-group-hero-section.webp\" \/>\n\t<meta property=\"og:image:width\" content=\"1920\" \/>\n\t<meta property=\"og:image:height\" content=\"1080\" \/>\n\t<meta property=\"og:image:type\" content=\"image\/webp\" \/>\n<meta name=\"twitter:card\" content=\"summary_large_image\" \/>\n<meta name=\"twitter:label1\" content=\"Tempo di lettura stimato\" \/>\n\t<meta name=\"twitter:data1\" content=\"4 minuti\" \/>\n<script type=\"application\/ld+json\" class=\"yoast-schema-graph\">{\"@context\":\"https:\\\/\\\/schema.org\",\"@graph\":[{\"@type\":\"WebPage\",\"@id\":\"https:\\\/\\\/www.errebi-group.com\\\/it\\\/militare\",\"url\":\"https:\\\/\\\/www.errebi-group.com\\\/it\\\/militare\",\"name\":\"Cablaggi per il settore militare, cavi e componenti elettrici\",\"isPartOf\":{\"@id\":\"https:\\\/\\\/www.errebi-group.com\\\/it\\\/#website\"},\"primaryImageOfPage\":{\"@id\":\"https:\\\/\\\/www.errebi-group.com\\\/it\\\/militare#primaryimage\"},\"image\":{\"@id\":\"https:\\\/\\\/www.errebi-group.com\\\/it\\\/militare#primaryimage\"},\"thumbnailUrl\":\"https:\\\/\\\/www.errebi-group.com\\\/wp-content\\\/uploads\\\/2025\\\/04\\\/militare-campo-di-impiego-errebi-group-hero-section.webp\",\"datePublished\":\"2025-04-28T10:40:05+00:00\",\"dateModified\":\"2025-07-01T15:41:24+00:00\",\"description\":\"Gli interventi di cablaggio nel settore militare hanno l'obbligo di seguire la pi\u00f9 totale riservatezza e sottostare a rigidi protocolli di qualit\u00e0 ed efficienza\",\"breadcrumb\":{\"@id\":\"https:\\\/\\\/www.errebi-group.com\\\/it\\\/militare#breadcrumb\"},\"inLanguage\":\"it-IT\",\"potentialAction\":[{\"@type\":\"ReadAction\",\"target\":[\"https:\\\/\\\/www.errebi-group.com\\\/it\\\/militare\"]}]},{\"@type\":\"ImageObject\",\"inLanguage\":\"it-IT\",\"@id\":\"https:\\\/\\\/www.errebi-group.com\\\/it\\\/militare#primaryimage\",\"url\":\"https:\\\/\\\/www.errebi-group.com\\\/wp-content\\\/uploads\\\/2025\\\/04\\\/militare-campo-di-impiego-errebi-group-hero-section.webp\",\"contentUrl\":\"https:\\\/\\\/www.errebi-group.com\\\/wp-content\\\/uploads\\\/2025\\\/04\\\/militare-campo-di-impiego-errebi-group-hero-section.webp\",\"width\":1920,\"height\":1080,\"caption\":\"Pannello elettronico militare con regolatore di segnale e indicatori LED, tecnologia difensiva avanzata\"},{\"@type\":\"BreadcrumbList\",\"@id\":\"https:\\\/\\\/www.errebi-group.com\\\/it\\\/militare#breadcrumb\",\"itemListElement\":[{\"@type\":\"ListItem\",\"position\":1,\"name\":\"Home\",\"item\":\"https:\\\/\\\/www.errebi-group.com\\\/it\"},{\"@type\":\"ListItem\",\"position\":2,\"name\":\"Cablaggi e componenti elettrici per il settore militare\"}]},{\"@type\":\"WebSite\",\"@id\":\"https:\\\/\\\/www.errebi-group.com\\\/it\\\/#website\",\"url\":\"https:\\\/\\\/www.errebi-group.com\\\/it\\\/\",\"name\":\"Errebi Group - Azienda produttrice di Cablaggi e Quadri Elettrici\",\"description\":\"Azienda produttrice di Cablaggi e Quadri Elettrici\",\"publisher\":{\"@id\":\"https:\\\/\\\/www.errebi-group.com\\\/it\\\/#organization\"},\"potentialAction\":[{\"@type\":\"SearchAction\",\"target\":{\"@type\":\"EntryPoint\",\"urlTemplate\":\"https:\\\/\\\/www.errebi-group.com\\\/it\\\/?s={search_term_string}\"},\"query-input\":{\"@type\":\"PropertyValueSpecification\",\"valueRequired\":true,\"valueName\":\"search_term_string\"}}],\"inLanguage\":\"it-IT\"},{\"@type\":\"Organization\",\"@id\":\"https:\\\/\\\/www.errebi-group.com\\\/it\\\/#organization\",\"name\":\"Errebi Group\",\"url\":\"https:\\\/\\\/www.errebi-group.com\\\/it\\\/\",\"logo\":{\"@type\":\"ImageObject\",\"inLanguage\":\"it-IT\",\"@id\":\"https:\\\/\\\/www.errebi-group.com\\\/it\\\/#\\\/schema\\\/logo\\\/image\\\/\",\"url\":\"https:\\\/\\\/www.errebi-group.com\\\/wp-content\\\/uploads\\\/2025\\\/04\\\/logo-errebi-group-payoff-white-website.png\",\"contentUrl\":\"https:\\\/\\\/www.errebi-group.com\\\/wp-content\\\/uploads\\\/2025\\\/04\\\/logo-errebi-group-payoff-white-website.png\",\"width\":610,\"height\":100,\"caption\":\"Errebi Group\"},\"image\":{\"@id\":\"https:\\\/\\\/www.errebi-group.com\\\/it\\\/#\\\/schema\\\/logo\\\/image\\\/\"},\"sameAs\":[\"https:\\\/\\\/www.facebook.com\\\/errebigroupsrl\",\"https:\\\/\\\/www.instagram.com\\\/errebi.group?igsh=cGNzN3FpcDFqNm1i\",\"https:\\\/\\\/www.linkedin.com\\\/company\\\/errebigroup\\\/?originalSubdomain=it\",\"https:\\\/\\\/www.youtube.com\\\/@errebigroup\"]}]}<\/script>\n<!-- \/ Yoast SEO plugin. -->","yoast_head_json":{"title":"Cablaggi per il settore militare, cavi e componenti elettrici","description":"Gli interventi di cablaggio nel settore militare hanno l'obbligo di seguire la pi\u00f9 totale riservatezza e sottostare a rigidi protocolli di qualit\u00e0 ed efficienza","robots":{"index":"index","follow":"follow","max-snippet":"max-snippet:-1","max-image-preview":"max-image-preview:large","max-video-preview":"max-video-preview:-1"},"canonical":"https:\/\/www.errebi-group.com\/it\/militare","og_locale":"it_IT","og_type":"article","og_title":"Cablaggi per il settore militare, cavi e componenti elettrici","og_description":"Gli interventi di cablaggio nel settore militare hanno l'obbligo di seguire la pi\u00f9 totale riservatezza e sottostare a rigidi protocolli di qualit\u00e0 ed efficienza","og_url":"https:\/\/www.errebi-group.com\/it\/militare","og_site_name":"ErreBi Group","article_publisher":"https:\/\/www.facebook.com\/errebigroupsrl","article_modified_time":"2025-07-01T15:41:24+00:00","og_image":[{"width":1920,"height":1080,"url":"https:\/\/www.errebi-group.com\/wp-content\/uploads\/2025\/04\/militare-campo-di-impiego-errebi-group-hero-section.webp","type":"image\/webp"}],"twitter_card":"summary_large_image","twitter_misc":{"Tempo di lettura stimato":"4 minuti"},"schema":{"@context":"https:\/\/schema.org","@graph":[{"@type":"WebPage","@id":"https:\/\/www.errebi-group.com\/it\/militare","url":"https:\/\/www.errebi-group.com\/it\/militare","name":"Cablaggi per il settore militare, cavi e componenti elettrici","isPartOf":{"@id":"https:\/\/www.errebi-group.com\/it\/#website"},"primaryImageOfPage":{"@id":"https:\/\/www.errebi-group.com\/it\/militare#primaryimage"},"image":{"@id":"https:\/\/www.errebi-group.com\/it\/militare#primaryimage"},"thumbnailUrl":"https:\/\/www.errebi-group.com\/wp-content\/uploads\/2025\/04\/militare-campo-di-impiego-errebi-group-hero-section.webp","datePublished":"2025-04-28T10:40:05+00:00","dateModified":"2025-07-01T15:41:24+00:00","description":"Gli interventi di cablaggio nel settore militare hanno l'obbligo di seguire la pi\u00f9 totale riservatezza e sottostare a rigidi protocolli di qualit\u00e0 ed efficienza","breadcrumb":{"@id":"https:\/\/www.errebi-group.com\/it\/militare#breadcrumb"},"inLanguage":"it-IT","potentialAction":[{"@type":"ReadAction","target":["https:\/\/www.errebi-group.com\/it\/militare"]}]},{"@type":"ImageObject","inLanguage":"it-IT","@id":"https:\/\/www.errebi-group.com\/it\/militare#primaryimage","url":"https:\/\/www.errebi-group.com\/wp-content\/uploads\/2025\/04\/militare-campo-di-impiego-errebi-group-hero-section.webp","contentUrl":"https:\/\/www.errebi-group.com\/wp-content\/uploads\/2025\/04\/militare-campo-di-impiego-errebi-group-hero-section.webp","width":1920,"height":1080,"caption":"Pannello elettronico militare con regolatore di segnale e indicatori LED, tecnologia difensiva avanzata"},{"@type":"BreadcrumbList","@id":"https:\/\/www.errebi-group.com\/it\/militare#breadcrumb","itemListElement":[{"@type":"ListItem","position":1,"name":"Home","item":"https:\/\/www.errebi-group.com\/it"},{"@type":"ListItem","position":2,"name":"Cablaggi e componenti elettrici per il settore militare"}]},{"@type":"WebSite","@id":"https:\/\/www.errebi-group.com\/it\/#website","url":"https:\/\/www.errebi-group.com\/it\/","name":"Errebi Group - Azienda produttrice di Cablaggi e Quadri Elettrici","description":"Azienda produttrice di Cablaggi e Quadri Elettrici","publisher":{"@id":"https:\/\/www.errebi-group.com\/it\/#organization"},"potentialAction":[{"@type":"SearchAction","target":{"@type":"EntryPoint","urlTemplate":"https:\/\/www.errebi-group.com\/it\/?s={search_term_string}"},"query-input":{"@type":"PropertyValueSpecification","valueRequired":true,"valueName":"search_term_string"}}],"inLanguage":"it-IT"},{"@type":"Organization","@id":"https:\/\/www.errebi-group.com\/it\/#organization","name":"Errebi Group","url":"https:\/\/www.errebi-group.com\/it\/","logo":{"@type":"ImageObject","inLanguage":"it-IT","@id":"https:\/\/www.errebi-group.com\/it\/#\/schema\/logo\/image\/","url":"https:\/\/www.errebi-group.com\/wp-content\/uploads\/2025\/04\/logo-errebi-group-payoff-white-website.png","contentUrl":"https:\/\/www.errebi-group.com\/wp-content\/uploads\/2025\/04\/logo-errebi-group-payoff-white-website.png","width":610,"height":100,"caption":"Errebi Group"},"image":{"@id":"https:\/\/www.errebi-group.com\/it\/#\/schema\/logo\/image\/"},"sameAs":["https:\/\/www.facebook.com\/errebigroupsrl","https:\/\/www.instagram.com\/errebi.group?igsh=cGNzN3FpcDFqNm1i","https:\/\/www.linkedin.com\/company\/errebigroup\/?originalSubdomain=it","https:\/\/www.youtube.com\/@errebigroup"]}]}},"_links":{"self":[{"href":"https:\/\/www.errebi-group.com\/it\/wp-json\/wp\/v2\/pages\/765","targetHints":{"allow":["GET"]}}],"collection":[{"href":"https:\/\/www.errebi-group.com\/it\/wp-json\/wp\/v2\/pages"}],"about":[{"href":"https:\/\/www.errebi-group.com\/it\/wp-json\/wp\/v2\/types\/page"}],"author":[{"embeddable":true,"href":"https:\/\/www.errebi-group.com\/it\/wp-json\/wp\/v2\/users\/1"}],"replies":[{"embeddable":true,"href":"https:\/\/www.errebi-group.com\/it\/wp-json\/wp\/v2\/comments?post=765"}],"version-history":[{"count":2,"href":"https:\/\/www.errebi-group.com\/it\/wp-json\/wp\/v2\/pages\/765\/revisions"}],"predecessor-version":[{"id":1216,"href":"https:\/\/www.errebi-group.com\/it\/wp-json\/wp\/v2\/pages\/765\/revisions\/1216"}],"wp:featuredmedia":[{"embeddable":true,"href":"https:\/\/www.errebi-group.com\/it\/wp-json\/wp\/v2\/media\/1205"}],"wp:attachment":[{"href":"https:\/\/www.errebi-group.com\/it\/wp-json\/wp\/v2\/media?parent=765"}],"curies":[{"name":"wp","href":"https:\/\/api.w.org\/{rel}","templated":true}]}}