{"id":777,"date":"2025-04-28T13:07:05","date_gmt":"2025-04-28T13:07:05","guid":{"rendered":"https:\/\/www.errebi-group.com\/?page_id=777"},"modified":"2025-07-01T15:47:19","modified_gmt":"2025-07-01T15:47:19","slug":"telecomunicazioni","status":"publish","type":"page","link":"https:\/\/www.errebi-group.com\/it\/telecomunicazioni","title":{"rendered":"Cablaggi e componenti elettrici per le telecomunicazioni"},"content":{"rendered":"<p>Una delle <strong>caratteristiche principali richieste nell\u2019ambito delle telecomunicazioni<\/strong> \u00e8 quella di ottenere un <strong>cablaggio quanto pi\u00f9 estendibile e flessibile<\/strong>, con la possibilit\u00e0 di <strong>trasportare dati il pi\u00f9 velocemente possibile<\/strong>.<\/p>\n<p>Per poter quindi rientrare con puntualit\u00e0 in questi parametri, \u00e8 necessario <strong>studiare con attenzione le caratteristiche dell\u2019area in cui intervenire<\/strong> e <strong>le esigenze di espansione dell\u2019impianto<\/strong>, per poter dunque suggerire al cliente <strong>la migliore soluzione<\/strong> sia per quanto riguarda i cavi che la rete da installare.<\/p>\n<p>A seconda dei casi, \u00e8 possibile <strong>collegare reti anche molto distanti tra loro<\/strong> grazie all\u2019utilizzo di <strong>bridge e antenne esterne<\/strong>, mantenendo un cablaggio aperto ed aggirando in un certo senso la necessit\u00e0 di connessione fisica.<\/p>\n<div style=\"height: 48px;\"><\/div>\n<h2>Caratteristiche dei componenti per le telecomunicazioni<\/h2>\n<p>L\u2019obiettivo di <strong>aumentare la versatilit\u00e0 dei cablaggi<\/strong> porta i nostri esperti a lavorare su <strong>modalit\u00e0 di connessione differente<\/strong>, adattando gli <strong>impianti di cablaggio per le telecomunicazioni<\/strong> in base alla struttura ed alle effettive esigenze.<\/p>\n<p>Gli <strong>impianti di trasmissione dati<\/strong> possono, infatti, essere strutturati esclusivamente con <strong>cavi in rame<\/strong>, oppure con <strong>composizione mista<\/strong> che pu\u00f2 prevedere <strong>fibra ottica<\/strong> o <strong>connessione wireless<\/strong>.<\/p>\n<p>Grazie alla creazione di <strong>impianti strutturati<\/strong> \u00e8 possibile, dunque, favorire una migliore e pi\u00f9 veloce <strong>trasmissione di segnali di fonia, video e dati<\/strong>, integrandoli agli apparati elettrici ed elettronici esistenti e verificandone di volta in volta il corretto funzionamento con <strong>precisi test di accettazione<\/strong>.<\/p>\n<p>Il rispetto delle <strong>norme<\/strong>, delle <strong>propriet\u00e0 dei materiali<\/strong> e la <strong>conoscenza delle nuove tecnologie<\/strong> sono per noi costantemente al primo posto: per questo motivo \u00e8 prioritaria la <strong>costante formazione del personale<\/strong> in ognuno dei campi coinvolti per poter garantire ai clienti <strong>la massima competenza e professionalit\u00e0<\/strong>.<\/p>\n<div style=\"height: 48px;\"><\/div>\n<h2>Progettazione personalizzata<\/h2>\n<p>Come per tutti i nostri settori di intervento, anche per <strong>il campo delle telecomunicazioni<\/strong> forniamo un <strong>servizio di <a href=\"https:\/\/www.errebi-group.com\/it\/progettazione-cablaggi\">progettazione personalizzata di cablaggi<\/a> ed assemblaggi<\/strong>, cercando di andare incontro alle esigenze del cliente ed adattare il pi\u00f9 possibile il nostro lavoro alla funzione richiesta.<\/p>\n<p>Per progettare e successivamente <a href=\"https:\/\/www.errebi-group.com\/it\/produzione-cablaggi-elettrici\">realizzare un cablaggio<\/a> che si adatti al bisogno segnalato del committente, <strong>i nostri tecnici effettuano un sopralluogo<\/strong> per capire nel dettaglio quale sia il macchinario da cablare, gli spazi in cui esso opera e l&#8217;eventuale bisogno di una struttura di supporto, per poi identificare <strong>lo specifico prodotto da installare<\/strong>.<\/p>\n<p>Questo iter <strong>accelera senza dubbio il processo di produzione<\/strong>, facendo s\u00ec che il cliente riceva <strong>un servizio perfettamente conforme alle sue richieste<\/strong> che riesca ad abbattere, di conseguenza, sia i tempi che i costi di realizzazione.<\/p>\n<div style=\"height: 48px;\"><\/div>\n<h2>Consulenza specifica<\/h2>\n<p>In un settore come quello delle <strong>telecomunicazioni<\/strong> spesso pu\u00f2 essere complicato riuscire a capire autonomamente quale possa essere <strong>la tipologia di cablaggio ideale per il proprio macchinario o per la funzione di cui si ha bisogno<\/strong>, ancor di pi\u00f9 se il prodotto richiesto \u00e8 <strong>un assemblaggio particolarmente complesso<\/strong>.<\/p>\n<p>Per ovviare a questo tipo di problematica, <strong>le conoscenze dei nostri esperti<\/strong> sono quotidianamente a disposizione dei clienti per <strong>l&#8217;attivit\u00e0 di consulenza necessaria ad identificare il giusto prodotto per la specifica funzione<\/strong> e consigliare, eventualmente, <strong>la struttura pi\u00f9 adeguata per supportarne l&#8217;applicazione<\/strong>.<\/p>\n<p>L&#8217;obiettivo \u00e8, chiaramente, quello di <strong>inquadrare la situazione nel pi\u00f9 breve tempo possibile<\/strong> e trovare ad ogni dubbio <strong>la soluzione pi\u00f9 efficace<\/strong>, che possa garantire al cliente <strong>un servizio soddisfacente in grado di ottimizzare, al contempo, il rapporto qualit\u00e0-prezzo<\/strong>.<\/p>\n<div style=\"height: 48px;\"><\/div>\n<h2>Assistenza mirata<\/h2>\n<p>Il <strong>servizio di assistenza<\/strong> \u00e8 attivo per <strong>tutti i settori di intervento<\/strong> e dunque, di conseguenza, anche per quello delle <strong>telecomunicazioni<\/strong>.<\/p>\n<p>I nostri tecnici forniscono <strong><a href=\"https:\/\/www.errebi-group.com\/it\/consulenza\">assistenza specifica su tutti i cablaggi<\/a> e gli assemblaggi installati<\/strong>, analizzando di volta in volta la problematica ed intervenendo in maniera mirata dopo aver individuato il malfunzionamento.<\/p>\n<p>Gli interventi possono riguardare <strong>l&#8217;assemblaggio nella sua completezza o anche il singolo cavo<\/strong>, che pu\u00f2 essere identificato e sostituito in tempo utile per permettere al macchinario di tornare operativo il prima possibile.<\/p>\n<p><strong>Le competenze dei nostri esperti<\/strong> entrano nel merito di tutti i settori trattati dalla nostra azienda, permettendo loro di riuscire a <strong>comprendere il problema nel suo complesso<\/strong>, ma anche di <strong>cogliere i singoli dettagli specifici del campo in questione<\/strong>.<\/p>\n","protected":false},"excerpt":{"rendered":"<p>Una delle caratteristiche principali richieste nell\u2019ambito delle telecomunicazioni \u00e8 quella di ottenere un cablaggio quanto pi\u00f9 estendibile e flessibile, con la possibilit\u00e0 di trasportare dati il pi\u00f9 velocemente possibile. Per poter quindi rientrare con puntualit\u00e0 in questi parametri, \u00e8 necessario studiare con attenzione le caratteristiche dell\u2019area in cui intervenire e le esigenze di espansione dell\u2019impianto, [&hellip;]<\/p>\n","protected":false},"author":1,"featured_media":1211,"parent":0,"menu_order":0,"comment_status":"closed","ping_status":"closed","template":"","meta":{"footnotes":""},"class_list":["post-777","page","type-page","status-publish","has-post-thumbnail","hentry"],"yoast_head":"<!-- This site is optimized with the Yoast SEO plugin v27.4 - https:\/\/yoast.com\/product\/yoast-seo-wordpress\/ -->\n<title>Cablaggi per le telecomunicazioni, cavi e componenti elettrici<\/title>\n<meta name=\"description\" content=\"Una delle caratteristiche principali richieste nell\u2019ambito delle telecomunicazioni \u00e8 quella di ottenere un cablaggio dati quanto pi\u00f9 estendibile e flessibile\" \/>\n<meta name=\"robots\" content=\"index, follow, max-snippet:-1, max-image-preview:large, max-video-preview:-1\" \/>\n<link rel=\"canonical\" href=\"https:\/\/www.errebi-group.com\/it\/telecomunicazioni\" \/>\n<meta property=\"og:locale\" content=\"it_IT\" \/>\n<meta property=\"og:type\" content=\"article\" \/>\n<meta property=\"og:title\" content=\"Cablaggi per le telecomunicazioni, cavi e componenti elettrici\" \/>\n<meta property=\"og:description\" content=\"Una delle caratteristiche principali richieste nell\u2019ambito delle telecomunicazioni \u00e8 quella di ottenere un cablaggio dati quanto pi\u00f9 estendibile e flessibile\" \/>\n<meta property=\"og:url\" content=\"https:\/\/www.errebi-group.com\/it\/telecomunicazioni\" \/>\n<meta property=\"og:site_name\" content=\"ErreBi Group\" \/>\n<meta property=\"article:publisher\" content=\"https:\/\/www.facebook.com\/errebigroupsrl\" \/>\n<meta property=\"article:modified_time\" content=\"2025-07-01T15:47:19+00:00\" \/>\n<meta property=\"og:image\" content=\"https:\/\/www.errebi-group.com\/wp-content\/uploads\/2025\/04\/telecomunicazioni-campo-di-impiego-errebi-group-hero-section.webp\" \/>\n\t<meta property=\"og:image:width\" content=\"1920\" \/>\n\t<meta property=\"og:image:height\" content=\"1080\" \/>\n\t<meta property=\"og:image:type\" content=\"image\/webp\" \/>\n<meta name=\"twitter:card\" content=\"summary_large_image\" \/>\n<meta name=\"twitter:label1\" content=\"Tempo di lettura stimato\" \/>\n\t<meta name=\"twitter:data1\" content=\"4 minuti\" \/>\n<script type=\"application\/ld+json\" class=\"yoast-schema-graph\">{\"@context\":\"https:\\\/\\\/schema.org\",\"@graph\":[{\"@type\":\"WebPage\",\"@id\":\"https:\\\/\\\/www.errebi-group.com\\\/it\\\/telecomunicazioni\",\"url\":\"https:\\\/\\\/www.errebi-group.com\\\/it\\\/telecomunicazioni\",\"name\":\"Cablaggi per le telecomunicazioni, cavi e componenti elettrici\",\"isPartOf\":{\"@id\":\"https:\\\/\\\/www.errebi-group.com\\\/it\\\/#website\"},\"primaryImageOfPage\":{\"@id\":\"https:\\\/\\\/www.errebi-group.com\\\/it\\\/telecomunicazioni#primaryimage\"},\"image\":{\"@id\":\"https:\\\/\\\/www.errebi-group.com\\\/it\\\/telecomunicazioni#primaryimage\"},\"thumbnailUrl\":\"https:\\\/\\\/www.errebi-group.com\\\/wp-content\\\/uploads\\\/2025\\\/04\\\/telecomunicazioni-campo-di-impiego-errebi-group-hero-section.webp\",\"datePublished\":\"2025-04-28T13:07:05+00:00\",\"dateModified\":\"2025-07-01T15:47:19+00:00\",\"description\":\"Una delle caratteristiche principali richieste nell\u2019ambito delle telecomunicazioni \u00e8 quella di ottenere un cablaggio dati quanto pi\u00f9 estendibile e flessibile\",\"breadcrumb\":{\"@id\":\"https:\\\/\\\/www.errebi-group.com\\\/it\\\/telecomunicazioni#breadcrumb\"},\"inLanguage\":\"it-IT\",\"potentialAction\":[{\"@type\":\"ReadAction\",\"target\":[\"https:\\\/\\\/www.errebi-group.com\\\/it\\\/telecomunicazioni\"]}]},{\"@type\":\"ImageObject\",\"inLanguage\":\"it-IT\",\"@id\":\"https:\\\/\\\/www.errebi-group.com\\\/it\\\/telecomunicazioni#primaryimage\",\"url\":\"https:\\\/\\\/www.errebi-group.com\\\/wp-content\\\/uploads\\\/2025\\\/04\\\/telecomunicazioni-campo-di-impiego-errebi-group-hero-section.webp\",\"contentUrl\":\"https:\\\/\\\/www.errebi-group.com\\\/wp-content\\\/uploads\\\/2025\\\/04\\\/telecomunicazioni-campo-di-impiego-errebi-group-hero-section.webp\",\"width\":1920,\"height\":1080,\"caption\":\"Centrale di distribuzione con connettori coassiali e segnalatori luminosi, settore telecomunicazioni\"},{\"@type\":\"BreadcrumbList\",\"@id\":\"https:\\\/\\\/www.errebi-group.com\\\/it\\\/telecomunicazioni#breadcrumb\",\"itemListElement\":[{\"@type\":\"ListItem\",\"position\":1,\"name\":\"Home\",\"item\":\"https:\\\/\\\/www.errebi-group.com\\\/it\"},{\"@type\":\"ListItem\",\"position\":2,\"name\":\"Cablaggi e componenti elettrici per le telecomunicazioni\"}]},{\"@type\":\"WebSite\",\"@id\":\"https:\\\/\\\/www.errebi-group.com\\\/it\\\/#website\",\"url\":\"https:\\\/\\\/www.errebi-group.com\\\/it\\\/\",\"name\":\"Errebi Group - Azienda produttrice di Cablaggi e Quadri Elettrici\",\"description\":\"Azienda produttrice di Cablaggi e Quadri Elettrici\",\"publisher\":{\"@id\":\"https:\\\/\\\/www.errebi-group.com\\\/it\\\/#organization\"},\"potentialAction\":[{\"@type\":\"SearchAction\",\"target\":{\"@type\":\"EntryPoint\",\"urlTemplate\":\"https:\\\/\\\/www.errebi-group.com\\\/it\\\/?s={search_term_string}\"},\"query-input\":{\"@type\":\"PropertyValueSpecification\",\"valueRequired\":true,\"valueName\":\"search_term_string\"}}],\"inLanguage\":\"it-IT\"},{\"@type\":\"Organization\",\"@id\":\"https:\\\/\\\/www.errebi-group.com\\\/it\\\/#organization\",\"name\":\"Errebi Group\",\"url\":\"https:\\\/\\\/www.errebi-group.com\\\/it\\\/\",\"logo\":{\"@type\":\"ImageObject\",\"inLanguage\":\"it-IT\",\"@id\":\"https:\\\/\\\/www.errebi-group.com\\\/it\\\/#\\\/schema\\\/logo\\\/image\\\/\",\"url\":\"https:\\\/\\\/www.errebi-group.com\\\/wp-content\\\/uploads\\\/2025\\\/04\\\/logo-errebi-group-payoff-white-website.png\",\"contentUrl\":\"https:\\\/\\\/www.errebi-group.com\\\/wp-content\\\/uploads\\\/2025\\\/04\\\/logo-errebi-group-payoff-white-website.png\",\"width\":610,\"height\":100,\"caption\":\"Errebi Group\"},\"image\":{\"@id\":\"https:\\\/\\\/www.errebi-group.com\\\/it\\\/#\\\/schema\\\/logo\\\/image\\\/\"},\"sameAs\":[\"https:\\\/\\\/www.facebook.com\\\/errebigroupsrl\",\"https:\\\/\\\/www.instagram.com\\\/errebi.group?igsh=cGNzN3FpcDFqNm1i\",\"https:\\\/\\\/www.linkedin.com\\\/company\\\/errebigroup\\\/?originalSubdomain=it\",\"https:\\\/\\\/www.youtube.com\\\/@errebigroup\"]}]}<\/script>\n<!-- \/ Yoast SEO plugin. -->","yoast_head_json":{"title":"Cablaggi per le telecomunicazioni, cavi e componenti elettrici","description":"Una delle caratteristiche principali richieste nell\u2019ambito delle telecomunicazioni \u00e8 quella di ottenere un cablaggio dati quanto pi\u00f9 estendibile e flessibile","robots":{"index":"index","follow":"follow","max-snippet":"max-snippet:-1","max-image-preview":"max-image-preview:large","max-video-preview":"max-video-preview:-1"},"canonical":"https:\/\/www.errebi-group.com\/it\/telecomunicazioni","og_locale":"it_IT","og_type":"article","og_title":"Cablaggi per le telecomunicazioni, cavi e componenti elettrici","og_description":"Una delle caratteristiche principali richieste nell\u2019ambito delle telecomunicazioni \u00e8 quella di ottenere un cablaggio dati quanto pi\u00f9 estendibile e flessibile","og_url":"https:\/\/www.errebi-group.com\/it\/telecomunicazioni","og_site_name":"ErreBi Group","article_publisher":"https:\/\/www.facebook.com\/errebigroupsrl","article_modified_time":"2025-07-01T15:47:19+00:00","og_image":[{"width":1920,"height":1080,"url":"https:\/\/www.errebi-group.com\/wp-content\/uploads\/2025\/04\/telecomunicazioni-campo-di-impiego-errebi-group-hero-section.webp","type":"image\/webp"}],"twitter_card":"summary_large_image","twitter_misc":{"Tempo di lettura stimato":"4 minuti"},"schema":{"@context":"https:\/\/schema.org","@graph":[{"@type":"WebPage","@id":"https:\/\/www.errebi-group.com\/it\/telecomunicazioni","url":"https:\/\/www.errebi-group.com\/it\/telecomunicazioni","name":"Cablaggi per le telecomunicazioni, cavi e componenti elettrici","isPartOf":{"@id":"https:\/\/www.errebi-group.com\/it\/#website"},"primaryImageOfPage":{"@id":"https:\/\/www.errebi-group.com\/it\/telecomunicazioni#primaryimage"},"image":{"@id":"https:\/\/www.errebi-group.com\/it\/telecomunicazioni#primaryimage"},"thumbnailUrl":"https:\/\/www.errebi-group.com\/wp-content\/uploads\/2025\/04\/telecomunicazioni-campo-di-impiego-errebi-group-hero-section.webp","datePublished":"2025-04-28T13:07:05+00:00","dateModified":"2025-07-01T15:47:19+00:00","description":"Una delle caratteristiche principali richieste nell\u2019ambito delle telecomunicazioni \u00e8 quella di ottenere un cablaggio dati quanto pi\u00f9 estendibile e flessibile","breadcrumb":{"@id":"https:\/\/www.errebi-group.com\/it\/telecomunicazioni#breadcrumb"},"inLanguage":"it-IT","potentialAction":[{"@type":"ReadAction","target":["https:\/\/www.errebi-group.com\/it\/telecomunicazioni"]}]},{"@type":"ImageObject","inLanguage":"it-IT","@id":"https:\/\/www.errebi-group.com\/it\/telecomunicazioni#primaryimage","url":"https:\/\/www.errebi-group.com\/wp-content\/uploads\/2025\/04\/telecomunicazioni-campo-di-impiego-errebi-group-hero-section.webp","contentUrl":"https:\/\/www.errebi-group.com\/wp-content\/uploads\/2025\/04\/telecomunicazioni-campo-di-impiego-errebi-group-hero-section.webp","width":1920,"height":1080,"caption":"Centrale di distribuzione con connettori coassiali e segnalatori luminosi, settore telecomunicazioni"},{"@type":"BreadcrumbList","@id":"https:\/\/www.errebi-group.com\/it\/telecomunicazioni#breadcrumb","itemListElement":[{"@type":"ListItem","position":1,"name":"Home","item":"https:\/\/www.errebi-group.com\/it"},{"@type":"ListItem","position":2,"name":"Cablaggi e componenti elettrici per le telecomunicazioni"}]},{"@type":"WebSite","@id":"https:\/\/www.errebi-group.com\/it\/#website","url":"https:\/\/www.errebi-group.com\/it\/","name":"Errebi Group - Azienda produttrice di Cablaggi e Quadri Elettrici","description":"Azienda produttrice di Cablaggi e Quadri Elettrici","publisher":{"@id":"https:\/\/www.errebi-group.com\/it\/#organization"},"potentialAction":[{"@type":"SearchAction","target":{"@type":"EntryPoint","urlTemplate":"https:\/\/www.errebi-group.com\/it\/?s={search_term_string}"},"query-input":{"@type":"PropertyValueSpecification","valueRequired":true,"valueName":"search_term_string"}}],"inLanguage":"it-IT"},{"@type":"Organization","@id":"https:\/\/www.errebi-group.com\/it\/#organization","name":"Errebi Group","url":"https:\/\/www.errebi-group.com\/it\/","logo":{"@type":"ImageObject","inLanguage":"it-IT","@id":"https:\/\/www.errebi-group.com\/it\/#\/schema\/logo\/image\/","url":"https:\/\/www.errebi-group.com\/wp-content\/uploads\/2025\/04\/logo-errebi-group-payoff-white-website.png","contentUrl":"https:\/\/www.errebi-group.com\/wp-content\/uploads\/2025\/04\/logo-errebi-group-payoff-white-website.png","width":610,"height":100,"caption":"Errebi Group"},"image":{"@id":"https:\/\/www.errebi-group.com\/it\/#\/schema\/logo\/image\/"},"sameAs":["https:\/\/www.facebook.com\/errebigroupsrl","https:\/\/www.instagram.com\/errebi.group?igsh=cGNzN3FpcDFqNm1i","https:\/\/www.linkedin.com\/company\/errebigroup\/?originalSubdomain=it","https:\/\/www.youtube.com\/@errebigroup"]}]}},"_links":{"self":[{"href":"https:\/\/www.errebi-group.com\/it\/wp-json\/wp\/v2\/pages\/777","targetHints":{"allow":["GET"]}}],"collection":[{"href":"https:\/\/www.errebi-group.com\/it\/wp-json\/wp\/v2\/pages"}],"about":[{"href":"https:\/\/www.errebi-group.com\/it\/wp-json\/wp\/v2\/types\/page"}],"author":[{"embeddable":true,"href":"https:\/\/www.errebi-group.com\/it\/wp-json\/wp\/v2\/users\/1"}],"replies":[{"embeddable":true,"href":"https:\/\/www.errebi-group.com\/it\/wp-json\/wp\/v2\/comments?post=777"}],"version-history":[{"count":2,"href":"https:\/\/www.errebi-group.com\/it\/wp-json\/wp\/v2\/pages\/777\/revisions"}],"predecessor-version":[{"id":1224,"href":"https:\/\/www.errebi-group.com\/it\/wp-json\/wp\/v2\/pages\/777\/revisions\/1224"}],"wp:featuredmedia":[{"embeddable":true,"href":"https:\/\/www.errebi-group.com\/it\/wp-json\/wp\/v2\/media\/1211"}],"wp:attachment":[{"href":"https:\/\/www.errebi-group.com\/it\/wp-json\/wp\/v2\/media?parent=777"}],"curies":[{"name":"wp","href":"https:\/\/api.w.org\/{rel}","templated":true}]}}