{"id":787,"date":"2025-04-28T13:32:55","date_gmt":"2025-04-28T13:32:55","guid":{"rendered":"https:\/\/www.errebi-group.com\/?page_id=787"},"modified":"2025-07-01T15:52:21","modified_gmt":"2025-07-01T15:52:21","slug":"macchine-agricole-alimentari","status":"publish","type":"page","link":"https:\/\/www.errebi-group.com\/it\/macchine-agricole-alimentari","title":{"rendered":"Cablaggi e componenti elettrici per macchine agricole"},"content":{"rendered":"<p>Il settore delle <strong>macchine agricole<\/strong> riguarda tutti i macchinari impegnati nella <strong>raccolta, lavorazione, trasporto e smistamento delle risorse agricole<\/strong>.<br \/>\nParliamo quindi non solo di veicoli quali <strong>trattori, mietitrebbie e dissodatori per il terreno<\/strong>, ma anche di macchinari pi\u00f9 complessi come ad esempio <strong>attrezzi per compattare<\/strong>, <strong>bracci decespugliatori<\/strong>, <strong>macchine impagliatrici<\/strong> e affini.<\/p>\n<p>Le macchine agricole, cos\u00ec come i <strong>cablaggi<\/strong> ad esse associati, devono garantire <strong>durata e resistenza nel tempo<\/strong>, dal momento che le operazioni svolte in questo ambito sono numerose e complesse.<\/p>\n<p>Queste operazioni, se non eseguite in modo corretto o con strumenti ottimali, potrebbero mettere a rischio non solo la <strong>tutela del paesaggio<\/strong> ma anche la <strong>salute e la sicurezza dei lavoratori<\/strong>.<br \/>\nPer questo motivo \u00e8 opportuno assicurarsi di utilizzare esclusivamente <strong>strumenti e dispositivi garantiti e certificati<\/strong>.<\/p>\n<div style=\"height: 48px;\"><\/div>\n<h2>Caratteristiche per il settore agricolo<\/h2>\n<p>Il settore delle <strong>macchine agricole<\/strong> si avvale di diverse <strong>componenti e cablaggi<\/strong> che spaziano tra diverse tipologie.<\/p>\n<p>I veicoli agricoli richiedono sia <strong>cablaggi tipici del settore automotive<\/strong> (cavi per batteria, cablaggi per fari fendinebbia, collegamenti per elettroguida, cavi per freni ecc\u2026) che <strong>componenti pi\u00f9 specifici<\/strong> che si rifanno al settore dell&#8217;automazione e della robotica: pensiamo a <strong>cordoni lineari<\/strong>, <strong>cavi estensibili<\/strong>, <strong>cablaggi spiralati<\/strong> e <strong>cavi settoriali di collegamento<\/strong> in grado di garantire una buona resistenza a torsioni e piegamenti dei macchinari a cui sono associati.<\/p>\n<p>Ogni cablaggio dovr\u00e0 essere scelto in base a <strong>specifiche tecniche ben precise<\/strong> che variano a seconda del macchinario in cui sono installati.<br \/>\nCi\u00f2 implica la particolare importanza di scegliere <strong>prodotti di qualit\u00e0<\/strong> e affidarsi a <strong>fornitore professionale<\/strong>.<\/p>\n<div style=\"height: 48px;\"><\/div>\n<h2>Progettazione personalizzata<\/h2>\n<p>Come per tutti i nostri settori di intervento, anche per il campo delle <strong>macchine agricole<\/strong> forniamo un servizio di <strong>progettazione personalizzata di cablaggi ed assemblaggi<\/strong>, cercando di andare incontro alle esigenze del cliente ed adattare il pi\u00f9 possibile il nostro lavoro alla funzione richiesta.<\/p>\n<p>Per progettare e successivamente realizzare un cablaggio che si adatti al bisogno segnalato del committente, i nostri tecnici effettuano un <strong>sopralluogo<\/strong> per capire nel dettaglio quale sia il <strong>macchinario da cablare<\/strong>, gli <strong>spazi<\/strong> in cui esso opera e l&#8217;<strong>eventuale bisogno di una struttura di supporto<\/strong>, per poi identificare lo <strong>specifico prodotto da installare<\/strong>.<\/p>\n<p>Questo iter accelera senza dubbio il <strong>processo di produzione<\/strong>, facendo s\u00ec che il cliente riceva un servizio perfettamente conforme alle sue richieste che riesca ad abbattere, di conseguenza, sia i <strong>tempi<\/strong> che i <strong>costi di realizzazione<\/strong>.<\/p>\n<div style=\"height: 48px;\"><\/div>\n<h2>Consulenza specifica<\/h2>\n<p>In un settore come quello delle <strong>macchine agricole<\/strong> spesso pu\u00f2 essere complicato riuscire a capire autonomamente quale possa essere la <strong>tipologia di cablaggio ideale<\/strong> per il proprio macchinario o per la funzione di cui si ha bisogno, ancor di pi\u00f9 se il prodotto richiesto \u00e8 un <strong>assemblaggio particolarmente complesso<\/strong>.<\/p>\n<p>Per ovviare a questo tipo di problematica, le conoscenze dei nostri esperti sono quotidianamente a disposizione dei clienti per l&#8217;attivit\u00e0 di <strong>consulenza<\/strong> necessaria ad identificare il <strong>giusto prodotto<\/strong> per la specifica funzione e consigliare, eventualmente, la <strong>struttura pi\u00f9 adeguata<\/strong> per supportarne l&#8217;applicazione.<\/p>\n<p>L&#8217;obiettivo \u00e8, chiaramente, quello di inquadrare la situazione nel pi\u00f9 breve tempo possibile e trovare ad ogni dubbio la <strong>soluzione pi\u00f9 efficace<\/strong>, che possa garantire al cliente un <strong>servizio soddisfacente<\/strong> in grado di ottimizzare, al contempo, il <strong>rapporto qualit\u00e0-prezzo<\/strong>.<\/p>\n<div style=\"height: 48px;\"><\/div>\n<h2>Assistenza mirata<\/h2>\n<p>Il servizio di <strong>assistenza<\/strong> \u00e8 attivo per tutti i settori di intervento e dunque, di conseguenza, anche per quello delle <strong>macchine agricole<\/strong>. I nostri tecnici forniscono <strong>assistenza specifica<\/strong> su tutti i <strong>cablaggi<\/strong> e gli <strong>assemblaggi installati<\/strong>, analizzando di volta in volta la problematica ed intervenendo in maniera mirata dopo aver individuato il malfunzionamento.<\/p>\n<p>Gli interventi possono riguardare l&#8217;<strong>assemblaggio nella sua completezza<\/strong> o anche il <strong>singolo cavo<\/strong>, che pu\u00f2 essere identificato e sostituito in tempo utile per permettere al macchinario di tornare operativo il prima possibile.<\/p>\n<p>Le competenze dei nostri esperti entrano nel merito di tutti i settori trattati dalla nostra azienda, permettendo loro di riuscire a comprendere il problema nel suo complesso, ma anche di cogliere i <strong>singoli dettagli specifici<\/strong> del campo in questione.<\/p>\n","protected":false},"excerpt":{"rendered":"<p>Il settore delle macchine agricole riguarda tutti i macchinari impegnati nella raccolta, lavorazione, trasporto e smistamento delle risorse agricole. Parliamo quindi non solo di veicoli quali trattori, mietitrebbie e dissodatori per il terreno, ma anche di macchinari pi\u00f9 complessi come ad esempio attrezzi per compattare, bracci decespugliatori, macchine impagliatrici e affini. Le macchine agricole, cos\u00ec [&hellip;]<\/p>\n","protected":false},"author":1,"featured_media":1204,"parent":0,"menu_order":0,"comment_status":"closed","ping_status":"closed","template":"","meta":{"footnotes":""},"class_list":["post-787","page","type-page","status-publish","has-post-thumbnail","hentry"],"yoast_head":"<!-- This site is optimized with the Yoast SEO plugin v27.4 - https:\/\/yoast.com\/product\/yoast-seo-wordpress\/ -->\n<title>Cablaggi per macchine agricole e alimentari<\/title>\n<meta name=\"description\" content=\"Il settore delle macchine agricole riguarda tutti i macchinari impegnati nella raccolta, lavorazione, trasporto e smistamento delle risorse agricole\" \/>\n<meta name=\"robots\" content=\"index, follow, max-snippet:-1, max-image-preview:large, max-video-preview:-1\" \/>\n<link rel=\"canonical\" href=\"https:\/\/www.errebi-group.com\/it\/macchine-agricole-alimentari\" \/>\n<meta property=\"og:locale\" content=\"it_IT\" \/>\n<meta property=\"og:type\" content=\"article\" \/>\n<meta property=\"og:title\" content=\"Cablaggi per macchine agricole e alimentari\" \/>\n<meta property=\"og:description\" content=\"Il settore delle macchine agricole riguarda tutti i macchinari impegnati nella raccolta, lavorazione, trasporto e smistamento delle risorse agricole\" \/>\n<meta property=\"og:url\" content=\"https:\/\/www.errebi-group.com\/it\/macchine-agricole-alimentari\" \/>\n<meta property=\"og:site_name\" content=\"ErreBi Group\" \/>\n<meta property=\"article:publisher\" content=\"https:\/\/www.facebook.com\/errebigroupsrl\" \/>\n<meta property=\"article:modified_time\" content=\"2025-07-01T15:52:21+00:00\" \/>\n<meta property=\"og:image\" content=\"https:\/\/www.errebi-group.com\/wp-content\/uploads\/2025\/04\/macchine-agricole-alimentari-campo-di-impiego-errebi-group-hero-section.webp\" \/>\n\t<meta property=\"og:image:width\" content=\"1920\" \/>\n\t<meta property=\"og:image:height\" content=\"1080\" \/>\n\t<meta property=\"og:image:type\" content=\"image\/webp\" \/>\n<meta name=\"twitter:card\" content=\"summary_large_image\" \/>\n<meta name=\"twitter:label1\" content=\"Tempo di lettura stimato\" \/>\n\t<meta name=\"twitter:data1\" content=\"4 minuti\" \/>\n<script type=\"application\/ld+json\" class=\"yoast-schema-graph\">{\"@context\":\"https:\\\/\\\/schema.org\",\"@graph\":[{\"@type\":\"WebPage\",\"@id\":\"https:\\\/\\\/www.errebi-group.com\\\/it\\\/macchine-agricole-alimentari\",\"url\":\"https:\\\/\\\/www.errebi-group.com\\\/it\\\/macchine-agricole-alimentari\",\"name\":\"Cablaggi per macchine agricole e alimentari\",\"isPartOf\":{\"@id\":\"https:\\\/\\\/www.errebi-group.com\\\/it\\\/#website\"},\"primaryImageOfPage\":{\"@id\":\"https:\\\/\\\/www.errebi-group.com\\\/it\\\/macchine-agricole-alimentari#primaryimage\"},\"image\":{\"@id\":\"https:\\\/\\\/www.errebi-group.com\\\/it\\\/macchine-agricole-alimentari#primaryimage\"},\"thumbnailUrl\":\"https:\\\/\\\/www.errebi-group.com\\\/wp-content\\\/uploads\\\/2025\\\/04\\\/macchine-agricole-alimentari-campo-di-impiego-errebi-group-hero-section.webp\",\"datePublished\":\"2025-04-28T13:32:55+00:00\",\"dateModified\":\"2025-07-01T15:52:21+00:00\",\"description\":\"Il settore delle macchine agricole riguarda tutti i macchinari impegnati nella raccolta, lavorazione, trasporto e smistamento delle risorse agricole\",\"breadcrumb\":{\"@id\":\"https:\\\/\\\/www.errebi-group.com\\\/it\\\/macchine-agricole-alimentari#breadcrumb\"},\"inLanguage\":\"it-IT\",\"potentialAction\":[{\"@type\":\"ReadAction\",\"target\":[\"https:\\\/\\\/www.errebi-group.com\\\/it\\\/macchine-agricole-alimentari\"]}]},{\"@type\":\"ImageObject\",\"inLanguage\":\"it-IT\",\"@id\":\"https:\\\/\\\/www.errebi-group.com\\\/it\\\/macchine-agricole-alimentari#primaryimage\",\"url\":\"https:\\\/\\\/www.errebi-group.com\\\/wp-content\\\/uploads\\\/2025\\\/04\\\/macchine-agricole-alimentari-campo-di-impiego-errebi-group-hero-section.webp\",\"contentUrl\":\"https:\\\/\\\/www.errebi-group.com\\\/wp-content\\\/uploads\\\/2025\\\/04\\\/macchine-agricole-alimentari-campo-di-impiego-errebi-group-hero-section.webp\",\"width\":1920,\"height\":1080,\"caption\":\"Tecnico esegue installazione su macchinario agricolo-industriale con cablaggi e connettori\"},{\"@type\":\"BreadcrumbList\",\"@id\":\"https:\\\/\\\/www.errebi-group.com\\\/it\\\/macchine-agricole-alimentari#breadcrumb\",\"itemListElement\":[{\"@type\":\"ListItem\",\"position\":1,\"name\":\"Home\",\"item\":\"https:\\\/\\\/www.errebi-group.com\\\/it\"},{\"@type\":\"ListItem\",\"position\":2,\"name\":\"Cablaggi e componenti elettrici per macchine agricole\"}]},{\"@type\":\"WebSite\",\"@id\":\"https:\\\/\\\/www.errebi-group.com\\\/it\\\/#website\",\"url\":\"https:\\\/\\\/www.errebi-group.com\\\/it\\\/\",\"name\":\"Errebi Group - Azienda produttrice di Cablaggi e Quadri Elettrici\",\"description\":\"Azienda produttrice di Cablaggi e Quadri Elettrici\",\"publisher\":{\"@id\":\"https:\\\/\\\/www.errebi-group.com\\\/it\\\/#organization\"},\"potentialAction\":[{\"@type\":\"SearchAction\",\"target\":{\"@type\":\"EntryPoint\",\"urlTemplate\":\"https:\\\/\\\/www.errebi-group.com\\\/it\\\/?s={search_term_string}\"},\"query-input\":{\"@type\":\"PropertyValueSpecification\",\"valueRequired\":true,\"valueName\":\"search_term_string\"}}],\"inLanguage\":\"it-IT\"},{\"@type\":\"Organization\",\"@id\":\"https:\\\/\\\/www.errebi-group.com\\\/it\\\/#organization\",\"name\":\"Errebi Group\",\"url\":\"https:\\\/\\\/www.errebi-group.com\\\/it\\\/\",\"logo\":{\"@type\":\"ImageObject\",\"inLanguage\":\"it-IT\",\"@id\":\"https:\\\/\\\/www.errebi-group.com\\\/it\\\/#\\\/schema\\\/logo\\\/image\\\/\",\"url\":\"https:\\\/\\\/www.errebi-group.com\\\/wp-content\\\/uploads\\\/2025\\\/04\\\/logo-errebi-group-payoff-white-website.png\",\"contentUrl\":\"https:\\\/\\\/www.errebi-group.com\\\/wp-content\\\/uploads\\\/2025\\\/04\\\/logo-errebi-group-payoff-white-website.png\",\"width\":610,\"height\":100,\"caption\":\"Errebi Group\"},\"image\":{\"@id\":\"https:\\\/\\\/www.errebi-group.com\\\/it\\\/#\\\/schema\\\/logo\\\/image\\\/\"},\"sameAs\":[\"https:\\\/\\\/www.facebook.com\\\/errebigroupsrl\",\"https:\\\/\\\/www.instagram.com\\\/errebi.group?igsh=cGNzN3FpcDFqNm1i\",\"https:\\\/\\\/www.linkedin.com\\\/company\\\/errebigroup\\\/?originalSubdomain=it\",\"https:\\\/\\\/www.youtube.com\\\/@errebigroup\"]}]}<\/script>\n<!-- \/ Yoast SEO plugin. -->","yoast_head_json":{"title":"Cablaggi per macchine agricole e alimentari","description":"Il settore delle macchine agricole riguarda tutti i macchinari impegnati nella raccolta, lavorazione, trasporto e smistamento delle risorse agricole","robots":{"index":"index","follow":"follow","max-snippet":"max-snippet:-1","max-image-preview":"max-image-preview:large","max-video-preview":"max-video-preview:-1"},"canonical":"https:\/\/www.errebi-group.com\/it\/macchine-agricole-alimentari","og_locale":"it_IT","og_type":"article","og_title":"Cablaggi per macchine agricole e alimentari","og_description":"Il settore delle macchine agricole riguarda tutti i macchinari impegnati nella raccolta, lavorazione, trasporto e smistamento delle risorse agricole","og_url":"https:\/\/www.errebi-group.com\/it\/macchine-agricole-alimentari","og_site_name":"ErreBi Group","article_publisher":"https:\/\/www.facebook.com\/errebigroupsrl","article_modified_time":"2025-07-01T15:52:21+00:00","og_image":[{"width":1920,"height":1080,"url":"https:\/\/www.errebi-group.com\/wp-content\/uploads\/2025\/04\/macchine-agricole-alimentari-campo-di-impiego-errebi-group-hero-section.webp","type":"image\/webp"}],"twitter_card":"summary_large_image","twitter_misc":{"Tempo di lettura stimato":"4 minuti"},"schema":{"@context":"https:\/\/schema.org","@graph":[{"@type":"WebPage","@id":"https:\/\/www.errebi-group.com\/it\/macchine-agricole-alimentari","url":"https:\/\/www.errebi-group.com\/it\/macchine-agricole-alimentari","name":"Cablaggi per macchine agricole e alimentari","isPartOf":{"@id":"https:\/\/www.errebi-group.com\/it\/#website"},"primaryImageOfPage":{"@id":"https:\/\/www.errebi-group.com\/it\/macchine-agricole-alimentari#primaryimage"},"image":{"@id":"https:\/\/www.errebi-group.com\/it\/macchine-agricole-alimentari#primaryimage"},"thumbnailUrl":"https:\/\/www.errebi-group.com\/wp-content\/uploads\/2025\/04\/macchine-agricole-alimentari-campo-di-impiego-errebi-group-hero-section.webp","datePublished":"2025-04-28T13:32:55+00:00","dateModified":"2025-07-01T15:52:21+00:00","description":"Il settore delle macchine agricole riguarda tutti i macchinari impegnati nella raccolta, lavorazione, trasporto e smistamento delle risorse agricole","breadcrumb":{"@id":"https:\/\/www.errebi-group.com\/it\/macchine-agricole-alimentari#breadcrumb"},"inLanguage":"it-IT","potentialAction":[{"@type":"ReadAction","target":["https:\/\/www.errebi-group.com\/it\/macchine-agricole-alimentari"]}]},{"@type":"ImageObject","inLanguage":"it-IT","@id":"https:\/\/www.errebi-group.com\/it\/macchine-agricole-alimentari#primaryimage","url":"https:\/\/www.errebi-group.com\/wp-content\/uploads\/2025\/04\/macchine-agricole-alimentari-campo-di-impiego-errebi-group-hero-section.webp","contentUrl":"https:\/\/www.errebi-group.com\/wp-content\/uploads\/2025\/04\/macchine-agricole-alimentari-campo-di-impiego-errebi-group-hero-section.webp","width":1920,"height":1080,"caption":"Tecnico esegue installazione su macchinario agricolo-industriale con cablaggi e connettori"},{"@type":"BreadcrumbList","@id":"https:\/\/www.errebi-group.com\/it\/macchine-agricole-alimentari#breadcrumb","itemListElement":[{"@type":"ListItem","position":1,"name":"Home","item":"https:\/\/www.errebi-group.com\/it"},{"@type":"ListItem","position":2,"name":"Cablaggi e componenti elettrici per macchine agricole"}]},{"@type":"WebSite","@id":"https:\/\/www.errebi-group.com\/it\/#website","url":"https:\/\/www.errebi-group.com\/it\/","name":"Errebi Group - Azienda produttrice di Cablaggi e Quadri Elettrici","description":"Azienda produttrice di Cablaggi e Quadri Elettrici","publisher":{"@id":"https:\/\/www.errebi-group.com\/it\/#organization"},"potentialAction":[{"@type":"SearchAction","target":{"@type":"EntryPoint","urlTemplate":"https:\/\/www.errebi-group.com\/it\/?s={search_term_string}"},"query-input":{"@type":"PropertyValueSpecification","valueRequired":true,"valueName":"search_term_string"}}],"inLanguage":"it-IT"},{"@type":"Organization","@id":"https:\/\/www.errebi-group.com\/it\/#organization","name":"Errebi Group","url":"https:\/\/www.errebi-group.com\/it\/","logo":{"@type":"ImageObject","inLanguage":"it-IT","@id":"https:\/\/www.errebi-group.com\/it\/#\/schema\/logo\/image\/","url":"https:\/\/www.errebi-group.com\/wp-content\/uploads\/2025\/04\/logo-errebi-group-payoff-white-website.png","contentUrl":"https:\/\/www.errebi-group.com\/wp-content\/uploads\/2025\/04\/logo-errebi-group-payoff-white-website.png","width":610,"height":100,"caption":"Errebi Group"},"image":{"@id":"https:\/\/www.errebi-group.com\/it\/#\/schema\/logo\/image\/"},"sameAs":["https:\/\/www.facebook.com\/errebigroupsrl","https:\/\/www.instagram.com\/errebi.group?igsh=cGNzN3FpcDFqNm1i","https:\/\/www.linkedin.com\/company\/errebigroup\/?originalSubdomain=it","https:\/\/www.youtube.com\/@errebigroup"]}]}},"_links":{"self":[{"href":"https:\/\/www.errebi-group.com\/it\/wp-json\/wp\/v2\/pages\/787","targetHints":{"allow":["GET"]}}],"collection":[{"href":"https:\/\/www.errebi-group.com\/it\/wp-json\/wp\/v2\/pages"}],"about":[{"href":"https:\/\/www.errebi-group.com\/it\/wp-json\/wp\/v2\/types\/page"}],"author":[{"embeddable":true,"href":"https:\/\/www.errebi-group.com\/it\/wp-json\/wp\/v2\/users\/1"}],"replies":[{"embeddable":true,"href":"https:\/\/www.errebi-group.com\/it\/wp-json\/wp\/v2\/comments?post=787"}],"version-history":[{"count":2,"href":"https:\/\/www.errebi-group.com\/it\/wp-json\/wp\/v2\/pages\/787\/revisions"}],"predecessor-version":[{"id":1225,"href":"https:\/\/www.errebi-group.com\/it\/wp-json\/wp\/v2\/pages\/787\/revisions\/1225"}],"wp:featuredmedia":[{"embeddable":true,"href":"https:\/\/www.errebi-group.com\/it\/wp-json\/wp\/v2\/media\/1204"}],"wp:attachment":[{"href":"https:\/\/www.errebi-group.com\/it\/wp-json\/wp\/v2\/media?parent=787"}],"curies":[{"name":"wp","href":"https:\/\/api.w.org\/{rel}","templated":true}]}}