{"id":791,"date":"2025-04-28T13:52:55","date_gmt":"2025-04-28T13:52:55","guid":{"rendered":"https:\/\/www.errebi-group.com\/?page_id=791"},"modified":"2025-07-01T15:54:04","modified_gmt":"2025-07-01T15:54:04","slug":"ferroviario","status":"publish","type":"page","link":"https:\/\/www.errebi-group.com\/it\/ferroviario","title":{"rendered":"Cablaggi e componenti elettrici per il settore ferroviario"},"content":{"rendered":"<p>Il <strong>settore ferroviario<\/strong> \u00e8 sicuramente tra i campi che richiedono una maggiore versatilit\u00e0 e flessibilit\u00e0, con l&#8217;attivit\u00e0 di <strong>cablaggio<\/strong> che pu\u00f2 avvenire sia nelle stazioni di controllo che a bordo dei veicoli su rotaia.<\/p>\n<p>Il servizio fornito pu\u00f2 dunque svilupparsi su diversi livelli: dal semplice <strong>taglio dei cavi<\/strong>, fino alla realizzazione di <strong>interi impianti<\/strong>. Le componenti utilizzate devono, per questo motivo, essere caratterizzate da una profonda adattabilit\u00e0 di impiego, facendo in modo che ogni singolo prodotto possa essere utilizzabile nei diversi settori di applicazione dell&#8217;<strong>industria ferroviaria<\/strong> nella pi\u00f9 totale sicurezza.<\/p>\n<p>L&#8217;<strong>attenta scelta dei materiali<\/strong> diventa in questo contesto un passaggio fondamentale per far s\u00ec che i cablaggi risultino <strong>resistenti<\/strong>, assicurando il funzionamento elettrico dei componenti e garantendo una <strong>trasmissione dei segnali<\/strong> senza alcun rischio di interruzione.<\/p>\n<div style=\"height: 48px;\"><\/div>\n<h2>Caratteristiche per il settore ferroviario<\/h2>\n<p>Le caratteristiche dei materiali e dei componenti per i <strong>cablaggi dedicati al settore ferroviario<\/strong> sono, come visto in precedenza, ricercate in base alla capacit\u00e0 di resistere in particolar modo alle <strong>forti vibrazioni<\/strong> ed agli <strong>sbalzi di temperatura<\/strong>.<\/p>\n<p>La protezione dei cablaggi \u00e8 assicurata da materiali assolutamente <strong>ignifughi<\/strong> per connettori e cavi, il cui bloccaggio viene garantito grazie a speciali <strong>freni vibranti<\/strong> appositamente applicati nei punti che subiscono le maggiori sollecitazioni.<\/p>\n<p>Ogni cablaggio viene puntualmente testato in ampi range di temperatura, facendo in modo da non subire danni anche nelle peggiori ipotesi di <strong>shock termico<\/strong>. Questi parametri vengono severamente applicati a tutti i cavi, i connettori e le custodie utilizzate nel settore, a garanzia di una profonda meticolosit\u00e0 nel servizio fornito e qualit\u00e0 del prodotto finale.<\/p>\n<div style=\"height: 48px;\"><\/div>\n<h2>Progettazione personalizzata<\/h2>\n<p>Come per tutti i nostri settori di intervento, anche per il <strong>campo ferroviario<\/strong> forniamo un servizio di <strong><a href=\"https:\/\/www.errebi-group.com\/it\/progettazione-cablaggi\">progettazione personalizzata di cablaggi<\/a> ed <a href=\"https:\/\/www.errebi-group.com\/it\/assemblaggi-elettromeccanici\">assemblaggi<\/a><\/strong>, cercando di andare incontro alle esigenze del cliente ed adattare il pi\u00f9 possibile il nostro lavoro alla funzione richiesta.<\/p>\n<p>Per progettare e successivamente <a href=\"https:\/\/www.errebi-group.com\/it\/produzione-cablaggi-elettrici\">produrre un cablaggio<\/a> che si adatti al bisogno segnalato dal committente, i nostri tecnici effettuano un <strong>sopralluogo<\/strong> per capire nel dettaglio quale sia il macchinario da cablare, gli spazi in cui esso opera e l&#8217;eventuale bisogno di una struttura di supporto, per poi identificare lo specifico prodotto da installare.<\/p>\n<p>Questo iter accelera senza dubbio il processo di produzione, facendo s\u00ec che il cliente riceva un servizio perfettamente conforme alle sue richieste che riesca ad abbattere, di conseguenza, sia i tempi che i costi di realizzazione.<\/p>\n<div style=\"height: 48px;\"><\/div>\n<h2>Consulenza specifica<\/h2>\n<p>In un settore come quello <strong>ferroviario<\/strong> spesso pu\u00f2 essere complicato riuscire a capire autonomamente quale possa essere la tipologia di cablaggio ideale per il proprio macchinario o per la funzione di cui si ha bisogno, ancor di pi\u00f9 se il prodotto richiesto \u00e8 un assemblaggio particolarmente complesso.<\/p>\n<p>Per ovviare a questo tipo di problematica, le conoscenze dei nostri esperti sono quotidianamente a disposizione dei clienti per l&#8217;attivit\u00e0 di <strong>consulenza<\/strong> necessaria ad identificare il giusto prodotto per la specifica funzione e consigliare, eventualmente, la struttura pi\u00f9 adeguata per supportarne l&#8217;applicazione.<\/p>\n<p>L&#8217;obiettivo \u00e8, chiaramente, quello di <strong>inquadrare la situazione nel pi\u00f9 breve tempo possibile<\/strong> e trovare ad ogni dubbio la soluzione pi\u00f9 efficace, che possa garantire al cliente un servizio soddisfacente in grado di <strong>ottimizzare, al contempo, il rapporto qualit\u00e0-prezzo<\/strong>.<\/p>\n<div style=\"height: 48px;\"><\/div>\n<h2>Assistenza mirata<\/h2>\n<p>Il <strong>servizio di assistenza<\/strong> \u00e8 attivo per tutti i settori di intervento e dunque, di conseguenza, anche per quello <strong>ferroviario<\/strong>. I nostri tecnici forniscono <strong><a href=\"https:\/\/www.errebi-group.com\/it\/consulenza\">assistenza specifica su tutti i cablaggi<\/a> e gli assemblaggi installati<\/strong>, analizzando di volta in volta la problematica ed intervenendo in maniera mirata dopo aver individuato il malfunzionamento.<\/p>\n<p>Gli interventi possono riguardare l&#8217;<strong>assemblaggio nella sua completezza<\/strong> o anche il <strong>singolo cavo<\/strong>, che pu\u00f2 essere identificato e sostituito in tempo utile per permettere al macchinario di tornare operativo il prima possibile.<\/p>\n<p>Le competenze dei nostri esperti entrano nel merito di tutti i settori trattati dalla nostra azienda, permettendo loro di riuscire a comprendere il problema nel suo complesso, ma anche di cogliere i singoli dettagli specifici del campo in questione.<\/p>\n","protected":false},"excerpt":{"rendered":"<p>Il settore ferroviario \u00e8 sicuramente tra i campi che richiedono una maggiore versatilit\u00e0 e flessibilit\u00e0, con l&#8217;attivit\u00e0 di cablaggio che pu\u00f2 avvenire sia nelle stazioni di controllo che a bordo dei veicoli su rotaia. Il servizio fornito pu\u00f2 dunque svilupparsi su diversi livelli: dal semplice taglio dei cavi, fino alla realizzazione di interi impianti. Le [&hellip;]<\/p>\n","protected":false},"author":1,"featured_media":1202,"parent":0,"menu_order":0,"comment_status":"closed","ping_status":"closed","template":"","meta":{"footnotes":""},"class_list":["post-791","page","type-page","status-publish","has-post-thumbnail","hentry"],"yoast_head":"<!-- This site is optimized with the Yoast SEO plugin v27.4 - https:\/\/yoast.com\/product\/yoast-seo-wordpress\/ -->\n<title>Cablaggi per il settore ferroviario, cavi e componenti elettrici<\/title>\n<meta name=\"description\" content=\"Il settore ferroviario richiede una maggiore versatilit\u00e0 e flessibilit\u00e0, l&#039;attivit\u00e0 di cablaggio pu\u00f2 avvenire nelle stazioni di controllo e a bordo\" \/>\n<meta name=\"robots\" content=\"index, follow, max-snippet:-1, max-image-preview:large, max-video-preview:-1\" \/>\n<link rel=\"canonical\" href=\"https:\/\/www.errebi-group.com\/it\/ferroviario\" \/>\n<meta property=\"og:locale\" content=\"it_IT\" \/>\n<meta property=\"og:type\" content=\"article\" \/>\n<meta property=\"og:title\" content=\"Cablaggi per il settore ferroviario, cavi e componenti elettrici\" \/>\n<meta property=\"og:description\" content=\"Il settore ferroviario richiede una maggiore versatilit\u00e0 e flessibilit\u00e0, l&#039;attivit\u00e0 di cablaggio pu\u00f2 avvenire nelle stazioni di controllo e a bordo\" \/>\n<meta property=\"og:url\" content=\"https:\/\/www.errebi-group.com\/it\/ferroviario\" \/>\n<meta property=\"og:site_name\" content=\"ErreBi Group\" \/>\n<meta property=\"article:publisher\" content=\"https:\/\/www.facebook.com\/errebigroupsrl\" \/>\n<meta property=\"article:modified_time\" content=\"2025-07-01T15:54:04+00:00\" \/>\n<meta property=\"og:image\" content=\"https:\/\/www.errebi-group.com\/wp-content\/uploads\/2025\/04\/ferroviario-campo-di-impiego-errebi-group-hero-section.webp\" \/>\n\t<meta property=\"og:image:width\" content=\"1920\" \/>\n\t<meta property=\"og:image:height\" content=\"1080\" \/>\n\t<meta property=\"og:image:type\" content=\"image\/webp\" \/>\n<meta name=\"twitter:card\" content=\"summary_large_image\" \/>\n<meta name=\"twitter:label1\" content=\"Tempo di lettura stimato\" \/>\n\t<meta name=\"twitter:data1\" content=\"4 minuti\" \/>\n<script type=\"application\/ld+json\" class=\"yoast-schema-graph\">{\"@context\":\"https:\\\/\\\/schema.org\",\"@graph\":[{\"@type\":\"WebPage\",\"@id\":\"https:\\\/\\\/www.errebi-group.com\\\/it\\\/ferroviario\",\"url\":\"https:\\\/\\\/www.errebi-group.com\\\/it\\\/ferroviario\",\"name\":\"Cablaggi per il settore ferroviario, cavi e componenti elettrici\",\"isPartOf\":{\"@id\":\"https:\\\/\\\/www.errebi-group.com\\\/it\\\/#website\"},\"primaryImageOfPage\":{\"@id\":\"https:\\\/\\\/www.errebi-group.com\\\/it\\\/ferroviario#primaryimage\"},\"image\":{\"@id\":\"https:\\\/\\\/www.errebi-group.com\\\/it\\\/ferroviario#primaryimage\"},\"thumbnailUrl\":\"https:\\\/\\\/www.errebi-group.com\\\/wp-content\\\/uploads\\\/2025\\\/04\\\/ferroviario-campo-di-impiego-errebi-group-hero-section.webp\",\"datePublished\":\"2025-04-28T13:52:55+00:00\",\"dateModified\":\"2025-07-01T15:54:04+00:00\",\"description\":\"Il settore ferroviario richiede una maggiore versatilit\u00e0 e flessibilit\u00e0, l'attivit\u00e0 di cablaggio pu\u00f2 avvenire nelle stazioni di controllo e a bordo\",\"breadcrumb\":{\"@id\":\"https:\\\/\\\/www.errebi-group.com\\\/it\\\/ferroviario#breadcrumb\"},\"inLanguage\":\"it-IT\",\"potentialAction\":[{\"@type\":\"ReadAction\",\"target\":[\"https:\\\/\\\/www.errebi-group.com\\\/it\\\/ferroviario\"]}]},{\"@type\":\"ImageObject\",\"inLanguage\":\"it-IT\",\"@id\":\"https:\\\/\\\/www.errebi-group.com\\\/it\\\/ferroviario#primaryimage\",\"url\":\"https:\\\/\\\/www.errebi-group.com\\\/wp-content\\\/uploads\\\/2025\\\/04\\\/ferroviario-campo-di-impiego-errebi-group-hero-section.webp\",\"contentUrl\":\"https:\\\/\\\/www.errebi-group.com\\\/wp-content\\\/uploads\\\/2025\\\/04\\\/ferroviario-campo-di-impiego-errebi-group-hero-section.webp\",\"width\":1920,\"height\":1080,\"caption\":\"Treno ad alta velocit\u00e0 in stazione, simbolo di innovazione tecnologica nel settore ferroviario\"},{\"@type\":\"BreadcrumbList\",\"@id\":\"https:\\\/\\\/www.errebi-group.com\\\/it\\\/ferroviario#breadcrumb\",\"itemListElement\":[{\"@type\":\"ListItem\",\"position\":1,\"name\":\"Home\",\"item\":\"https:\\\/\\\/www.errebi-group.com\\\/it\"},{\"@type\":\"ListItem\",\"position\":2,\"name\":\"Cablaggi e componenti elettrici per il settore ferroviario\"}]},{\"@type\":\"WebSite\",\"@id\":\"https:\\\/\\\/www.errebi-group.com\\\/it\\\/#website\",\"url\":\"https:\\\/\\\/www.errebi-group.com\\\/it\\\/\",\"name\":\"Errebi Group - Azienda produttrice di Cablaggi e Quadri Elettrici\",\"description\":\"Azienda produttrice di Cablaggi e Quadri Elettrici\",\"publisher\":{\"@id\":\"https:\\\/\\\/www.errebi-group.com\\\/it\\\/#organization\"},\"potentialAction\":[{\"@type\":\"SearchAction\",\"target\":{\"@type\":\"EntryPoint\",\"urlTemplate\":\"https:\\\/\\\/www.errebi-group.com\\\/it\\\/?s={search_term_string}\"},\"query-input\":{\"@type\":\"PropertyValueSpecification\",\"valueRequired\":true,\"valueName\":\"search_term_string\"}}],\"inLanguage\":\"it-IT\"},{\"@type\":\"Organization\",\"@id\":\"https:\\\/\\\/www.errebi-group.com\\\/it\\\/#organization\",\"name\":\"Errebi Group\",\"url\":\"https:\\\/\\\/www.errebi-group.com\\\/it\\\/\",\"logo\":{\"@type\":\"ImageObject\",\"inLanguage\":\"it-IT\",\"@id\":\"https:\\\/\\\/www.errebi-group.com\\\/it\\\/#\\\/schema\\\/logo\\\/image\\\/\",\"url\":\"https:\\\/\\\/www.errebi-group.com\\\/wp-content\\\/uploads\\\/2025\\\/04\\\/logo-errebi-group-payoff-white-website.png\",\"contentUrl\":\"https:\\\/\\\/www.errebi-group.com\\\/wp-content\\\/uploads\\\/2025\\\/04\\\/logo-errebi-group-payoff-white-website.png\",\"width\":610,\"height\":100,\"caption\":\"Errebi Group\"},\"image\":{\"@id\":\"https:\\\/\\\/www.errebi-group.com\\\/it\\\/#\\\/schema\\\/logo\\\/image\\\/\"},\"sameAs\":[\"https:\\\/\\\/www.facebook.com\\\/errebigroupsrl\",\"https:\\\/\\\/www.instagram.com\\\/errebi.group?igsh=cGNzN3FpcDFqNm1i\",\"https:\\\/\\\/www.linkedin.com\\\/company\\\/errebigroup\\\/?originalSubdomain=it\",\"https:\\\/\\\/www.youtube.com\\\/@errebigroup\"]}]}<\/script>\n<!-- \/ Yoast SEO plugin. -->","yoast_head_json":{"title":"Cablaggi per il settore ferroviario, cavi e componenti elettrici","description":"Il settore ferroviario richiede una maggiore versatilit\u00e0 e flessibilit\u00e0, l'attivit\u00e0 di cablaggio pu\u00f2 avvenire nelle stazioni di controllo e a bordo","robots":{"index":"index","follow":"follow","max-snippet":"max-snippet:-1","max-image-preview":"max-image-preview:large","max-video-preview":"max-video-preview:-1"},"canonical":"https:\/\/www.errebi-group.com\/it\/ferroviario","og_locale":"it_IT","og_type":"article","og_title":"Cablaggi per il settore ferroviario, cavi e componenti elettrici","og_description":"Il settore ferroviario richiede una maggiore versatilit\u00e0 e flessibilit\u00e0, l'attivit\u00e0 di cablaggio pu\u00f2 avvenire nelle stazioni di controllo e a bordo","og_url":"https:\/\/www.errebi-group.com\/it\/ferroviario","og_site_name":"ErreBi Group","article_publisher":"https:\/\/www.facebook.com\/errebigroupsrl","article_modified_time":"2025-07-01T15:54:04+00:00","og_image":[{"width":1920,"height":1080,"url":"https:\/\/www.errebi-group.com\/wp-content\/uploads\/2025\/04\/ferroviario-campo-di-impiego-errebi-group-hero-section.webp","type":"image\/webp"}],"twitter_card":"summary_large_image","twitter_misc":{"Tempo di lettura stimato":"4 minuti"},"schema":{"@context":"https:\/\/schema.org","@graph":[{"@type":"WebPage","@id":"https:\/\/www.errebi-group.com\/it\/ferroviario","url":"https:\/\/www.errebi-group.com\/it\/ferroviario","name":"Cablaggi per il settore ferroviario, cavi e componenti elettrici","isPartOf":{"@id":"https:\/\/www.errebi-group.com\/it\/#website"},"primaryImageOfPage":{"@id":"https:\/\/www.errebi-group.com\/it\/ferroviario#primaryimage"},"image":{"@id":"https:\/\/www.errebi-group.com\/it\/ferroviario#primaryimage"},"thumbnailUrl":"https:\/\/www.errebi-group.com\/wp-content\/uploads\/2025\/04\/ferroviario-campo-di-impiego-errebi-group-hero-section.webp","datePublished":"2025-04-28T13:52:55+00:00","dateModified":"2025-07-01T15:54:04+00:00","description":"Il settore ferroviario richiede una maggiore versatilit\u00e0 e flessibilit\u00e0, l'attivit\u00e0 di cablaggio pu\u00f2 avvenire nelle stazioni di controllo e a bordo","breadcrumb":{"@id":"https:\/\/www.errebi-group.com\/it\/ferroviario#breadcrumb"},"inLanguage":"it-IT","potentialAction":[{"@type":"ReadAction","target":["https:\/\/www.errebi-group.com\/it\/ferroviario"]}]},{"@type":"ImageObject","inLanguage":"it-IT","@id":"https:\/\/www.errebi-group.com\/it\/ferroviario#primaryimage","url":"https:\/\/www.errebi-group.com\/wp-content\/uploads\/2025\/04\/ferroviario-campo-di-impiego-errebi-group-hero-section.webp","contentUrl":"https:\/\/www.errebi-group.com\/wp-content\/uploads\/2025\/04\/ferroviario-campo-di-impiego-errebi-group-hero-section.webp","width":1920,"height":1080,"caption":"Treno ad alta velocit\u00e0 in stazione, simbolo di innovazione tecnologica nel settore ferroviario"},{"@type":"BreadcrumbList","@id":"https:\/\/www.errebi-group.com\/it\/ferroviario#breadcrumb","itemListElement":[{"@type":"ListItem","position":1,"name":"Home","item":"https:\/\/www.errebi-group.com\/it"},{"@type":"ListItem","position":2,"name":"Cablaggi e componenti elettrici per il settore ferroviario"}]},{"@type":"WebSite","@id":"https:\/\/www.errebi-group.com\/it\/#website","url":"https:\/\/www.errebi-group.com\/it\/","name":"Errebi Group - Azienda produttrice di Cablaggi e Quadri Elettrici","description":"Azienda produttrice di Cablaggi e Quadri Elettrici","publisher":{"@id":"https:\/\/www.errebi-group.com\/it\/#organization"},"potentialAction":[{"@type":"SearchAction","target":{"@type":"EntryPoint","urlTemplate":"https:\/\/www.errebi-group.com\/it\/?s={search_term_string}"},"query-input":{"@type":"PropertyValueSpecification","valueRequired":true,"valueName":"search_term_string"}}],"inLanguage":"it-IT"},{"@type":"Organization","@id":"https:\/\/www.errebi-group.com\/it\/#organization","name":"Errebi Group","url":"https:\/\/www.errebi-group.com\/it\/","logo":{"@type":"ImageObject","inLanguage":"it-IT","@id":"https:\/\/www.errebi-group.com\/it\/#\/schema\/logo\/image\/","url":"https:\/\/www.errebi-group.com\/wp-content\/uploads\/2025\/04\/logo-errebi-group-payoff-white-website.png","contentUrl":"https:\/\/www.errebi-group.com\/wp-content\/uploads\/2025\/04\/logo-errebi-group-payoff-white-website.png","width":610,"height":100,"caption":"Errebi Group"},"image":{"@id":"https:\/\/www.errebi-group.com\/it\/#\/schema\/logo\/image\/"},"sameAs":["https:\/\/www.facebook.com\/errebigroupsrl","https:\/\/www.instagram.com\/errebi.group?igsh=cGNzN3FpcDFqNm1i","https:\/\/www.linkedin.com\/company\/errebigroup\/?originalSubdomain=it","https:\/\/www.youtube.com\/@errebigroup"]}]}},"_links":{"self":[{"href":"https:\/\/www.errebi-group.com\/it\/wp-json\/wp\/v2\/pages\/791","targetHints":{"allow":["GET"]}}],"collection":[{"href":"https:\/\/www.errebi-group.com\/it\/wp-json\/wp\/v2\/pages"}],"about":[{"href":"https:\/\/www.errebi-group.com\/it\/wp-json\/wp\/v2\/types\/page"}],"author":[{"embeddable":true,"href":"https:\/\/www.errebi-group.com\/it\/wp-json\/wp\/v2\/users\/1"}],"replies":[{"embeddable":true,"href":"https:\/\/www.errebi-group.com\/it\/wp-json\/wp\/v2\/comments?post=791"}],"version-history":[{"count":2,"href":"https:\/\/www.errebi-group.com\/it\/wp-json\/wp\/v2\/pages\/791\/revisions"}],"predecessor-version":[{"id":1215,"href":"https:\/\/www.errebi-group.com\/it\/wp-json\/wp\/v2\/pages\/791\/revisions\/1215"}],"wp:featuredmedia":[{"embeddable":true,"href":"https:\/\/www.errebi-group.com\/it\/wp-json\/wp\/v2\/media\/1202"}],"wp:attachment":[{"href":"https:\/\/www.errebi-group.com\/it\/wp-json\/wp\/v2\/media?parent=791"}],"curies":[{"name":"wp","href":"https:\/\/api.w.org\/{rel}","templated":true}]}}