{"id":793,"date":"2025-04-28T13:57:41","date_gmt":"2025-04-28T13:57:41","guid":{"rendered":"https:\/\/www.errebi-group.com\/?page_id=793"},"modified":"2025-07-01T15:54:52","modified_gmt":"2025-07-01T15:54:52","slug":"illuminazione","status":"publish","type":"page","link":"https:\/\/www.errebi-group.com\/it\/illuminazione","title":{"rendered":"Cablaggi e componenti elettrici per l&#8217;illuminazione"},"content":{"rendered":"<p>Il <strong>settore dell\u2019illuminazione<\/strong> comprende tutti quegli accessori e dispositivi in grado di generare luce i quali, generalmente, si servono di energia elettrica o solare, la cui produzione e richiesta \u00e8 radicalmente aumentata negli ultimi anni.<\/p>\n<p>Il settore dell\u2019illuminazione comprende un vastissimo numero di prodotti come <strong>lampade per l\u2019illuminazione indoor e outdoor<\/strong>, <strong>componenti specifiche per l\u2019illuminazione urbana<\/strong> o <strong>luci idonee ad illuminare l\u2019interno di strumenti d\u2019arredo<\/strong>: pensiamo ad esempio a led per vasche, piscina o per cabine armadio.<\/p>\n<p>In definitiva, siamo di fronte ad un settore piuttosto complesso, da cui consegue una vasta variet\u00e0 di cablaggi utilizzati.<\/p>\n<div style=\"height: 48px;\"><\/div>\n<h2>Caratteristiche per i componenti per l&#8217;illuminazione<\/h2>\n<p><strong>L\u2019illuminazione<\/strong> \u00e8 da sempre un fattore importantissimo, senza il quale la nostra vita sarebbe sicuramente pi\u00f9 complicata. La ritroviamo, infatti, praticamente ovunque: rende meno buie le strade e gli ambienti urbani e ci permette di avere luce in casa, in ufficio o sui mezzi pubblici.<\/p>\n<p>Inoltre, sempre pi\u00f9 spesso, l\u2019illuminazione diventa una vera e propria questione di design: sono sempre pi\u00f9 richiesti, infatti, <strong>lampade e faretti in grado di modulare le differenti gradazioni luminose<\/strong> e valorizzare spazi e volumi in cui sono inseriti. I cablaggi per l\u2019illuminazione si sono adattati a tutte queste necessit\u00e0 e attualmente ne esistono di diverse tipologie.<\/p>\n<p>Tra queste, oltre a ritrovare componenti come <strong>cavetti rigidi<\/strong>, <strong>cavi spina<\/strong>, <strong>cavi e spezzoni unipolari<\/strong> e <strong>cavi per illuminazione di fari o fendinebbia<\/strong>, abbiamo anche una produzione pi\u00f9 moderna e diversificata relativa a <strong>cablaggi per resistenze LED, alimentatori, adattatori e cavi per strisce luminose<\/strong>.<\/p>\n<div style=\"height: 48px;\"><\/div>\n<h2>Progettazione personalizzata<\/h2>\n<p>Come per tutti i nostri settori di intervento, anche per il campo dell\u2019<strong>illuminazione<\/strong> forniamo un servizio di <strong><a href=\"https:\/\/www.errebi-group.com\/it\/progettazione-cablaggi\">progettazione personalizzata di cablaggi<\/a> ed <a href=\"https:\/\/www.errebi-group.com\/it\/assemblaggi-elettromeccanici\">assemblaggi<\/a><\/strong>, cercando di andare incontro alle esigenze del cliente ed adattare il pi\u00f9 possibile il nostro lavoro alla funzione richiesta.<\/p>\n<p>Per progettare e successivamente realizzare un cablaggio che si adatti al bisogno segnalato del committente, i nostri tecnici effettuano un <strong>sopralluogo<\/strong> per capire nel dettaglio quale sia il macchinario da cablare, gli spazi in cui esso opera e l&#8217;eventuale bisogno di una struttura di supporto, per poi identificare lo specifico prodotto da installare.<\/p>\n<p>Questo iter accelera senza dubbio il processo di produzione, facendo s\u00ec che il cliente riceva un servizio perfettamente conforme alle sue richieste che riesca ad <strong>abbattere, di conseguenza, sia i tempi che i costi di realizzazione<\/strong>.<\/p>\n<div style=\"height: 48px;\"><\/div>\n<h2>Consulenza specifica<\/h2>\n<p>In un settore come quello dell\u2019<strong>illuminazione<\/strong> spesso pu\u00f2 essere complicato riuscire a capire autonomamente quale possa essere la tipologia di cablaggio ideale per il proprio macchinario o per la funzione di cui si ha bisogno, ancor di pi\u00f9 se il prodotto richiesto \u00e8 un <strong>assemblaggio particolarmente complesso<\/strong>.<\/p>\n<p>Per ovviare a questo tipo di problematica, le conoscenze dei nostri esperti sono quotidianamente a disposizione dei clienti per l&#8217;attivit\u00e0 di <strong>consulenza<\/strong> necessaria ad identificare il giusto prodotto per la specifica funzione e consigliare, eventualmente, la struttura pi\u00f9 adeguata per supportarne l&#8217;applicazione.<\/p>\n<p>L&#8217;obiettivo \u00e8, chiaramente, quello di inquadrare la situazione nel pi\u00f9 breve tempo possibile e trovare ad ogni dubbio la soluzione pi\u00f9 efficace, che possa garantire al cliente un servizio soddisfacente in grado di <strong>ottimizzare, al contempo, il rapporto qualit\u00e0-prezzo<\/strong>.<\/p>\n<div style=\"height: 48px;\"><\/div>\n<h2>Assistenza mirata<\/h2>\n<p>Il servizio di <strong>assistenza<\/strong> \u00e8 attivo per tutti i settori di intervento e dunque, di conseguenza, anche per quello dell\u2019<strong>illuminazione<\/strong>. I nostri tecnici forniscono<a href=\"https:\/\/www.errebi-group.com\/it\/consulenza\">assistenza specifica su tutti i cablaggi<\/a> e gli assemblaggi installati, analizzando di volta in volta la problematica ed intervenendo in maniera mirata dopo aver individuato il malfunzionamento.<\/p>\n<p>Gli interventi possono riguardare l&#8217;<strong>assemblaggio nella sua completezza<\/strong> o anche il <strong>singolo cavo<\/strong>, che pu\u00f2 essere identificato e sostituito in tempo utile per permettere al macchinario di tornare operativo il prima possibile.<\/p>\n<p>Le competenze dei nostri esperti entrano nel merito di tutti i settori trattati dalla nostra azienda, permettendo loro di riuscire a comprendere il problema nel suo complesso, ma anche di cogliere i singoli dettagli specifici del campo in questione.<\/p>\n","protected":false},"excerpt":{"rendered":"<p>Il settore dell\u2019illuminazione comprende tutti quegli accessori e dispositivi in grado di generare luce i quali, generalmente, si servono di energia elettrica o solare, la cui produzione e richiesta \u00e8 radicalmente aumentata negli ultimi anni. Il settore dell\u2019illuminazione comprende un vastissimo numero di prodotti come lampade per l\u2019illuminazione indoor e outdoor, componenti specifiche per l\u2019illuminazione [&hellip;]<\/p>\n","protected":false},"author":1,"featured_media":1203,"parent":0,"menu_order":0,"comment_status":"closed","ping_status":"closed","template":"","meta":{"footnotes":""},"class_list":["post-793","page","type-page","status-publish","has-post-thumbnail","hentry"],"yoast_head":"<!-- This site is optimized with the Yoast SEO plugin v27.4 - https:\/\/yoast.com\/product\/yoast-seo-wordpress\/ -->\n<title>Cablaggi per l&#039;illuminazione, cavi e componenti elettrici<\/title>\n<meta name=\"description\" content=\"Il settore dell\u2019illuminazione comprende tutti quegli accessori e dispositivi in grado di generare luce i quali, generalmente, si servono di energia elettrica o solare\" \/>\n<meta name=\"robots\" content=\"index, follow, max-snippet:-1, max-image-preview:large, max-video-preview:-1\" \/>\n<link rel=\"canonical\" href=\"https:\/\/www.errebi-group.com\/it\/illuminazione\" \/>\n<meta property=\"og:locale\" content=\"it_IT\" \/>\n<meta property=\"og:type\" content=\"article\" \/>\n<meta property=\"og:title\" content=\"Cablaggi per l&#039;illuminazione, cavi e componenti elettrici\" \/>\n<meta property=\"og:description\" content=\"Il settore dell\u2019illuminazione comprende tutti quegli accessori e dispositivi in grado di generare luce i quali, generalmente, si servono di energia elettrica o solare\" \/>\n<meta property=\"og:url\" content=\"https:\/\/www.errebi-group.com\/it\/illuminazione\" \/>\n<meta property=\"og:site_name\" content=\"ErreBi Group\" \/>\n<meta property=\"article:publisher\" content=\"https:\/\/www.facebook.com\/errebigroupsrl\" \/>\n<meta property=\"article:modified_time\" content=\"2025-07-01T15:54:52+00:00\" \/>\n<meta property=\"og:image\" content=\"https:\/\/www.errebi-group.com\/wp-content\/uploads\/2025\/04\/illuminazione-campo-di-impiego-errebi-group-hero-section.webp\" \/>\n\t<meta property=\"og:image:width\" content=\"1920\" \/>\n\t<meta property=\"og:image:height\" content=\"1080\" \/>\n\t<meta property=\"og:image:type\" content=\"image\/webp\" \/>\n<meta name=\"twitter:card\" content=\"summary_large_image\" \/>\n<meta name=\"twitter:label1\" content=\"Tempo di lettura stimato\" \/>\n\t<meta name=\"twitter:data1\" content=\"4 minuti\" \/>\n<script type=\"application\/ld+json\" class=\"yoast-schema-graph\">{\"@context\":\"https:\\\/\\\/schema.org\",\"@graph\":[{\"@type\":\"WebPage\",\"@id\":\"https:\\\/\\\/www.errebi-group.com\\\/it\\\/illuminazione\",\"url\":\"https:\\\/\\\/www.errebi-group.com\\\/it\\\/illuminazione\",\"name\":\"Cablaggi per l'illuminazione, cavi e componenti elettrici\",\"isPartOf\":{\"@id\":\"https:\\\/\\\/www.errebi-group.com\\\/it\\\/#website\"},\"primaryImageOfPage\":{\"@id\":\"https:\\\/\\\/www.errebi-group.com\\\/it\\\/illuminazione#primaryimage\"},\"image\":{\"@id\":\"https:\\\/\\\/www.errebi-group.com\\\/it\\\/illuminazione#primaryimage\"},\"thumbnailUrl\":\"https:\\\/\\\/www.errebi-group.com\\\/wp-content\\\/uploads\\\/2025\\\/04\\\/illuminazione-campo-di-impiego-errebi-group-hero-section.webp\",\"datePublished\":\"2025-04-28T13:57:41+00:00\",\"dateModified\":\"2025-07-01T15:54:52+00:00\",\"description\":\"Il settore dell\u2019illuminazione comprende tutti quegli accessori e dispositivi in grado di generare luce i quali, generalmente, si servono di energia elettrica o solare\",\"breadcrumb\":{\"@id\":\"https:\\\/\\\/www.errebi-group.com\\\/it\\\/illuminazione#breadcrumb\"},\"inLanguage\":\"it-IT\",\"potentialAction\":[{\"@type\":\"ReadAction\",\"target\":[\"https:\\\/\\\/www.errebi-group.com\\\/it\\\/illuminazione\"]}]},{\"@type\":\"ImageObject\",\"inLanguage\":\"it-IT\",\"@id\":\"https:\\\/\\\/www.errebi-group.com\\\/it\\\/illuminazione#primaryimage\",\"url\":\"https:\\\/\\\/www.errebi-group.com\\\/wp-content\\\/uploads\\\/2025\\\/04\\\/illuminazione-campo-di-impiego-errebi-group-hero-section.webp\",\"contentUrl\":\"https:\\\/\\\/www.errebi-group.com\\\/wp-content\\\/uploads\\\/2025\\\/04\\\/illuminazione-campo-di-impiego-errebi-group-hero-section.webp\",\"width\":1920,\"height\":1080,\"caption\":\"Fari LED professionali blu accesi su impianto di illuminazione scenica ad alta efficienza\"},{\"@type\":\"BreadcrumbList\",\"@id\":\"https:\\\/\\\/www.errebi-group.com\\\/it\\\/illuminazione#breadcrumb\",\"itemListElement\":[{\"@type\":\"ListItem\",\"position\":1,\"name\":\"Home\",\"item\":\"https:\\\/\\\/www.errebi-group.com\\\/it\"},{\"@type\":\"ListItem\",\"position\":2,\"name\":\"Cablaggi e componenti elettrici per l&#8217;illuminazione\"}]},{\"@type\":\"WebSite\",\"@id\":\"https:\\\/\\\/www.errebi-group.com\\\/it\\\/#website\",\"url\":\"https:\\\/\\\/www.errebi-group.com\\\/it\\\/\",\"name\":\"Errebi Group - Azienda produttrice di Cablaggi e Quadri Elettrici\",\"description\":\"Azienda produttrice di Cablaggi e Quadri Elettrici\",\"publisher\":{\"@id\":\"https:\\\/\\\/www.errebi-group.com\\\/it\\\/#organization\"},\"potentialAction\":[{\"@type\":\"SearchAction\",\"target\":{\"@type\":\"EntryPoint\",\"urlTemplate\":\"https:\\\/\\\/www.errebi-group.com\\\/it\\\/?s={search_term_string}\"},\"query-input\":{\"@type\":\"PropertyValueSpecification\",\"valueRequired\":true,\"valueName\":\"search_term_string\"}}],\"inLanguage\":\"it-IT\"},{\"@type\":\"Organization\",\"@id\":\"https:\\\/\\\/www.errebi-group.com\\\/it\\\/#organization\",\"name\":\"Errebi Group\",\"url\":\"https:\\\/\\\/www.errebi-group.com\\\/it\\\/\",\"logo\":{\"@type\":\"ImageObject\",\"inLanguage\":\"it-IT\",\"@id\":\"https:\\\/\\\/www.errebi-group.com\\\/it\\\/#\\\/schema\\\/logo\\\/image\\\/\",\"url\":\"https:\\\/\\\/www.errebi-group.com\\\/wp-content\\\/uploads\\\/2025\\\/04\\\/logo-errebi-group-payoff-white-website.png\",\"contentUrl\":\"https:\\\/\\\/www.errebi-group.com\\\/wp-content\\\/uploads\\\/2025\\\/04\\\/logo-errebi-group-payoff-white-website.png\",\"width\":610,\"height\":100,\"caption\":\"Errebi Group\"},\"image\":{\"@id\":\"https:\\\/\\\/www.errebi-group.com\\\/it\\\/#\\\/schema\\\/logo\\\/image\\\/\"},\"sameAs\":[\"https:\\\/\\\/www.facebook.com\\\/errebigroupsrl\",\"https:\\\/\\\/www.instagram.com\\\/errebi.group?igsh=cGNzN3FpcDFqNm1i\",\"https:\\\/\\\/www.linkedin.com\\\/company\\\/errebigroup\\\/?originalSubdomain=it\",\"https:\\\/\\\/www.youtube.com\\\/@errebigroup\"]}]}<\/script>\n<!-- \/ Yoast SEO plugin. -->","yoast_head_json":{"title":"Cablaggi per l'illuminazione, cavi e componenti elettrici","description":"Il settore dell\u2019illuminazione comprende tutti quegli accessori e dispositivi in grado di generare luce i quali, generalmente, si servono di energia elettrica o solare","robots":{"index":"index","follow":"follow","max-snippet":"max-snippet:-1","max-image-preview":"max-image-preview:large","max-video-preview":"max-video-preview:-1"},"canonical":"https:\/\/www.errebi-group.com\/it\/illuminazione","og_locale":"it_IT","og_type":"article","og_title":"Cablaggi per l'illuminazione, cavi e componenti elettrici","og_description":"Il settore dell\u2019illuminazione comprende tutti quegli accessori e dispositivi in grado di generare luce i quali, generalmente, si servono di energia elettrica o solare","og_url":"https:\/\/www.errebi-group.com\/it\/illuminazione","og_site_name":"ErreBi Group","article_publisher":"https:\/\/www.facebook.com\/errebigroupsrl","article_modified_time":"2025-07-01T15:54:52+00:00","og_image":[{"width":1920,"height":1080,"url":"https:\/\/www.errebi-group.com\/wp-content\/uploads\/2025\/04\/illuminazione-campo-di-impiego-errebi-group-hero-section.webp","type":"image\/webp"}],"twitter_card":"summary_large_image","twitter_misc":{"Tempo di lettura stimato":"4 minuti"},"schema":{"@context":"https:\/\/schema.org","@graph":[{"@type":"WebPage","@id":"https:\/\/www.errebi-group.com\/it\/illuminazione","url":"https:\/\/www.errebi-group.com\/it\/illuminazione","name":"Cablaggi per l'illuminazione, cavi e componenti elettrici","isPartOf":{"@id":"https:\/\/www.errebi-group.com\/it\/#website"},"primaryImageOfPage":{"@id":"https:\/\/www.errebi-group.com\/it\/illuminazione#primaryimage"},"image":{"@id":"https:\/\/www.errebi-group.com\/it\/illuminazione#primaryimage"},"thumbnailUrl":"https:\/\/www.errebi-group.com\/wp-content\/uploads\/2025\/04\/illuminazione-campo-di-impiego-errebi-group-hero-section.webp","datePublished":"2025-04-28T13:57:41+00:00","dateModified":"2025-07-01T15:54:52+00:00","description":"Il settore dell\u2019illuminazione comprende tutti quegli accessori e dispositivi in grado di generare luce i quali, generalmente, si servono di energia elettrica o solare","breadcrumb":{"@id":"https:\/\/www.errebi-group.com\/it\/illuminazione#breadcrumb"},"inLanguage":"it-IT","potentialAction":[{"@type":"ReadAction","target":["https:\/\/www.errebi-group.com\/it\/illuminazione"]}]},{"@type":"ImageObject","inLanguage":"it-IT","@id":"https:\/\/www.errebi-group.com\/it\/illuminazione#primaryimage","url":"https:\/\/www.errebi-group.com\/wp-content\/uploads\/2025\/04\/illuminazione-campo-di-impiego-errebi-group-hero-section.webp","contentUrl":"https:\/\/www.errebi-group.com\/wp-content\/uploads\/2025\/04\/illuminazione-campo-di-impiego-errebi-group-hero-section.webp","width":1920,"height":1080,"caption":"Fari LED professionali blu accesi su impianto di illuminazione scenica ad alta efficienza"},{"@type":"BreadcrumbList","@id":"https:\/\/www.errebi-group.com\/it\/illuminazione#breadcrumb","itemListElement":[{"@type":"ListItem","position":1,"name":"Home","item":"https:\/\/www.errebi-group.com\/it"},{"@type":"ListItem","position":2,"name":"Cablaggi e componenti elettrici per l&#8217;illuminazione"}]},{"@type":"WebSite","@id":"https:\/\/www.errebi-group.com\/it\/#website","url":"https:\/\/www.errebi-group.com\/it\/","name":"Errebi Group - Azienda produttrice di Cablaggi e Quadri Elettrici","description":"Azienda produttrice di Cablaggi e Quadri Elettrici","publisher":{"@id":"https:\/\/www.errebi-group.com\/it\/#organization"},"potentialAction":[{"@type":"SearchAction","target":{"@type":"EntryPoint","urlTemplate":"https:\/\/www.errebi-group.com\/it\/?s={search_term_string}"},"query-input":{"@type":"PropertyValueSpecification","valueRequired":true,"valueName":"search_term_string"}}],"inLanguage":"it-IT"},{"@type":"Organization","@id":"https:\/\/www.errebi-group.com\/it\/#organization","name":"Errebi Group","url":"https:\/\/www.errebi-group.com\/it\/","logo":{"@type":"ImageObject","inLanguage":"it-IT","@id":"https:\/\/www.errebi-group.com\/it\/#\/schema\/logo\/image\/","url":"https:\/\/www.errebi-group.com\/wp-content\/uploads\/2025\/04\/logo-errebi-group-payoff-white-website.png","contentUrl":"https:\/\/www.errebi-group.com\/wp-content\/uploads\/2025\/04\/logo-errebi-group-payoff-white-website.png","width":610,"height":100,"caption":"Errebi Group"},"image":{"@id":"https:\/\/www.errebi-group.com\/it\/#\/schema\/logo\/image\/"},"sameAs":["https:\/\/www.facebook.com\/errebigroupsrl","https:\/\/www.instagram.com\/errebi.group?igsh=cGNzN3FpcDFqNm1i","https:\/\/www.linkedin.com\/company\/errebigroup\/?originalSubdomain=it","https:\/\/www.youtube.com\/@errebigroup"]}]}},"_links":{"self":[{"href":"https:\/\/www.errebi-group.com\/it\/wp-json\/wp\/v2\/pages\/793","targetHints":{"allow":["GET"]}}],"collection":[{"href":"https:\/\/www.errebi-group.com\/it\/wp-json\/wp\/v2\/pages"}],"about":[{"href":"https:\/\/www.errebi-group.com\/it\/wp-json\/wp\/v2\/types\/page"}],"author":[{"embeddable":true,"href":"https:\/\/www.errebi-group.com\/it\/wp-json\/wp\/v2\/users\/1"}],"replies":[{"embeddable":true,"href":"https:\/\/www.errebi-group.com\/it\/wp-json\/wp\/v2\/comments?post=793"}],"version-history":[{"count":2,"href":"https:\/\/www.errebi-group.com\/it\/wp-json\/wp\/v2\/pages\/793\/revisions"}],"predecessor-version":[{"id":1221,"href":"https:\/\/www.errebi-group.com\/it\/wp-json\/wp\/v2\/pages\/793\/revisions\/1221"}],"wp:featuredmedia":[{"embeddable":true,"href":"https:\/\/www.errebi-group.com\/it\/wp-json\/wp\/v2\/media\/1203"}],"wp:attachment":[{"href":"https:\/\/www.errebi-group.com\/it\/wp-json\/wp\/v2\/media?parent=793"}],"curies":[{"name":"wp","href":"https:\/\/api.w.org\/{rel}","templated":true}]}}