{"id":795,"date":"2025-04-28T14:04:54","date_gmt":"2025-04-28T14:04:54","guid":{"rendered":"https:\/\/www.errebi-group.com\/?page_id=795"},"modified":"2025-07-01T15:55:46","modified_gmt":"2025-07-01T15:55:46","slug":"automotive","status":"publish","type":"page","link":"https:\/\/www.errebi-group.com\/it\/automotive","title":{"rendered":"Cablaggi e componenti elettrici per l&#8217;automotive"},"content":{"rendered":"<p>Nel settore <strong>automotive<\/strong> lo scopo principale per quanto riguarda i cablaggi \u00e8 quello di <strong>minimizzare il costo dei componenti<\/strong> mantenendo al contempo <strong>un\u2019elevata affidabilit\u00e0 del prodotto<\/strong>, sviluppando assemblaggi in tempi rapidi e assicurando che le loro performance siano perfettamente allineate a quelle del veicolo.<\/p>\n<p>Per raggiungere questi obiettivi sono necessarie <strong>ampie competenze<\/strong> nello sviluppo, nella progettazione e nell\u2019installazione dei componenti specifici per il settore, competenze che contraddistinguono il nostro personale dedicato. Non basta infatti gestire le problematiche relative al cablaggio: \u00e8 indispensabile <strong>mantenere una visione d\u2019insieme<\/strong>, comprendendo nel dettaglio l\u2019intero panorama del settore automotive e trovando soluzioni mirate ed efficaci per ogni singola esigenza che possa emergere.<\/p>\n<div style=\"height: 48px;\"><\/div>\n<h2>Caratteristiche del settore automotive<\/h2>\n<p>I componenti utilizzati per i cablaggi nel settore <strong>automotive<\/strong> devono necessariamente rispettare la normativa <strong>ISO 6722<\/strong> e devono essere <strong>resistenti alle vibrazioni, agli slittamenti, agli agenti atmosferici<\/strong> e, dove richiesto, possedere un grado di protezione <strong>IP68<\/strong>.<\/p>\n<p>Per questo motivo, la <strong>selezione accurata dei materiali<\/strong> \u00e8 fondamentale per raggiungere gli obiettivi prefissati, garantendo al tempo stesso ottime performance, resistenza e facilit\u00e0 di installazione.<\/p>\n<p>Un esempio pu\u00f2 essere rappresentato dalla qualit\u00e0 delle <strong>guaina termorestringente<\/strong> utilizzata, capace di offrire protezione contro umidit\u00e0 e corrosione, resistendo al contempo ad olii e fluidi. Lo stesso vale per <strong>calze trecciate<\/strong> e <strong>tubi corrugati<\/strong>, ideali per proteggere le parti pi\u00f9 delicate grazie alla loro elasticit\u00e0 e resistenza, offrendo cos\u00ec una protezione eccellente contro le abrasioni.<\/p>\n<div style=\"height: 48px;\"><\/div>\n<h2>Progettazione personalizzata<\/h2>\n<p>Come per tutti i nostri settori di intervento, anche per il campo <strong>automotive<\/strong> forniamo un servizio di <strong><a href=\"https:\/\/www.errebi-group.com\/it\/progettazione-cablaggi\">progettazione personalizzata di cablaggi<\/a> ed <a href=\"https:\/\/www.errebi-group.com\/it\/assemblaggi-elettromeccanici\">assemblaggi<\/a><\/strong>, cercando di andare incontro alle esigenze del cliente ed adattare il nostro lavoro alla funzione richiesta.<\/p>\n<p>Per progettare e successivamente <a href=\"https:\/\/www.errebi-group.com\/it\/produzione-cablaggi-elettrici\">produrre un cablaggio<\/a> che si adatti al bisogno segnalato dal committente, i nostri tecnici effettuano un <strong>sopralluogo<\/strong> per analizzare nel dettaglio il macchinario da cablare, gli spazi in cui esso opera e l&#8217;eventuale necessit\u00e0 di una <strong>struttura di supporto<\/strong>, per poi identificare lo specifico prodotto da installare.<\/a><\/p>\n<p>Questo iter accelera sensibilmente il processo di produzione, permettendo di offrire al cliente un servizio perfettamente conforme alle sue esigenze, abbattendo, di conseguenza, sia i <strong>tempi<\/strong> che i <strong>costi<\/strong> di realizzazione.<\/p>\n<div style=\"height: 48px;\"><\/div>\n<h2>Consulenza specifica<\/h2>\n<p>In un settore come quello <strong>automotive<\/strong> spesso pu\u00f2 risultare complicato individuare autonomamente la tipologia di cablaggio ideale per il proprio macchinario o per la funzione di cui si ha bisogno, soprattutto se il prodotto richiesto \u00e8 un <strong>assemblaggio particolarmente complesso<\/strong>.<\/p>\n<p>Per ovviare a questo tipo di problematica, le competenze dei nostri esperti sono quotidianamente a disposizione dei clienti per svolgere un\u2019attivit\u00e0 di <strong>consulenza<\/strong> mirata all&#8217;identificazione del giusto prodotto per la specifica funzione, consigliando, se necessario, anche la <strong>struttura pi\u00f9 adeguata<\/strong> per supportarne l&#8217;applicazione.<\/p>\n<p>Il nostro obiettivo \u00e8 quello di <strong>inquadrare rapidamente la situazione<\/strong> e proporre soluzioni efficaci, garantendo un servizio che ottimizzi al massimo sia il <strong>rapporto qualit\u00e0-prezzo<\/strong> sia i <strong>tempi di realizzazione<\/strong>.<\/p>\n<div style=\"height: 48px;\"><\/div>\n<h2>Assistenza mirata<\/h2>\n<p>Il <strong>servizio di assistenza<\/strong> \u00e8 attivo per tutti i settori di intervento e dunque, di conseguenza, anche per quello <strong>automotive<\/strong>. I nostri tecnici forniscono <strong><a href=\"https:\/\/www.errebi-group.com\/it\/consulenza\">assistenza specifica su tutti i cablaggi<\/a><\/strong> e gli assemblaggi installati, analizzando di volta in volta la problematica ed intervenendo in maniera mirata dopo aver individuato il malfunzionamento. Gli interventi possono riguardare <strong>l&#8217;assemblaggio nella sua completezza<\/strong> o anche il <strong>singolo cavo<\/strong>, che pu\u00f2 essere identificato e sostituito in tempo utile per permettere al macchinario di tornare operativo il prima possibile. Le competenze dei nostri esperti entrano nel merito di tutti i settori trattati dalla nostra azienda, permettendo loro di riuscire a comprendere il problema nel suo complesso, ma anche di cogliere i singoli dettagli specifici del campo in questione.<\/p>\n","protected":false},"excerpt":{"rendered":"<p>Nel settore automotive lo scopo principale per quanto riguarda i cablaggi \u00e8 quello di minimizzare il costo dei componenti mantenendo al contempo un\u2019elevata affidabilit\u00e0 del prodotto, sviluppando assemblaggi in tempi rapidi e assicurando che le loro performance siano perfettamente allineate a quelle del veicolo. Per raggiungere questi obiettivi sono necessarie ampie competenze nello sviluppo, nella [&hellip;]<\/p>\n","protected":false},"author":1,"featured_media":1198,"parent":0,"menu_order":0,"comment_status":"closed","ping_status":"closed","template":"","meta":{"footnotes":""},"class_list":["post-795","page","type-page","status-publish","has-post-thumbnail","hentry"],"yoast_head":"<!-- This site is optimized with the Yoast SEO plugin v27.4 - https:\/\/yoast.com\/product\/yoast-seo-wordpress\/ -->\n<title>Cablaggi per l&#039;automotive, cavi e componenti elettrici<\/title>\n<meta name=\"description\" content=\"Nel settore automotive lo scopo principale per quanto riguarda i cablaggi \u00e8 quello di minimizzare il costo dei componenti e mantenere alta l&#039;affidabilit\u00e0\" \/>\n<meta name=\"robots\" content=\"index, follow, max-snippet:-1, max-image-preview:large, max-video-preview:-1\" \/>\n<link rel=\"canonical\" href=\"https:\/\/www.errebi-group.com\/it\/automotive\" \/>\n<meta property=\"og:locale\" content=\"it_IT\" \/>\n<meta property=\"og:type\" content=\"article\" \/>\n<meta property=\"og:title\" content=\"Cablaggi per l&#039;automotive, cavi e componenti elettrici\" \/>\n<meta property=\"og:description\" content=\"Nel settore automotive lo scopo principale per quanto riguarda i cablaggi \u00e8 quello di minimizzare il costo dei componenti e mantenere alta l&#039;affidabilit\u00e0\" \/>\n<meta property=\"og:url\" content=\"https:\/\/www.errebi-group.com\/it\/automotive\" \/>\n<meta property=\"og:site_name\" content=\"ErreBi Group\" \/>\n<meta property=\"article:publisher\" content=\"https:\/\/www.facebook.com\/errebigroupsrl\" \/>\n<meta property=\"article:modified_time\" content=\"2025-07-01T15:55:46+00:00\" \/>\n<meta property=\"og:image\" content=\"https:\/\/www.errebi-group.com\/wp-content\/uploads\/2025\/04\/automotive-campo-di-impiego-errebi-group-hero-section.webp\" \/>\n\t<meta property=\"og:image:width\" content=\"1920\" \/>\n\t<meta property=\"og:image:height\" content=\"1080\" \/>\n\t<meta property=\"og:image:type\" content=\"image\/webp\" \/>\n<meta name=\"twitter:card\" content=\"summary_large_image\" \/>\n<meta name=\"twitter:label1\" content=\"Tempo di lettura stimato\" \/>\n\t<meta name=\"twitter:data1\" content=\"4 minuti\" \/>\n<script type=\"application\/ld+json\" class=\"yoast-schema-graph\">{\"@context\":\"https:\\\/\\\/schema.org\",\"@graph\":[{\"@type\":\"WebPage\",\"@id\":\"https:\\\/\\\/www.errebi-group.com\\\/it\\\/automotive\",\"url\":\"https:\\\/\\\/www.errebi-group.com\\\/it\\\/automotive\",\"name\":\"Cablaggi per l'automotive, cavi e componenti elettrici\",\"isPartOf\":{\"@id\":\"https:\\\/\\\/www.errebi-group.com\\\/it\\\/#website\"},\"primaryImageOfPage\":{\"@id\":\"https:\\\/\\\/www.errebi-group.com\\\/it\\\/automotive#primaryimage\"},\"image\":{\"@id\":\"https:\\\/\\\/www.errebi-group.com\\\/it\\\/automotive#primaryimage\"},\"thumbnailUrl\":\"https:\\\/\\\/www.errebi-group.com\\\/wp-content\\\/uploads\\\/2025\\\/04\\\/automotive-campo-di-impiego-errebi-group-hero-section.webp\",\"datePublished\":\"2025-04-28T14:04:54+00:00\",\"dateModified\":\"2025-07-01T15:55:46+00:00\",\"description\":\"Nel settore automotive lo scopo principale per quanto riguarda i cablaggi \u00e8 quello di minimizzare il costo dei componenti e mantenere alta l'affidabilit\u00e0\",\"breadcrumb\":{\"@id\":\"https:\\\/\\\/www.errebi-group.com\\\/it\\\/automotive#breadcrumb\"},\"inLanguage\":\"it-IT\",\"potentialAction\":[{\"@type\":\"ReadAction\",\"target\":[\"https:\\\/\\\/www.errebi-group.com\\\/it\\\/automotive\"]}]},{\"@type\":\"ImageObject\",\"inLanguage\":\"it-IT\",\"@id\":\"https:\\\/\\\/www.errebi-group.com\\\/it\\\/automotive#primaryimage\",\"url\":\"https:\\\/\\\/www.errebi-group.com\\\/wp-content\\\/uploads\\\/2025\\\/04\\\/automotive-campo-di-impiego-errebi-group-hero-section.webp\",\"contentUrl\":\"https:\\\/\\\/www.errebi-group.com\\\/wp-content\\\/uploads\\\/2025\\\/04\\\/automotive-campo-di-impiego-errebi-group-hero-section.webp\",\"width\":1920,\"height\":1080,\"caption\":\"Tecnico al lavoro su impianto elettrico automotive all\u2019interno del vano motore di un veicolo\"},{\"@type\":\"BreadcrumbList\",\"@id\":\"https:\\\/\\\/www.errebi-group.com\\\/it\\\/automotive#breadcrumb\",\"itemListElement\":[{\"@type\":\"ListItem\",\"position\":1,\"name\":\"Home\",\"item\":\"https:\\\/\\\/www.errebi-group.com\\\/it\"},{\"@type\":\"ListItem\",\"position\":2,\"name\":\"Cablaggi e componenti elettrici per l&#8217;automotive\"}]},{\"@type\":\"WebSite\",\"@id\":\"https:\\\/\\\/www.errebi-group.com\\\/it\\\/#website\",\"url\":\"https:\\\/\\\/www.errebi-group.com\\\/it\\\/\",\"name\":\"Errebi Group - Azienda produttrice di Cablaggi e Quadri Elettrici\",\"description\":\"Azienda produttrice di Cablaggi e Quadri Elettrici\",\"publisher\":{\"@id\":\"https:\\\/\\\/www.errebi-group.com\\\/it\\\/#organization\"},\"potentialAction\":[{\"@type\":\"SearchAction\",\"target\":{\"@type\":\"EntryPoint\",\"urlTemplate\":\"https:\\\/\\\/www.errebi-group.com\\\/it\\\/?s={search_term_string}\"},\"query-input\":{\"@type\":\"PropertyValueSpecification\",\"valueRequired\":true,\"valueName\":\"search_term_string\"}}],\"inLanguage\":\"it-IT\"},{\"@type\":\"Organization\",\"@id\":\"https:\\\/\\\/www.errebi-group.com\\\/it\\\/#organization\",\"name\":\"Errebi Group\",\"url\":\"https:\\\/\\\/www.errebi-group.com\\\/it\\\/\",\"logo\":{\"@type\":\"ImageObject\",\"inLanguage\":\"it-IT\",\"@id\":\"https:\\\/\\\/www.errebi-group.com\\\/it\\\/#\\\/schema\\\/logo\\\/image\\\/\",\"url\":\"https:\\\/\\\/www.errebi-group.com\\\/wp-content\\\/uploads\\\/2025\\\/04\\\/logo-errebi-group-payoff-white-website.png\",\"contentUrl\":\"https:\\\/\\\/www.errebi-group.com\\\/wp-content\\\/uploads\\\/2025\\\/04\\\/logo-errebi-group-payoff-white-website.png\",\"width\":610,\"height\":100,\"caption\":\"Errebi Group\"},\"image\":{\"@id\":\"https:\\\/\\\/www.errebi-group.com\\\/it\\\/#\\\/schema\\\/logo\\\/image\\\/\"},\"sameAs\":[\"https:\\\/\\\/www.facebook.com\\\/errebigroupsrl\",\"https:\\\/\\\/www.instagram.com\\\/errebi.group?igsh=cGNzN3FpcDFqNm1i\",\"https:\\\/\\\/www.linkedin.com\\\/company\\\/errebigroup\\\/?originalSubdomain=it\",\"https:\\\/\\\/www.youtube.com\\\/@errebigroup\"]}]}<\/script>\n<!-- \/ Yoast SEO plugin. -->","yoast_head_json":{"title":"Cablaggi per l'automotive, cavi e componenti elettrici","description":"Nel settore automotive lo scopo principale per quanto riguarda i cablaggi \u00e8 quello di minimizzare il costo dei componenti e mantenere alta l'affidabilit\u00e0","robots":{"index":"index","follow":"follow","max-snippet":"max-snippet:-1","max-image-preview":"max-image-preview:large","max-video-preview":"max-video-preview:-1"},"canonical":"https:\/\/www.errebi-group.com\/it\/automotive","og_locale":"it_IT","og_type":"article","og_title":"Cablaggi per l'automotive, cavi e componenti elettrici","og_description":"Nel settore automotive lo scopo principale per quanto riguarda i cablaggi \u00e8 quello di minimizzare il costo dei componenti e mantenere alta l'affidabilit\u00e0","og_url":"https:\/\/www.errebi-group.com\/it\/automotive","og_site_name":"ErreBi Group","article_publisher":"https:\/\/www.facebook.com\/errebigroupsrl","article_modified_time":"2025-07-01T15:55:46+00:00","og_image":[{"width":1920,"height":1080,"url":"https:\/\/www.errebi-group.com\/wp-content\/uploads\/2025\/04\/automotive-campo-di-impiego-errebi-group-hero-section.webp","type":"image\/webp"}],"twitter_card":"summary_large_image","twitter_misc":{"Tempo di lettura stimato":"4 minuti"},"schema":{"@context":"https:\/\/schema.org","@graph":[{"@type":"WebPage","@id":"https:\/\/www.errebi-group.com\/it\/automotive","url":"https:\/\/www.errebi-group.com\/it\/automotive","name":"Cablaggi per l'automotive, cavi e componenti elettrici","isPartOf":{"@id":"https:\/\/www.errebi-group.com\/it\/#website"},"primaryImageOfPage":{"@id":"https:\/\/www.errebi-group.com\/it\/automotive#primaryimage"},"image":{"@id":"https:\/\/www.errebi-group.com\/it\/automotive#primaryimage"},"thumbnailUrl":"https:\/\/www.errebi-group.com\/wp-content\/uploads\/2025\/04\/automotive-campo-di-impiego-errebi-group-hero-section.webp","datePublished":"2025-04-28T14:04:54+00:00","dateModified":"2025-07-01T15:55:46+00:00","description":"Nel settore automotive lo scopo principale per quanto riguarda i cablaggi \u00e8 quello di minimizzare il costo dei componenti e mantenere alta l'affidabilit\u00e0","breadcrumb":{"@id":"https:\/\/www.errebi-group.com\/it\/automotive#breadcrumb"},"inLanguage":"it-IT","potentialAction":[{"@type":"ReadAction","target":["https:\/\/www.errebi-group.com\/it\/automotive"]}]},{"@type":"ImageObject","inLanguage":"it-IT","@id":"https:\/\/www.errebi-group.com\/it\/automotive#primaryimage","url":"https:\/\/www.errebi-group.com\/wp-content\/uploads\/2025\/04\/automotive-campo-di-impiego-errebi-group-hero-section.webp","contentUrl":"https:\/\/www.errebi-group.com\/wp-content\/uploads\/2025\/04\/automotive-campo-di-impiego-errebi-group-hero-section.webp","width":1920,"height":1080,"caption":"Tecnico al lavoro su impianto elettrico automotive all\u2019interno del vano motore di un veicolo"},{"@type":"BreadcrumbList","@id":"https:\/\/www.errebi-group.com\/it\/automotive#breadcrumb","itemListElement":[{"@type":"ListItem","position":1,"name":"Home","item":"https:\/\/www.errebi-group.com\/it"},{"@type":"ListItem","position":2,"name":"Cablaggi e componenti elettrici per l&#8217;automotive"}]},{"@type":"WebSite","@id":"https:\/\/www.errebi-group.com\/it\/#website","url":"https:\/\/www.errebi-group.com\/it\/","name":"Errebi Group - Azienda produttrice di Cablaggi e Quadri Elettrici","description":"Azienda produttrice di Cablaggi e Quadri Elettrici","publisher":{"@id":"https:\/\/www.errebi-group.com\/it\/#organization"},"potentialAction":[{"@type":"SearchAction","target":{"@type":"EntryPoint","urlTemplate":"https:\/\/www.errebi-group.com\/it\/?s={search_term_string}"},"query-input":{"@type":"PropertyValueSpecification","valueRequired":true,"valueName":"search_term_string"}}],"inLanguage":"it-IT"},{"@type":"Organization","@id":"https:\/\/www.errebi-group.com\/it\/#organization","name":"Errebi Group","url":"https:\/\/www.errebi-group.com\/it\/","logo":{"@type":"ImageObject","inLanguage":"it-IT","@id":"https:\/\/www.errebi-group.com\/it\/#\/schema\/logo\/image\/","url":"https:\/\/www.errebi-group.com\/wp-content\/uploads\/2025\/04\/logo-errebi-group-payoff-white-website.png","contentUrl":"https:\/\/www.errebi-group.com\/wp-content\/uploads\/2025\/04\/logo-errebi-group-payoff-white-website.png","width":610,"height":100,"caption":"Errebi Group"},"image":{"@id":"https:\/\/www.errebi-group.com\/it\/#\/schema\/logo\/image\/"},"sameAs":["https:\/\/www.facebook.com\/errebigroupsrl","https:\/\/www.instagram.com\/errebi.group?igsh=cGNzN3FpcDFqNm1i","https:\/\/www.linkedin.com\/company\/errebigroup\/?originalSubdomain=it","https:\/\/www.youtube.com\/@errebigroup"]}]}},"_links":{"self":[{"href":"https:\/\/www.errebi-group.com\/it\/wp-json\/wp\/v2\/pages\/795","targetHints":{"allow":["GET"]}}],"collection":[{"href":"https:\/\/www.errebi-group.com\/it\/wp-json\/wp\/v2\/pages"}],"about":[{"href":"https:\/\/www.errebi-group.com\/it\/wp-json\/wp\/v2\/types\/page"}],"author":[{"embeddable":true,"href":"https:\/\/www.errebi-group.com\/it\/wp-json\/wp\/v2\/users\/1"}],"replies":[{"embeddable":true,"href":"https:\/\/www.errebi-group.com\/it\/wp-json\/wp\/v2\/comments?post=795"}],"version-history":[{"count":3,"href":"https:\/\/www.errebi-group.com\/it\/wp-json\/wp\/v2\/pages\/795\/revisions"}],"predecessor-version":[{"id":1288,"href":"https:\/\/www.errebi-group.com\/it\/wp-json\/wp\/v2\/pages\/795\/revisions\/1288"}],"wp:featuredmedia":[{"embeddable":true,"href":"https:\/\/www.errebi-group.com\/it\/wp-json\/wp\/v2\/media\/1198"}],"wp:attachment":[{"href":"https:\/\/www.errebi-group.com\/it\/wp-json\/wp\/v2\/media?parent=795"}],"curies":[{"name":"wp","href":"https:\/\/api.w.org\/{rel}","templated":true}]}}